{"id":36913,"date":"2023-01-22T21:06:34","date_gmt":"2023-01-22T19:06:34","guid":{"rendered":"https:\/\/geliurasa.lt\/?post_type=product&#038;p=36913"},"modified":"2026-03-29T23:29:20","modified_gmt":"2026-03-29T20:29:20","slug":"didiskas-caeruleus-lace-melyni-neriniai-mix","status":"publish","type":"product","link":"https:\/\/geliurasa.lt\/index.php\/produktas\/didiskas-caeruleus-lace-melyni-neriniai-mix\/","title":{"rendered":"Didiskas Caeruleus Lace (m\u0117lyni n\u0117riniai)"},"content":{"rendered":"<p>Spalvoti, pastelini\u0173 atspalvi\u0173, sk\u0117tukai \u017eavingi\u00a0 g\u0117lynuose. Puo\u0161n\u016bs puok\u0161t\u0117se, svarbiausia, labai ilgai laikosi vazoje. Nereikl\u016bs auginimui. S\u0117klas s\u0117ti dirvos pavir\u0161iuje, prie 20\u00b0C. Sudygsta po 10-20 dien\u0173. Per sezon\u0105 galima s\u0117ti kelis kartus.<\/p>\n","protected":false},"excerpt":{"rendered":"<div><span style=\"vertical-align: inherit;\"><span style=\"vertical-align: inherit;\">Didiscus caeruleus<\/span><\/span><\/div>\n<div><strong>Gamintojas:\u00a0<\/strong>Olandija<\/div>\n<div><strong>Grup\u0117: <\/strong>vienmet\u0117<\/div>\n<div><strong>Kiekis pakelyje:<\/strong> 0,3g \u2248 90 s\u0117kl\u0173<\/div>\n<div><strong>Auk\u0161tis cm: <\/strong>60<\/div>\n<div><strong>S\u0117ti m\u0117n.:<\/strong> III-IV, lauke V<\/div>\n<div><strong>Vieta:<\/strong> saul\u0117ta, pusiau pav\u0117sis<\/div>\n<div><strong>Dirva: <\/strong>derlinga<\/div>\n","protected":false},"featured_media":36914,"comment_status":"open","ping_status":"closed","template":"","meta":{"jetpack_publicize_message":"","jetpack_publicize_feature_enabled":true,"jetpack_social_post_already_shared":true,"jetpack_social_options":{"image_generator_settings":{"template":"highway","default_image_id":0,"font":"","enabled":false},"version":2}},"product_brand":[],"product_cat":[99,128,42],"product_tag":[141,52,51],"class_list":{"0":"post-36913","1":"product","2":"type-product","3":"status-publish","4":"has-post-thumbnail","6":"product_cat-naujos-prekes","7":"product_cat-vienmeciu-geliu-seklos","8":"product_cat-seklos","9":"product_tag-didiskas","10":"product_tag-seeds","11":"product_tag-seklos","12":"product_shipping_class-seklos","14":"first","15":"instock","16":"shipping-taxable","17":"purchasable","18":"product-type-variable"},"jetpack_publicize_connections":[],"jetpack_sharing_enabled":true,"_links":{"self":[{"href":"https:\/\/geliurasa.lt\/index.php\/wp-json\/wp\/v2\/product\/36913","targetHints":{"allow":["GET"]}}],"collection":[{"href":"https:\/\/geliurasa.lt\/index.php\/wp-json\/wp\/v2\/product"}],"about":[{"href":"https:\/\/geliurasa.lt\/index.php\/wp-json\/wp\/v2\/types\/product"}],"replies":[{"embeddable":true,"href":"https:\/\/geliurasa.lt\/index.php\/wp-json\/wp\/v2\/comments?post=36913"}],"wp:featuredmedia":[{"embeddable":true,"href":"https:\/\/geliurasa.lt\/index.php\/wp-json\/wp\/v2\/media\/36914"}],"wp:attachment":[{"href":"https:\/\/geliurasa.lt\/index.php\/wp-json\/wp\/v2\/media?parent=36913"}],"wp:term":[{"taxonomy":"product_brand","embeddable":true,"href":"https:\/\/geliurasa.lt\/index.php\/wp-json\/wp\/v2\/product_brand?post=36913"},{"taxonomy":"product_cat","embeddable":true,"href":"https:\/\/geliurasa.lt\/index.php\/wp-json\/wp\/v2\/product_cat?post=36913"},{"taxonomy":"product_tag","embeddable":true,"href":"https:\/\/geliurasa.lt\/index.php\/wp-json\/wp\/v2\/product_tag?post=36913"}],"curies":[{"name":"wp","href":"https:\/\/api.w.org\/{rel}","templated":true}]}}