{"id":36966,"date":"2023-01-24T11:51:47","date_gmt":"2023-01-24T09:51:47","guid":{"rendered":"https:\/\/geliurasa.lt\/?post_type=product&#038;p=36966"},"modified":"2026-04-18T08:55:13","modified_gmt":"2026-04-18T05:55:13","slug":"tikroji-saulegraza-zohar-f1","status":"publish","type":"product","link":"https:\/\/geliurasa.lt\/index.php\/produktas\/tikroji-saulegraza-zohar-f1\/","title":{"rendered":"Tikroji saul\u0117gr\u0105\u017ea Zohar F1"},"content":{"rendered":"<p>\u017davi, dvigub\u0173 \u017eiedlapi\u0173, sodrios apelsino spalvos, saul\u0117gr\u0105\u017e\u0173 veisl\u0117.\u00a0 <span class=\"jCAhz ChMk0b\"><span class=\"ryNqvb\">Vieno stiebo\u00a0 be \u017eiedadulki\u0173, labai tinkama skintoms g\u0117l\u0117ms. \u017diedo skersmuo 10-12 cm. \u017diedai i\u0161siskleid\u017eia ma\u017edaug po 50\u201355 dien\u0173 nuo s\u0117jos. <\/span><\/span>S\u0117klas galima s\u0117ti kas savait\u0119, ar dvi ( dirvai su\u0161ilus) iki vidurvasario.<\/p>\n<p>Saul\u0117gr\u0105\u017e\u0173 s\u0117klas reikia saugoti ne tik nuo \u0161al\u010dio, bet ir nuo peli\u0173 bei pauk\u0161\u010di\u0173, nes jie\u00a0 jas m\u0117gsta.<\/p>\n<p>&nbsp;<\/p>\n<p>&nbsp;<\/p>\n","protected":false},"excerpt":{"rendered":"<div>Helianthus annuus<\/div>\n<div><strong>Gamintojas:\u00a0<\/strong>Olandija<\/div>\n<div><strong>Grup\u0117<\/strong>: vienmet\u0117<\/div>\n<div><strong>Kiekis pakelyje:<\/strong> 20 s\u0117kl\u0173 \u2248 1g<\/div>\n<div><strong>Auk\u0161tis cm: <\/strong><span class=\"jCAhz ChMk0b\"><span class=\"ryNqvb\">120-130<\/span><\/span><\/div>\n<div><strong>S\u0117ti m\u0117n.:<\/strong> V\u2013VI, lauke<\/div>\n<div><strong>Vieta:<\/strong> saul\u0117ta<\/div>\n<div><strong>Dirva: <\/strong>derlinga, neu\u017emirkusi<\/div>\n<div><\/div>\n","protected":false},"featured_media":36969,"comment_status":"open","ping_status":"closed","template":"","meta":{"jetpack_publicize_message":"","jetpack_publicize_feature_enabled":true,"jetpack_social_post_already_shared":true,"jetpack_social_options":{"image_generator_settings":{"template":"highway","default_image_id":0,"font":"","enabled":false},"version":2}},"product_brand":[],"product_cat":[100,42],"product_tag":[96,95,52,51],"class_list":{"0":"post-36966","1":"product","2":"type-product","3":"status-publish","4":"has-post-thumbnail","6":"product_cat-saulegrazos","7":"product_cat-seklos","8":"product_tag-helianthus","9":"product_tag-saulegraza","10":"product_tag-seeds","11":"product_tag-seklos","12":"product_shipping_class-seklos","14":"first","15":"instock","16":"shipping-taxable","17":"purchasable","18":"product-type-simple"},"jetpack_publicize_connections":[],"jetpack_sharing_enabled":true,"_links":{"self":[{"href":"https:\/\/geliurasa.lt\/index.php\/wp-json\/wp\/v2\/product\/36966","targetHints":{"allow":["GET"]}}],"collection":[{"href":"https:\/\/geliurasa.lt\/index.php\/wp-json\/wp\/v2\/product"}],"about":[{"href":"https:\/\/geliurasa.lt\/index.php\/wp-json\/wp\/v2\/types\/product"}],"replies":[{"embeddable":true,"href":"https:\/\/geliurasa.lt\/index.php\/wp-json\/wp\/v2\/comments?post=36966"}],"wp:featuredmedia":[{"embeddable":true,"href":"https:\/\/geliurasa.lt\/index.php\/wp-json\/wp\/v2\/media\/36969"}],"wp:attachment":[{"href":"https:\/\/geliurasa.lt\/index.php\/wp-json\/wp\/v2\/media?parent=36966"}],"wp:term":[{"taxonomy":"product_brand","embeddable":true,"href":"https:\/\/geliurasa.lt\/index.php\/wp-json\/wp\/v2\/product_brand?post=36966"},{"taxonomy":"product_cat","embeddable":true,"href":"https:\/\/geliurasa.lt\/index.php\/wp-json\/wp\/v2\/product_cat?post=36966"},{"taxonomy":"product_tag","embeddable":true,"href":"https:\/\/geliurasa.lt\/index.php\/wp-json\/wp\/v2\/product_tag?post=36966"}],"curies":[{"name":"wp","href":"https:\/\/api.w.org\/{rel}","templated":true}]}}