{"id":370,"date":"2019-03-18T16:00:47","date_gmt":"2019-03-18T14:00:47","guid":{"rendered":"https:\/\/geliurasa.lt\/?post_type=product&#038;p=370"},"modified":"2026-04-12T09:22:10","modified_gmt":"2026-04-12T06:22:10","slug":"kaprize","status":"publish","type":"product","link":"https:\/\/geliurasa.lt\/index.php\/produktas\/kaprize\/","title":{"rendered":"Vienadien\u0117 Kaprize"},"content":{"rendered":"","protected":false},"excerpt":{"rendered":"<ul>\n<li>70 cm\u00a0 \u2022\u00a0 15 cm\u00a0 \u2022\u00a0 Dor\u00a0 \u2022<\/li>\n<\/ul>\n<p>Spalva \u2013 \u0161velniai ro\u017ein\u0117 su violetiniu atspalviu. Geltonos \u017eiotys pereina \u012f vy\u0161nin\u0119 spalv\u0105, kuri suteikia\u00a0 \u017eiedui ypating\u0105 gro\u017e\u012f. Puikios \u017eiedo formos, gausiai \u017eydinti veisl\u0117.<\/p>\n<p>Ilgaam\u017eis ir nereiklus augimo s\u0105lygoms bei prie\u017ei\u016brai augalas.<\/p>\n","protected":false},"featured_media":374,"comment_status":"open","ping_status":"closed","template":"","meta":{"jetpack_publicize_message":"","jetpack_publicize_feature_enabled":true,"jetpack_social_post_already_shared":true,"jetpack_social_options":{"image_generator_settings":{"template":"highway","default_image_id":0,"font":"","enabled":false},"version":2}},"product_brand":[],"product_cat":[34,23],"product_tag":[],"class_list":{"0":"post-370","1":"product","2":"type-product","3":"status-publish","4":"has-post-thumbnail","6":"product_cat-vidutinio-ugio-vienadienes","7":"product_cat-vienadienes-hemerocallis","8":"product_shipping_class-kita","10":"first","11":"instock","12":"shipping-taxable","13":"purchasable","14":"product-type-simple"},"jetpack_publicize_connections":[],"jetpack_sharing_enabled":true,"_links":{"self":[{"href":"https:\/\/geliurasa.lt\/index.php\/wp-json\/wp\/v2\/product\/370","targetHints":{"allow":["GET"]}}],"collection":[{"href":"https:\/\/geliurasa.lt\/index.php\/wp-json\/wp\/v2\/product"}],"about":[{"href":"https:\/\/geliurasa.lt\/index.php\/wp-json\/wp\/v2\/types\/product"}],"replies":[{"embeddable":true,"href":"https:\/\/geliurasa.lt\/index.php\/wp-json\/wp\/v2\/comments?post=370"}],"wp:featuredmedia":[{"embeddable":true,"href":"https:\/\/geliurasa.lt\/index.php\/wp-json\/wp\/v2\/media\/374"}],"wp:attachment":[{"href":"https:\/\/geliurasa.lt\/index.php\/wp-json\/wp\/v2\/media?parent=370"}],"wp:term":[{"taxonomy":"product_brand","embeddable":true,"href":"https:\/\/geliurasa.lt\/index.php\/wp-json\/wp\/v2\/product_brand?post=370"},{"taxonomy":"product_cat","embeddable":true,"href":"https:\/\/geliurasa.lt\/index.php\/wp-json\/wp\/v2\/product_cat?post=370"},{"taxonomy":"product_tag","embeddable":true,"href":"https:\/\/geliurasa.lt\/index.php\/wp-json\/wp\/v2\/product_tag?post=370"}],"curies":[{"name":"wp","href":"https:\/\/api.w.org\/{rel}","templated":true}]}}