{"id":37105,"date":"2023-02-24T09:53:37","date_gmt":"2023-02-24T07:53:37","guid":{"rendered":"https:\/\/geliurasa.lt\/?post_type=product&#038;p=37105"},"modified":"2026-04-23T11:31:42","modified_gmt":"2026-04-23T08:31:42","slug":"paprastasis-sinavadas-nora-barlow-2","status":"publish","type":"product","link":"https:\/\/geliurasa.lt\/index.php\/produktas\/paprastasis-sinavadas-nora-barlow-2\/","title":{"rendered":"Paprastasis sinavadas Nora Barlow"},"content":{"rendered":"<p>Originalus dvispalvis, ro\u017einio atspalvio sinavadas. Puo\u0161n\u016bs \u017eiedeliai tinka skynimui ir stilingai \u012fsikomponuoja \u012fvairaus tipo g\u0117lynuose. Nereikl\u016bs, lengvai auginami augalai.<\/p>\n<p>D\u0117l geresnio dygimo, s\u0117klas patariama stratifikuoti. S\u0117klas par\u0105 mirkyti drungname vandenyje, tada nusausinti, dr\u0117gnas sud\u0117ti \u012f stygin\u012f mai\u0161\u0117l\u012f ir laikyti \u0161aldytuve apie 1- 2 savaites. Lengvesnis b\u016bdas, s\u0117kl\u0173 pakel\u012f palaikyti \u0161aldiklyje pora savai\u010di\u0173 ir s\u0117ti tiesiai \u012f lauk\u0105.<\/p>\n<p>&nbsp;<\/p>\n<p>&nbsp;<\/p>\n<p>&nbsp;<\/p>\n","protected":false},"excerpt":{"rendered":"<p>Aquilegia vulgaris<\/p>\n<p><strong>Gamintojas:<\/strong>\u00a0Olandija<\/p>\n<p><strong>Grup\u0117:<\/strong>\u00a0Daugiamet\u0117<\/p>\n<p><strong>Kiekis pakelyje:<\/strong> 30 s\u0117kl\u0173<\/p>\n<p><strong>Auk\u0161tis cm:<\/strong> <span data-language-for-alternatives=\"lt\" data-language-to-translate-into=\"en\" data-phrase-index=\"88\" data-number-of-phrases=\"105\"><span class=\"jlqj4b\">60-70 cm<\/span><\/span><\/p>\n<p><strong>S\u0117ti:<\/strong> II -III m\u0117n., arba IV-VII tiesiai \u012f dirv\u0105.<\/p>\n<p><strong>\u017dydi:<\/strong> VI-VII m\u0117n.<\/p>\n<p><b>Klimato zon<\/b>a\u00a0: 2- 9<\/p>\n","protected":false},"featured_media":37107,"comment_status":"open","ping_status":"closed","template":"","meta":{"jetpack_publicize_message":"","jetpack_publicize_feature_enabled":true,"jetpack_social_post_already_shared":true,"jetpack_social_options":{"image_generator_settings":{"template":"highway","default_image_id":0,"font":"","enabled":false},"version":2}},"product_brand":[],"product_cat":[126,99,42,69],"product_tag":[70,52,51],"class_list":{"0":"post-37105","1":"product","2":"type-product","3":"status-publish","4":"has-post-thumbnail","6":"product_cat-daugiameciu-geliu-seklos","7":"product_cat-naujos-prekes","8":"product_cat-seklos","9":"product_cat-sinavadas","10":"product_tag-aquilegia","11":"product_tag-seeds","12":"product_tag-seklos","13":"product_shipping_class-seklos","15":"first","16":"instock","17":"shipping-taxable","18":"purchasable","19":"product-type-simple"},"jetpack_publicize_connections":[],"jetpack_sharing_enabled":true,"_links":{"self":[{"href":"https:\/\/geliurasa.lt\/index.php\/wp-json\/wp\/v2\/product\/37105","targetHints":{"allow":["GET"]}}],"collection":[{"href":"https:\/\/geliurasa.lt\/index.php\/wp-json\/wp\/v2\/product"}],"about":[{"href":"https:\/\/geliurasa.lt\/index.php\/wp-json\/wp\/v2\/types\/product"}],"replies":[{"embeddable":true,"href":"https:\/\/geliurasa.lt\/index.php\/wp-json\/wp\/v2\/comments?post=37105"}],"wp:featuredmedia":[{"embeddable":true,"href":"https:\/\/geliurasa.lt\/index.php\/wp-json\/wp\/v2\/media\/37107"}],"wp:attachment":[{"href":"https:\/\/geliurasa.lt\/index.php\/wp-json\/wp\/v2\/media?parent=37105"}],"wp:term":[{"taxonomy":"product_brand","embeddable":true,"href":"https:\/\/geliurasa.lt\/index.php\/wp-json\/wp\/v2\/product_brand?post=37105"},{"taxonomy":"product_cat","embeddable":true,"href":"https:\/\/geliurasa.lt\/index.php\/wp-json\/wp\/v2\/product_cat?post=37105"},{"taxonomy":"product_tag","embeddable":true,"href":"https:\/\/geliurasa.lt\/index.php\/wp-json\/wp\/v2\/product_tag?post=37105"}],"curies":[{"name":"wp","href":"https:\/\/api.w.org\/{rel}","templated":true}]}}