{"id":37109,"date":"2023-02-24T12:13:32","date_gmt":"2023-02-24T10:13:32","guid":{"rendered":"https:\/\/geliurasa.lt\/?post_type=product&#038;p=37109"},"modified":"2026-04-02T10:15:27","modified_gmt":"2026-04-02T07:15:27","slug":"astilbe-rhapsody-f1-mix","status":"publish","type":"product","link":"https:\/\/geliurasa.lt\/index.php\/produktas\/astilbe-rhapsody-f1-mix\/","title":{"rendered":"Astilb\u0117 Rhapsody F1 Mix"},"content":{"rendered":"<p>Tai 2023 met\u0173 veis\u0117j\u0173 naujiena. Astilb\u0117s <span class=\"jCAhz ChMk0b\"><span class=\"ryNqvb\">yra pav\u0117s\u012f m\u0117gstantis, unikalios i\u0161vaizdos daugiametis augalas. \u017dydi nuo bir\u017eelio iki rugpj\u016b\u010dio puo\u0161niomis\u00a0 \u0161luotel\u0117mis, kurios puikiai tinka tiek gyv\u0173, tiek ir d\u017eiovint\u0173 g\u0117li\u0173 puok\u0161\u010di\u0173 kompozicijoms.<\/span><\/span><\/p>\n<p>S<span class=\"jCAhz ChMk0b\"><span class=\"ryNqvb\">\u0117klos dygsta 14-21 dien\u0105, prie 20 \u00b0C . S\u0117jamos pavir\u0161iuje, vos \u012fspaud\u017eiamos.<\/span><\/span><\/p>\n<h3 class=\"h6\"><\/h3>\n<p>&nbsp;<\/p>\n<p>&nbsp;<\/p>\n","protected":false},"excerpt":{"rendered":"<div>Astilbe arendsii<\/div>\n<div><strong>Gamintojas:\u00a0<\/strong>Olandija<\/div>\n<div><strong>Grup\u0117:<\/strong> daugiamet\u0117<\/div>\n<div><strong>Kiekis pakelyje:<\/strong> 8 s\u0117klos<\/div>\n<div><strong>Auk\u0161tis cm: <\/strong>75-85<\/div>\n<div><strong>S\u0117ti m\u0117n.:<\/strong> II- III<\/div>\n<div><strong>Vieta: <\/strong>pav\u0117sis, pusiau pav\u0117sis<\/div>\n<div><strong>Dirva:<\/strong> vidutinio derlingumo, laidi,<span class=\"jCAhz ChMk0b\"><span class=\"ryNqvb\">\u00a0pH 5,5\u20136,8<\/span><\/span><\/div>\n<div><strong>\u017diemos atsparumo Zona:<\/strong> 4a &#8211; 9b<\/div>\n<div><strong>Spalva:<\/strong> mi\u0161inys-intensyvios karmin\u0117s, ro\u017ein\u0117s, kremini\u0173\u00a0 atspalvi\u0173<\/div>\n","protected":false},"featured_media":37113,"comment_status":"open","ping_status":"closed","template":"","meta":{"jetpack_publicize_message":"","jetpack_publicize_feature_enabled":true,"jetpack_social_post_already_shared":true,"jetpack_social_options":{"image_generator_settings":{"template":"highway","default_image_id":0,"font":"","enabled":false},"version":2}},"product_brand":[],"product_cat":[323,126,99,42],"product_tag":[155,52,51],"class_list":{"0":"post-37109","1":"product","2":"type-product","3":"status-publish","4":"has-post-thumbnail","6":"product_cat-astilbes","7":"product_cat-daugiameciu-geliu-seklos","8":"product_cat-naujos-prekes","9":"product_cat-seklos","10":"product_tag-astilbe","11":"product_tag-seeds","12":"product_tag-seklos","13":"product_shipping_class-seklos","15":"first","16":"instock","17":"shipping-taxable","18":"purchasable","19":"product-type-simple"},"jetpack_publicize_connections":[],"jetpack_sharing_enabled":true,"_links":{"self":[{"href":"https:\/\/geliurasa.lt\/index.php\/wp-json\/wp\/v2\/product\/37109","targetHints":{"allow":["GET"]}}],"collection":[{"href":"https:\/\/geliurasa.lt\/index.php\/wp-json\/wp\/v2\/product"}],"about":[{"href":"https:\/\/geliurasa.lt\/index.php\/wp-json\/wp\/v2\/types\/product"}],"replies":[{"embeddable":true,"href":"https:\/\/geliurasa.lt\/index.php\/wp-json\/wp\/v2\/comments?post=37109"}],"wp:featuredmedia":[{"embeddable":true,"href":"https:\/\/geliurasa.lt\/index.php\/wp-json\/wp\/v2\/media\/37113"}],"wp:attachment":[{"href":"https:\/\/geliurasa.lt\/index.php\/wp-json\/wp\/v2\/media?parent=37109"}],"wp:term":[{"taxonomy":"product_brand","embeddable":true,"href":"https:\/\/geliurasa.lt\/index.php\/wp-json\/wp\/v2\/product_brand?post=37109"},{"taxonomy":"product_cat","embeddable":true,"href":"https:\/\/geliurasa.lt\/index.php\/wp-json\/wp\/v2\/product_cat?post=37109"},{"taxonomy":"product_tag","embeddable":true,"href":"https:\/\/geliurasa.lt\/index.php\/wp-json\/wp\/v2\/product_tag?post=37109"}],"curies":[{"name":"wp","href":"https:\/\/api.w.org\/{rel}","templated":true}]}}