{"id":37161,"date":"2023-02-13T10:25:27","date_gmt":"2023-02-13T08:25:27","guid":{"rendered":"https:\/\/geliurasa.lt\/?post_type=product&#038;p=37161"},"modified":"2026-03-24T19:57:31","modified_gmt":"2026-03-24T17:57:31","slug":"ispanine-juodgrude-african-bride","status":"publish","type":"product","link":"https:\/\/geliurasa.lt\/index.php\/produktas\/ispanine-juodgrude-african-bride\/","title":{"rendered":"Ispanin\u0117 juodgr\u016bd\u0117 African Bride"},"content":{"rendered":"<p><span class=\"jCAhz ChMk0b\"><span class=\"ryNqvb\">African Bride &#8211;\u00a0 baltos, su\u00a0 kakavos spalvos kar\u016bnomis, auk\u0161ta\u016bg\u0117s\u00a0 ispanin\u0117s juodgr\u016bd\u0117s.\u00a0 Augalas tvirtas, \u017eiedai dideli. Puiki skint\u0173 g\u0117li\u0173 veisl\u0117, kuri naudojama tiek \u0161vie\u017eia, tiek d\u017eiovinta \u012fvairiais brendimo tarpsniais nuo \u017eied\u0173 iki \u012fdomi\u0173j\u0173 s\u0117klini\u0173 d\u0117\u017eu\u010di\u0173. Vertinama kaip gra\u017eus, n\u0117riniuotas dekoratyvinis augalas sode. Puo\u0161ni puok\u0161t\u0117se bei d\u017eiovint\u0173 g\u0117li\u0173 kompozicijose. \u017dydi vis\u0105 vasar\u0105, auginimui nereiklios. S\u0117jama lauke, 1cm gylyje. Dygsta 7-14 tamsoje, prie 15\u00b0C. Dygimui reikalinga dr\u0117gm\u0117, reikia steb\u0117ti, kad neperd\u017ei\u016bt\u0173 pavir\u0161ius (ypa\u010d kai dabar tokie sausi pavasariai).Paprastas b\u016bdas\u00a0 dr\u0117gmei palaikyti -agropl\u0117vel\u0117.<\/span><\/span><\/p>\n<p>&nbsp;<\/p>\n","protected":false},"excerpt":{"rendered":"<div>\n<div>Nigella papillosa<\/div>\n<div><strong>Gamintojas:\u00a0<\/strong>Olandija<\/div>\n<div><strong>Grup\u0117: <\/strong>vienmet\u0117<\/div>\n<div><strong>Kiekis pakelyje:<\/strong> 0,3g \u2248 240 s\u0117kl\u0173<\/div>\n<div><strong>Auk\u0161tis cm:<\/strong> 90<\/div>\n<div><strong>S\u0117ti m\u0117n.:<\/strong> III, lauke IV- V<\/div>\n<div><strong>Vieta:<\/strong> saul\u0117ta<\/div>\n<div><strong>Dirva: <\/strong>neutrali<\/div>\n<\/div>\n","protected":false},"featured_media":37163,"comment_status":"open","ping_status":"closed","template":"","meta":{"jetpack_publicize_message":"","jetpack_publicize_feature_enabled":true,"jetpack_social_post_already_shared":true,"jetpack_social_options":{"image_generator_settings":{"template":"highway","default_image_id":0,"font":"","enabled":false},"version":2}},"product_brand":[],"product_cat":[156,42,128],"product_tag":[158,157,52,51],"class_list":{"0":"post-37161","1":"product","2":"type-product","3":"status-publish","4":"has-post-thumbnail","6":"product_cat-juodgrudes","7":"product_cat-seklos","8":"product_cat-vienmeciu-geliu-seklos","9":"product_tag-juodgrude","10":"product_tag-nigella","11":"product_tag-seeds","12":"product_tag-seklos","13":"product_shipping_class-seklos","15":"first","16":"instock","17":"shipping-taxable","18":"purchasable","19":"product-type-simple"},"jetpack_publicize_connections":[],"jetpack_sharing_enabled":true,"_links":{"self":[{"href":"https:\/\/geliurasa.lt\/index.php\/wp-json\/wp\/v2\/product\/37161","targetHints":{"allow":["GET"]}}],"collection":[{"href":"https:\/\/geliurasa.lt\/index.php\/wp-json\/wp\/v2\/product"}],"about":[{"href":"https:\/\/geliurasa.lt\/index.php\/wp-json\/wp\/v2\/types\/product"}],"replies":[{"embeddable":true,"href":"https:\/\/geliurasa.lt\/index.php\/wp-json\/wp\/v2\/comments?post=37161"}],"wp:featuredmedia":[{"embeddable":true,"href":"https:\/\/geliurasa.lt\/index.php\/wp-json\/wp\/v2\/media\/37163"}],"wp:attachment":[{"href":"https:\/\/geliurasa.lt\/index.php\/wp-json\/wp\/v2\/media?parent=37161"}],"wp:term":[{"taxonomy":"product_brand","embeddable":true,"href":"https:\/\/geliurasa.lt\/index.php\/wp-json\/wp\/v2\/product_brand?post=37161"},{"taxonomy":"product_cat","embeddable":true,"href":"https:\/\/geliurasa.lt\/index.php\/wp-json\/wp\/v2\/product_cat?post=37161"},{"taxonomy":"product_tag","embeddable":true,"href":"https:\/\/geliurasa.lt\/index.php\/wp-json\/wp\/v2\/product_tag?post=37161"}],"curies":[{"name":"wp","href":"https:\/\/api.w.org\/{rel}","templated":true}]}}