{"id":37185,"date":"2023-02-12T21:03:51","date_gmt":"2023-02-12T19:03:51","guid":{"rendered":"https:\/\/geliurasa.lt\/?post_type=product&#038;p=37185"},"modified":"2026-04-01T11:29:41","modified_gmt":"2026-04-01T08:29:41","slug":"rytine-juodgrude-transformer","status":"publish","type":"product","link":"https:\/\/geliurasa.lt\/index.php\/produktas\/rytine-juodgrude-transformer\/","title":{"rendered":"Rytin\u0117 juodgr\u016bd\u0117 Transformer"},"content":{"rendered":"<p><span class=\"jCAhz ChMk0b\"><span class=\"ryNqvb\">Transformer juodgr\u016bd\u0117 labai \u012fdomi, pra\u017eysta puo\u0161niais geltonais \u017eiedeliais ir labai greitai transformuojasi \u012f \u017eavingas, taurel\u0117s formos s\u0117klines d\u0117\u017eutes. Puiki floristin\u0117 med\u017eiaga, naudojamos tiek \u0161vie\u017eios, tiek d\u017eiovintos. Gra\u017eiai atrodo g\u0117lynuose. <\/span><\/span><span class=\"jCAhz ChMk0b\"><span class=\"ryNqvb\">\u017dydi vis\u0105 vasar\u0105, auginimui nereiklios. S\u0117jama lauke, 1cm gylyje. Dygsta 7-14 tamsoje, prie 15\u00b0C. Dygimui reikalinga dr\u0117gm\u0117, reikia steb\u0117ti, kad neperd\u017ei\u016bt\u0173 pavir\u0161ius (ypa\u010d kai dabar tokie sausi pavasariai). Paprastas b\u016bdas\u00a0 dr\u0117gmei palaikyti &#8211; agropl\u0117vel\u0117.<\/span><\/span><\/p>\n<p>&nbsp;<\/p>\n","protected":false},"excerpt":{"rendered":"<div>Nigella orientalis<\/div>\n<div><strong>Gamintojas:\u00a0<\/strong>Olandija<\/div>\n<div><strong>Grup\u0117: <\/strong>vienmet\u0117<\/div>\n<div><strong>Kiekis pakelyje:<\/strong> 1g<\/div>\n<div><strong>Auk\u0161tis cm: <\/strong>80- 90<\/div>\n<div><strong>S\u0117ti m\u0117n.:<\/strong> III, lauke IV- V<\/div>\n<div><strong>Vieta:<\/strong> saul\u0117ta<\/div>\n<div><strong>Dirva: <\/strong>neutrali<\/div>\n","protected":false},"featured_media":37186,"comment_status":"open","ping_status":"closed","template":"","meta":{"jetpack_publicize_message":"","jetpack_publicize_feature_enabled":true,"jetpack_social_post_already_shared":true,"jetpack_social_options":{"image_generator_settings":{"template":"highway","default_image_id":0,"font":"","enabled":false},"version":2}},"product_brand":[],"product_cat":[156,128,42],"product_tag":[158,157,52,51],"class_list":{"0":"post-37185","1":"product","2":"type-product","3":"status-publish","4":"has-post-thumbnail","6":"product_cat-juodgrudes","7":"product_cat-vienmeciu-geliu-seklos","8":"product_cat-seklos","9":"product_tag-juodgrude","10":"product_tag-nigella","11":"product_tag-seeds","12":"product_tag-seklos","13":"product_shipping_class-seklos","15":"first","16":"instock","17":"shipping-taxable","18":"purchasable","19":"product-type-simple"},"jetpack_publicize_connections":[],"jetpack_sharing_enabled":true,"_links":{"self":[{"href":"https:\/\/geliurasa.lt\/index.php\/wp-json\/wp\/v2\/product\/37185","targetHints":{"allow":["GET"]}}],"collection":[{"href":"https:\/\/geliurasa.lt\/index.php\/wp-json\/wp\/v2\/product"}],"about":[{"href":"https:\/\/geliurasa.lt\/index.php\/wp-json\/wp\/v2\/types\/product"}],"replies":[{"embeddable":true,"href":"https:\/\/geliurasa.lt\/index.php\/wp-json\/wp\/v2\/comments?post=37185"}],"wp:featuredmedia":[{"embeddable":true,"href":"https:\/\/geliurasa.lt\/index.php\/wp-json\/wp\/v2\/media\/37186"}],"wp:attachment":[{"href":"https:\/\/geliurasa.lt\/index.php\/wp-json\/wp\/v2\/media?parent=37185"}],"wp:term":[{"taxonomy":"product_brand","embeddable":true,"href":"https:\/\/geliurasa.lt\/index.php\/wp-json\/wp\/v2\/product_brand?post=37185"},{"taxonomy":"product_cat","embeddable":true,"href":"https:\/\/geliurasa.lt\/index.php\/wp-json\/wp\/v2\/product_cat?post=37185"},{"taxonomy":"product_tag","embeddable":true,"href":"https:\/\/geliurasa.lt\/index.php\/wp-json\/wp\/v2\/product_tag?post=37185"}],"curies":[{"name":"wp","href":"https:\/\/api.w.org\/{rel}","templated":true}]}}