{"id":37190,"date":"2023-02-17T21:35:28","date_gmt":"2023-02-17T19:35:28","guid":{"rendered":"https:\/\/geliurasa.lt\/?post_type=product&#038;p=37190"},"modified":"2026-04-12T22:42:00","modified_gmt":"2026-04-12T19:42:00","slug":"sidabrinis-eukaliptas-baby-blue-bouquet","status":"publish","type":"product","link":"https:\/\/geliurasa.lt\/index.php\/produktas\/sidabrinis-eukaliptas-baby-blue-bouquet\/","title":{"rendered":"Sidabrinis eukaliptas Baby Blue Bouquet"},"content":{"rendered":"<p><span class=\"jCAhz ChMk0b\"><span class=\"ryNqvb\">Ma\u017ei, sidabri\u0161kai pilki ir apval\u016bs lapai su vienodos formos\u00a0 \u016bgliais, puikiai tinka profesionaliai skint\u0173 g\u0117li\u0173 gamybai.<\/span><\/span><\/p>\n<p>Rekomenduojamas\u00a0 1-2 m\u0117nesi\u0173 \u0161altas\/dr\u0117gnas stratifikavimas, 3-5<span class=\"jCAhz ChMk0b\"><span class=\"ryNqvb\">\u00b0C temperat\u016broje. Dygsta\u00a0 prie 15-20\u00b0C.\u00a0 S\u0117klos \u012fspaud\u017eiamos ant dirvos pavir\u0161iaus ir neu\u017edengiamos. Dygsta \u0161viesoje labai l\u0117tai ir sudygsta per 45 dienas, tod\u0117l reik\u0117s <\/span><\/span>kantryb\u0117s. Nem\u0117gsta persodinim\u0173. \u017diemoja v\u0117sioje patalpoje.<\/p>\n<p>Asmenin\u0117 patirtis:\u00a0 u\u017eteko palaikyti s\u0117kl\u0173 pakel\u012f \u0161aldiklyje, puikiai sudygo. Auginau vazone, laikiau \u0161iltnam\u012f. Kelios \u0161akel\u0117s sp\u0117jo papuo\u0161ti puok\u0161tes.<\/p>\n<p>&nbsp;<\/p>\n","protected":false},"excerpt":{"rendered":"<div>Eucalyptus pulverulenta<\/div>\n<div><strong>Gamintojas:\u00a0<\/strong>Olandija<\/div>\n<div><strong>Grup\u0117: <\/strong>daugiamet\u0117<\/div>\n<div><strong>Kiekis pakelyje:<\/strong> 5 s\u0117klos<\/div>\n<div><strong>Auk\u0161tis cm:<\/strong> 90<\/div>\n<div><strong>S\u0117ti m\u0117n.:<\/strong> XI-III<\/div>\n<div><strong>Vieta:<\/strong> saul\u0117ta<\/div>\n<div><strong>Dirva: <\/strong>neutrali<\/div>\n","protected":false},"featured_media":37213,"comment_status":"open","ping_status":"closed","template":"","meta":{"jetpack_publicize_message":"","jetpack_publicize_feature_enabled":true,"jetpack_social_post_already_shared":true,"jetpack_social_options":{"image_generator_settings":{"template":"highway","default_image_id":0,"font":"","enabled":false},"version":2}},"product_brand":[],"product_cat":[126,99,42],"product_tag":[159,52,51],"class_list":{"0":"post-37190","1":"product","2":"type-product","3":"status-publish","4":"has-post-thumbnail","6":"product_cat-daugiameciu-geliu-seklos","7":"product_cat-naujos-prekes","8":"product_cat-seklos","9":"product_tag-eukaliptas","10":"product_tag-seeds","11":"product_tag-seklos","12":"product_shipping_class-seklos","14":"first","15":"instock","16":"shipping-taxable","17":"purchasable","18":"product-type-simple"},"jetpack_publicize_connections":[],"jetpack_sharing_enabled":true,"_links":{"self":[{"href":"https:\/\/geliurasa.lt\/index.php\/wp-json\/wp\/v2\/product\/37190","targetHints":{"allow":["GET"]}}],"collection":[{"href":"https:\/\/geliurasa.lt\/index.php\/wp-json\/wp\/v2\/product"}],"about":[{"href":"https:\/\/geliurasa.lt\/index.php\/wp-json\/wp\/v2\/types\/product"}],"replies":[{"embeddable":true,"href":"https:\/\/geliurasa.lt\/index.php\/wp-json\/wp\/v2\/comments?post=37190"}],"wp:featuredmedia":[{"embeddable":true,"href":"https:\/\/geliurasa.lt\/index.php\/wp-json\/wp\/v2\/media\/37213"}],"wp:attachment":[{"href":"https:\/\/geliurasa.lt\/index.php\/wp-json\/wp\/v2\/media?parent=37190"}],"wp:term":[{"taxonomy":"product_brand","embeddable":true,"href":"https:\/\/geliurasa.lt\/index.php\/wp-json\/wp\/v2\/product_brand?post=37190"},{"taxonomy":"product_cat","embeddable":true,"href":"https:\/\/geliurasa.lt\/index.php\/wp-json\/wp\/v2\/product_cat?post=37190"},{"taxonomy":"product_tag","embeddable":true,"href":"https:\/\/geliurasa.lt\/index.php\/wp-json\/wp\/v2\/product_tag?post=37190"}],"curies":[{"name":"wp","href":"https:\/\/api.w.org\/{rel}","templated":true}]}}