{"id":37233,"date":"2023-02-18T15:20:42","date_gmt":"2023-02-18T13:20:42","guid":{"rendered":"https:\/\/geliurasa.lt\/?post_type=product&#038;p=37233"},"modified":"2026-04-10T00:58:57","modified_gmt":"2026-04-09T21:58:57","slug":"artisokas-porto-spineless","status":"publish","type":"product","link":"https:\/\/geliurasa.lt\/index.php\/produktas\/artisokas-porto-spineless\/","title":{"rendered":"Arti\u0161okas Porto Spineless"},"content":{"rendered":"<p>\u0160is arti\u0161okas <strong>be spygli\u0173<\/strong>. V<span class=\"jCAhz ChMk0b\"><span class=\"ryNqvb\">idutinio dyd\u017eio violetiniai \u017eiedai labai tinkami skynimui. Skinami dar nei\u0161siskleid\u0119, o vazoje i\u0161siskleid\u017eia violetin\u0117s pagalv\u0117l\u0117s.\u00a0 \u00a0Puikiai atrodo d\u017eiovintas. \u017dinoma, tinkamas maistui.<\/span><\/span><\/p>\n<p>S\u0117jama pavir\u0161iuje dygsta \u0161viesoje, sudygsta per 7-14 dien\u0173 , prie <span class=\"jCAhz ChMk0b\"><span class=\"ryNqvb\">20\u00b0C. A\u0161 tokias stambias s\u0117klas par\u0105 pamirkau drungname vandenyje, tik tada s\u0117ju. Pas\u0117jus anksti, daigus i\u0161sodinus pasibaigus \u0161alnoms, \u017eied\u0173 sulaukiama dar \u0161iais metais. Arti\u0161okus m\u016bs\u0173 klimato s\u0105lygomis reikia dengti, \u0161altesn\u0119 \u017eiem\u0105 nei\u0161gyvena.<\/span><\/span><\/p>\n<p>&nbsp;<\/p>\n<p><span class=\"jCAhz ChMk0b\"><span class=\"ryNqvb\">\u00a0<\/span><\/span><\/p>\n","protected":false},"excerpt":{"rendered":"<div>Cynara cardunculus<\/div>\n<div><strong>Gamintojas: <\/strong>Olandija<\/div>\n<div><strong>Grup\u0117:<\/strong> daugiamet\u0117<\/div>\n<div><strong>Kiekis pakelyje:<\/strong> 1,5 g \u2248\u00a0 40 s\u0117kl\u0173<\/div>\n<div><strong>Auk\u0161tis cm: <\/strong>120<strong><br \/>\n<\/strong><\/div>\n<div><strong>S\u0117ti m\u0117n.:<\/strong> II-III<\/div>\n<div><strong>Vieta:<\/strong> saul\u0117ta<\/div>\n<div><strong>Dirva: <\/strong>dr\u0117gmei laidi, derlinga, priemolis<\/div>\n<div><\/div>\n","protected":false},"featured_media":41815,"comment_status":"open","ping_status":"closed","template":"","meta":{"jetpack_publicize_message":"","jetpack_publicize_feature_enabled":true,"jetpack_social_post_already_shared":true,"jetpack_social_options":{"image_generator_settings":{"template":"highway","default_image_id":0,"font":"","enabled":false},"version":2}},"product_brand":[],"product_cat":[126,99,42,128],"product_tag":[143,144,52,51],"class_list":{"0":"post-37233","1":"product","2":"type-product","3":"status-publish","4":"has-post-thumbnail","6":"product_cat-daugiameciu-geliu-seklos","7":"product_cat-naujos-prekes","8":"product_cat-seklos","9":"product_cat-vienmeciu-geliu-seklos","10":"product_tag-artisokas","11":"product_tag-cynara","12":"product_tag-seeds","13":"product_tag-seklos","14":"product_shipping_class-seklos","16":"first","17":"instock","18":"shipping-taxable","19":"purchasable","20":"product-type-simple"},"jetpack_publicize_connections":[],"jetpack_sharing_enabled":true,"_links":{"self":[{"href":"https:\/\/geliurasa.lt\/index.php\/wp-json\/wp\/v2\/product\/37233","targetHints":{"allow":["GET"]}}],"collection":[{"href":"https:\/\/geliurasa.lt\/index.php\/wp-json\/wp\/v2\/product"}],"about":[{"href":"https:\/\/geliurasa.lt\/index.php\/wp-json\/wp\/v2\/types\/product"}],"replies":[{"embeddable":true,"href":"https:\/\/geliurasa.lt\/index.php\/wp-json\/wp\/v2\/comments?post=37233"}],"wp:featuredmedia":[{"embeddable":true,"href":"https:\/\/geliurasa.lt\/index.php\/wp-json\/wp\/v2\/media\/41815"}],"wp:attachment":[{"href":"https:\/\/geliurasa.lt\/index.php\/wp-json\/wp\/v2\/media?parent=37233"}],"wp:term":[{"taxonomy":"product_brand","embeddable":true,"href":"https:\/\/geliurasa.lt\/index.php\/wp-json\/wp\/v2\/product_brand?post=37233"},{"taxonomy":"product_cat","embeddable":true,"href":"https:\/\/geliurasa.lt\/index.php\/wp-json\/wp\/v2\/product_cat?post=37233"},{"taxonomy":"product_tag","embeddable":true,"href":"https:\/\/geliurasa.lt\/index.php\/wp-json\/wp\/v2\/product_tag?post=37233"}],"curies":[{"name":"wp","href":"https:\/\/api.w.org\/{rel}","templated":true}]}}