{"id":37259,"date":"2023-02-24T12:06:31","date_gmt":"2023-02-24T10:06:31","guid":{"rendered":"https:\/\/geliurasa.lt\/?post_type=product&#038;p=37259"},"modified":"2026-03-15T22:03:45","modified_gmt":"2026-03-15T20:03:45","slug":"zaliasis-gaivusis-gaivenis-green-gold","status":"publish","type":"product","link":"https:\/\/geliurasa.lt\/index.php\/produktas\/zaliasis-gaivusis-gaivenis-green-gold\/","title":{"rendered":"\u017daliasis gaivusis gaivenis Green Gold"},"content":{"rendered":"<p>Tobulos laimo &#8211; \u017ealios spalvos gaivenis, auginamas d\u0117l jo gra\u017eios \u017ealumos, ir yra ypa\u010d m\u0117gstamas florist\u0173. Pamerktas laikosi apie 10 dien\u0173. Ant ilg\u0173, tvirt\u0173 stieb\u0173 u\u017eauga geltonai \u017eali \u017eiedai, kurie puikiai\u00a0 u\u017epildo puok\u0161\u010di\u0173 tarpus tarp g\u0117li\u0173. \u017diedus reikia skinti i\u0161 kart, kai tik pradeda matytis spalva. Norint gaiven\u012f d\u017eiovinti, reik palaukti kol \u017eiedai visi\u0161kai i\u0161siskleis. Labai gra\u017eus ruden\u012f, kai \u012fgauna rudai bronzin\u012f atspalv\u012f.<\/p>\n<p><strong>DAIGINIMO INSTRUKCIJA: <\/strong>s\u0117ti \u012f dr\u0117gn\u0105 dirv\u0105, u\u017eberiant plonu \u017eem\u0117s sluoksniu, ma\u017edaug 0,5 cm. <span class=\"VIiyi\" lang=\"lt\"><span class=\"JLqJ4b\" data-language-for-alternatives=\"lt\" data-language-to-translate-into=\"en\" data-phrase-index=\"0\" data-number-of-phrases=\"1\">Dygimo laikas 2-3 savait\u0117s. Augimo laikas iki \u017eyd\u0117jimo yra 11-13 savai\u010di\u0173. S\u0117ti kas 2-3 savaites, kad \u017eyd\u0117t\u0173 skirtingu laiku. Lengvai auginamas, geriausia s\u0117ti i\u0161 karto \u012f lauk\u0105.<\/span><\/span><\/p>\n<p>&nbsp;<\/p>\n<p>&nbsp;<\/p>\n","protected":false},"excerpt":{"rendered":"<p>Bupleurum rotundifolium<\/p>\n<p><strong>Gamintojas:<\/strong>\u00a0Olandija<\/p>\n<p><strong>Grup\u0117:<\/strong> Vienmet\u0117<\/p>\n<p><strong>Kiekis pakelyje:<\/strong> \u00a00,5 g \u2248 205 s\u0117klos<\/p>\n<p><strong>Auk\u0161tis:<\/strong> 100 cm<\/p>\n<p><strong>S\u0117ti:<\/strong> II -III m\u0117n., arba IV-VI tiesiai \u012f dirv\u0105.<\/p>\n<p><strong>\u017dydi:<\/strong> VI-IX m\u0117n.<\/p>\n<p><strong>Paskirtis: <\/strong>\u00a0skynimui<\/p>\n","protected":false},"featured_media":37260,"comment_status":"open","ping_status":"closed","template":"","meta":{"jetpack_publicize_message":"","jetpack_publicize_feature_enabled":true,"jetpack_social_post_already_shared":true,"jetpack_social_options":{"image_generator_settings":{"template":"highway","default_image_id":0,"font":"","enabled":false},"version":2}},"product_brand":[],"product_cat":[99,128,42],"product_tag":[169,54,52,51],"class_list":{"0":"post-37259","1":"product","2":"type-product","3":"status-publish","4":"has-post-thumbnail","6":"product_cat-naujos-prekes","7":"product_cat-vienmeciu-geliu-seklos","8":"product_cat-seklos","9":"product_tag-bupleurum","10":"product_tag-gaivenis","11":"product_tag-seeds","12":"product_tag-seklos","13":"product_shipping_class-seklos","15":"first","16":"instock","17":"shipping-taxable","18":"purchasable","19":"product-type-simple"},"jetpack_publicize_connections":[],"jetpack_sharing_enabled":true,"_links":{"self":[{"href":"https:\/\/geliurasa.lt\/index.php\/wp-json\/wp\/v2\/product\/37259","targetHints":{"allow":["GET"]}}],"collection":[{"href":"https:\/\/geliurasa.lt\/index.php\/wp-json\/wp\/v2\/product"}],"about":[{"href":"https:\/\/geliurasa.lt\/index.php\/wp-json\/wp\/v2\/types\/product"}],"replies":[{"embeddable":true,"href":"https:\/\/geliurasa.lt\/index.php\/wp-json\/wp\/v2\/comments?post=37259"}],"wp:featuredmedia":[{"embeddable":true,"href":"https:\/\/geliurasa.lt\/index.php\/wp-json\/wp\/v2\/media\/37260"}],"wp:attachment":[{"href":"https:\/\/geliurasa.lt\/index.php\/wp-json\/wp\/v2\/media?parent=37259"}],"wp:term":[{"taxonomy":"product_brand","embeddable":true,"href":"https:\/\/geliurasa.lt\/index.php\/wp-json\/wp\/v2\/product_brand?post=37259"},{"taxonomy":"product_cat","embeddable":true,"href":"https:\/\/geliurasa.lt\/index.php\/wp-json\/wp\/v2\/product_cat?post=37259"},{"taxonomy":"product_tag","embeddable":true,"href":"https:\/\/geliurasa.lt\/index.php\/wp-json\/wp\/v2\/product_tag?post=37259"}],"curies":[{"name":"wp","href":"https:\/\/api.w.org\/{rel}","templated":true}]}}