{"id":37279,"date":"2023-02-24T12:15:01","date_gmt":"2023-02-24T10:15:01","guid":{"rendered":"https:\/\/geliurasa.lt\/?post_type=product&#038;p=37279"},"modified":"2026-03-18T20:07:11","modified_gmt":"2026-03-18T18:07:11","slug":"alpine-neuzmirstuole-blue-bouquet","status":"publish","type":"product","link":"https:\/\/geliurasa.lt\/index.php\/produktas\/alpine-neuzmirstuole-blue-bouquet\/","title":{"rendered":"Alpin\u0117 neu\u017emir\u0161tuol\u0117 Blue Bouquet"},"content":{"rendered":"<p>Veisl\u0117 skynimui. \u017dyd\u0117s kitais metais. Galima s\u0117ti vidur\u012f vasaros paprastai paberiant dirvos pavir\u0161iuje, sudygs ruden\u012f.<\/p>\n<p><span class=\"jCAhz ChMk0b\"><span class=\"ryNqvb\">Pasak legendos, sk\u0119stantis riteris numet\u0117 m\u0117lyn\u0173 \u017eied\u0173 puok\u0161t\u0119 savo mylimajam, stovin\u010diam ant kranto, \u0161aukdamas \u201enepamir\u0161k man\u0119s!<\/span><\/span>\u00a0<span class=\"jCAhz ChMk0b\"><span class=\"ryNqvb\">Nuo tada g\u0117l\u0117s tapo atminimo simboliu. Kai kuriose \u0161alyse neu\u017emir\u0161tuol\u0117s yra aguon\u0173 atitikmuo.<\/span><\/span><\/p>\n","protected":false},"excerpt":{"rendered":"<div>Myosotis alpestris<\/div>\n<div>\n<p style=\"margin: 0cm;\"><strong>Gamintojas:\u00a0<\/strong>Olandija<\/p>\n<p style=\"margin: 0cm;\"><strong>Grup\u0117:<\/strong> dvimet\u0117,(pasis\u0117ja)<\/p>\n<p style=\"margin: 0cm;\"><strong>Kiekis pakelyje: <\/strong>20 s\u0117kl\u0173<\/p>\n<p style=\"margin: 0cm;\"><strong>Auk\u0161tis cm:<\/strong> 30<\/p>\n<p style=\"margin: 0cm;\"><strong>S\u0117ti m\u0117n.:<\/strong>\u00a0 IV-VIII<\/p>\n<p style=\"margin: 0cm;\"><strong>Vieta:<\/strong> saul\u0117ta, pusiau pav\u0117sis<\/p>\n<p style=\"margin: 0cm;\"><strong>Dirva: <\/strong>neutrali<\/p>\n<\/div>\n<div><\/div>\n","protected":false},"featured_media":38258,"comment_status":"open","ping_status":"closed","template":"","meta":{"jetpack_publicize_message":"","jetpack_publicize_feature_enabled":true,"jetpack_social_post_already_shared":true,"jetpack_social_options":{"image_generator_settings":{"template":"highway","default_image_id":0,"font":"","enabled":false},"version":2}},"product_brand":[],"product_cat":[134,42],"product_tag":[174,173,52,51],"class_list":{"0":"post-37279","1":"product","2":"type-product","3":"status-publish","4":"has-post-thumbnail","6":"product_cat-dvimetes-geliu-seklos","7":"product_cat-seklos","8":"product_tag-myosotis","9":"product_tag-neuzmirstuole","10":"product_tag-seeds","11":"product_tag-seklos","12":"product_shipping_class-seklos","14":"first","15":"instock","16":"shipping-taxable","17":"purchasable","18":"product-type-simple"},"jetpack_publicize_connections":[],"jetpack_sharing_enabled":true,"_links":{"self":[{"href":"https:\/\/geliurasa.lt\/index.php\/wp-json\/wp\/v2\/product\/37279","targetHints":{"allow":["GET"]}}],"collection":[{"href":"https:\/\/geliurasa.lt\/index.php\/wp-json\/wp\/v2\/product"}],"about":[{"href":"https:\/\/geliurasa.lt\/index.php\/wp-json\/wp\/v2\/types\/product"}],"replies":[{"embeddable":true,"href":"https:\/\/geliurasa.lt\/index.php\/wp-json\/wp\/v2\/comments?post=37279"}],"wp:featuredmedia":[{"embeddable":true,"href":"https:\/\/geliurasa.lt\/index.php\/wp-json\/wp\/v2\/media\/38258"}],"wp:attachment":[{"href":"https:\/\/geliurasa.lt\/index.php\/wp-json\/wp\/v2\/media?parent=37279"}],"wp:term":[{"taxonomy":"product_brand","embeddable":true,"href":"https:\/\/geliurasa.lt\/index.php\/wp-json\/wp\/v2\/product_brand?post=37279"},{"taxonomy":"product_cat","embeddable":true,"href":"https:\/\/geliurasa.lt\/index.php\/wp-json\/wp\/v2\/product_cat?post=37279"},{"taxonomy":"product_tag","embeddable":true,"href":"https:\/\/geliurasa.lt\/index.php\/wp-json\/wp\/v2\/product_tag?post=37279"}],"curies":[{"name":"wp","href":"https:\/\/api.w.org\/{rel}","templated":true}]}}