{"id":37288,"date":"2023-02-27T10:20:11","date_gmt":"2023-02-27T08:20:11","guid":{"rendered":"https:\/\/geliurasa.lt\/?post_type=product&#038;p=37288"},"modified":"2026-04-01T11:29:41","modified_gmt":"2026-04-01T08:29:41","slug":"pirstuotasis-penstemonas-mystica","status":"publish","type":"product","link":"https:\/\/geliurasa.lt\/index.php\/produktas\/pirstuotasis-penstemonas-mystica\/","title":{"rendered":"Pir\u0161tuotasis penstemonas Mystica"},"content":{"rendered":"<p>Penstemonas i<span class=\"jCAhz ChMk0b\"><span class=\"ryNqvb\">lgai \u017eydintis, labai dekoratyvus, lengvai auginamas eleganti\u0161kas augalas. Pavasar\u012f pradeda bronziniais i\u0161 juodo \u017ealiais lapais, kurie vis tams\u0117ja. Vasar\u0105 i\u0161leid\u017eia stiebus su varpeliais &#8211; \u0161velniai ro\u017einius su alyviniu atspalviu. Varpeli\u0173 kek\u0117s suteikia augalui misti\u0161kumo g\u0117lynuose bei kaip skinta g\u0117l\u0117 vazoje. Ruden\u012f lapai tampa sodriai raudoni, o s\u0117klin\u0117s d\u0117\u017eut\u0117s labai gra\u017eios &#8211; tamsiai bordin\u0117s, nepamainomos puok\u0161t\u0117se.\u00a0 Kartais susp\u0117ja dar kart\u0105 pra\u017eysti ruden\u012f, jei nuskinami \u017eiedai vasar\u0105.<\/span><\/span><\/p>\n<p>S\u0117kloms reikalingas \u0161altasis periodas. Galima dr\u0117gnas laikyti \u0161aldytuve hermeti\u0161kame mai\u0161elyje (kol pasimatys dygimo procesas), arba palaikyti \u0161aldiklyje 1-2 sav.(a\u0161 to nei\u0161band\u017eiau) ir i\u0161 karto s\u0117ti viduje ar lauke (steb\u0117ti dr\u0117gnum\u0105). <span class=\"jCAhz ChMk0b\"><span class=\"ryNqvb\">Dygimas yra \u012fvairus, bet da\u017eniausiai sudygsta per 21 dien\u0105, prie 15\u201320 \u00b0 C temperat\u016bros. S\u0117jant s\u0117klas apibarstyti smulkiu sm\u0117liu arba vermikulitu. Pas\u0117jus ruden\u012f, kai sudygsta, jaunus daigelius reik\u0117t\u0173 mul\u010diuoti, kad nei\u0161\u0161alt\u0173.<\/span><\/span><\/p>\n<p>&nbsp;<\/p>\n","protected":false},"excerpt":{"rendered":"<div>\n<div><em>Penstemon digitalis<\/em><\/div>\n<div><strong>Gamintojas:\u00a0<\/strong>Olandija<\/div>\n<div><strong>Grup\u0117: <\/strong>daugiametis<\/div>\n<div><strong>Kiekis pakelyje:<\/strong> 20 s\u0117kl\u0173<\/div>\n<div><strong>Auk\u0161tis cm:<\/strong> 70-80<\/div>\n<div><strong>S\u0117ti m\u0117n.:<\/strong> II-IV, lauke IX-X<\/div>\n<div><strong>Vieta:<\/strong> saul\u0117ta, pusiau pav\u0117sis<\/div>\n<div><strong>Dirva: <\/strong>neutrali,\u00a0 derlinga, \u012fvairaus tipo<\/div>\n<\/div>\n<div><strong>\u017diemojimo zona: <\/strong>4a-8b<\/div>\n","protected":false},"featured_media":37294,"comment_status":"open","ping_status":"closed","template":"","meta":{"jetpack_publicize_message":"","jetpack_publicize_feature_enabled":true,"jetpack_social_post_already_shared":true,"jetpack_social_options":{"image_generator_settings":{"template":"highway","default_image_id":0,"font":"","enabled":false},"version":2}},"product_brand":[],"product_cat":[126,99,42],"product_tag":[133,175,52,51],"class_list":{"0":"post-37288","1":"product","2":"type-product","3":"status-publish","4":"has-post-thumbnail","6":"product_cat-daugiameciu-geliu-seklos","7":"product_cat-naujos-prekes","8":"product_cat-seklos","9":"product_tag-digitalis","10":"product_tag-penstemon","11":"product_tag-seeds","12":"product_tag-seklos","13":"product_shipping_class-seklos","15":"first","16":"instock","17":"shipping-taxable","18":"purchasable","19":"product-type-simple"},"jetpack_publicize_connections":[],"jetpack_sharing_enabled":true,"_links":{"self":[{"href":"https:\/\/geliurasa.lt\/index.php\/wp-json\/wp\/v2\/product\/37288","targetHints":{"allow":["GET"]}}],"collection":[{"href":"https:\/\/geliurasa.lt\/index.php\/wp-json\/wp\/v2\/product"}],"about":[{"href":"https:\/\/geliurasa.lt\/index.php\/wp-json\/wp\/v2\/types\/product"}],"replies":[{"embeddable":true,"href":"https:\/\/geliurasa.lt\/index.php\/wp-json\/wp\/v2\/comments?post=37288"}],"wp:featuredmedia":[{"embeddable":true,"href":"https:\/\/geliurasa.lt\/index.php\/wp-json\/wp\/v2\/media\/37294"}],"wp:attachment":[{"href":"https:\/\/geliurasa.lt\/index.php\/wp-json\/wp\/v2\/media?parent=37288"}],"wp:term":[{"taxonomy":"product_brand","embeddable":true,"href":"https:\/\/geliurasa.lt\/index.php\/wp-json\/wp\/v2\/product_brand?post=37288"},{"taxonomy":"product_cat","embeddable":true,"href":"https:\/\/geliurasa.lt\/index.php\/wp-json\/wp\/v2\/product_cat?post=37288"},{"taxonomy":"product_tag","embeddable":true,"href":"https:\/\/geliurasa.lt\/index.php\/wp-json\/wp\/v2\/product_tag?post=37288"}],"curies":[{"name":"wp","href":"https:\/\/api.w.org\/{rel}","templated":true}]}}