{"id":37309,"date":"2023-02-24T10:51:42","date_gmt":"2023-02-24T08:51:42","guid":{"rendered":"https:\/\/geliurasa.lt\/?post_type=product&#038;p=37309"},"modified":"2026-03-14T21:04:56","modified_gmt":"2026-03-14T19:04:56","slug":"juodgrude-blue-stars","status":"publish","type":"product","link":"https:\/\/geliurasa.lt\/index.php\/produktas\/juodgrude-blue-stars\/","title":{"rendered":"Juodgr\u016bd\u0117 Blue Stars"},"content":{"rendered":"<p><span class=\"jCAhz ChMk0b\"><span class=\"ryNqvb\">\u00a0Eleganti\u0161ka, ma\u017eomis m\u0117lynomis\u00a0 \u017evaig\u017ed\u017ei\u0173 formos \u012f vir\u0161\u0173 \u017ei\u016brin\u010diais \u017eiedais, nauja juodgr\u016bd\u0117.\u00a0 <strong>\u017diedai valgomi<\/strong>, tinkami papuo\u0161ti salotoms, ar\u00a0 desertams. Nereikli, paken\u010dia sausras, \u017eydi vis\u0105 vasar\u0105. S\u0117jama per kelis kartus, pra\u0117jus \u0161alnoms \u012f dr\u0117gn\u0105 \u017eem\u0119.<\/span><\/span><\/p>\n","protected":false},"excerpt":{"rendered":"<div>Nigella bucharica<\/div>\n<div><strong>Gamintojas:\u00a0<\/strong>Olandija<\/div>\n<div><strong>Grup\u0117: <\/strong>vienmet\u0117<\/div>\n<div><strong>Kiekis pakelyje:<\/strong> 0,5 g<\/div>\n<div><strong>Auk\u0161tis cm:<\/strong> 30-50<\/div>\n<div><strong>S\u0117ti m\u0117n.:<\/strong>\u00a0 IV- V<\/div>\n<div><strong>Vieta:<\/strong> saul\u0117ta, dalinis pav\u0117sis<\/div>\n<div><strong>Dirva: <\/strong>\u012fvairi<\/div>\n","protected":false},"featured_media":37311,"comment_status":"open","ping_status":"closed","template":"","meta":{"jetpack_publicize_message":"","jetpack_publicize_feature_enabled":true,"jetpack_social_post_already_shared":true,"jetpack_social_options":{"image_generator_settings":{"template":"highway","default_image_id":0,"font":"","enabled":false},"version":2}},"product_brand":[],"product_cat":[156,128,42],"product_tag":[158,157,52,51],"class_list":{"0":"post-37309","1":"product","2":"type-product","3":"status-publish","4":"has-post-thumbnail","6":"product_cat-juodgrudes","7":"product_cat-vienmeciu-geliu-seklos","8":"product_cat-seklos","9":"product_tag-juodgrude","10":"product_tag-nigella","11":"product_tag-seeds","12":"product_tag-seklos","13":"product_shipping_class-seklos","15":"first","16":"instock","17":"shipping-taxable","18":"purchasable","19":"product-type-simple"},"jetpack_publicize_connections":[],"jetpack_sharing_enabled":true,"_links":{"self":[{"href":"https:\/\/geliurasa.lt\/index.php\/wp-json\/wp\/v2\/product\/37309","targetHints":{"allow":["GET"]}}],"collection":[{"href":"https:\/\/geliurasa.lt\/index.php\/wp-json\/wp\/v2\/product"}],"about":[{"href":"https:\/\/geliurasa.lt\/index.php\/wp-json\/wp\/v2\/types\/product"}],"replies":[{"embeddable":true,"href":"https:\/\/geliurasa.lt\/index.php\/wp-json\/wp\/v2\/comments?post=37309"}],"wp:featuredmedia":[{"embeddable":true,"href":"https:\/\/geliurasa.lt\/index.php\/wp-json\/wp\/v2\/media\/37311"}],"wp:attachment":[{"href":"https:\/\/geliurasa.lt\/index.php\/wp-json\/wp\/v2\/media?parent=37309"}],"wp:term":[{"taxonomy":"product_brand","embeddable":true,"href":"https:\/\/geliurasa.lt\/index.php\/wp-json\/wp\/v2\/product_brand?post=37309"},{"taxonomy":"product_cat","embeddable":true,"href":"https:\/\/geliurasa.lt\/index.php\/wp-json\/wp\/v2\/product_cat?post=37309"},{"taxonomy":"product_tag","embeddable":true,"href":"https:\/\/geliurasa.lt\/index.php\/wp-json\/wp\/v2\/product_tag?post=37309"}],"curies":[{"name":"wp","href":"https:\/\/api.w.org\/{rel}","templated":true}]}}