{"id":37329,"date":"2023-02-25T18:27:17","date_gmt":"2023-02-25T16:27:17","guid":{"rendered":"https:\/\/geliurasa.lt\/?post_type=product&#038;p=37329"},"modified":"2026-04-15T19:02:59","modified_gmt":"2026-04-15T16:02:59","slug":"paprastoji-kraujazole-colorado-mix","status":"publish","type":"product","link":"https:\/\/geliurasa.lt\/index.php\/produktas\/paprastoji-kraujazole-colorado-mix\/","title":{"rendered":"Paprastoji krauja\u017eol\u0117 Colorado mix"},"content":{"rendered":"<p>Krauja\u017eol\u0117 \u201eColorado\u201c atskir\u0173 ker\u0173 \u017eied\u0173 spalvos varijuoja &#8211; ro\u017ein\u0117, abrikosin\u0117, raudona, gelsva, balta, sm\u0117lin\u0117, \u017eiedynus tinka skinti, d\u017eiovinti. \u017dydi 6-9 m\u0117n., nu\u017eyd\u0117jusius \u017eiedynus nukirpus ruden\u012f, \u017eydi antr\u0105 kart\u0105. Krauja\u017eol\u0117s nat\u016bralistinio stiliaus \u017eeldyn\u0173 puo\u0161mena.<\/p>\n<p><span class=\"jCAhz ChMk0b\"><span class=\"ryNqvb\">Pasis\u0117jus namie, dar \u0161iais metais, ruden\u012f sulauksite \u017eied\u0173. D\u0117l greitesnio dygimo, s\u0117kloms reikalingas \u0161altasis periodas, 1-2 savaites.\u00a0 Pavir\u0161inis s\u0117jamas ant dr\u0117gno gerai nusausinto\u00a0 komposto.<\/span><\/span> <span class=\"jCAhz ChMk0b\"><span class=\"ryNqvb\">Neu\u017edengti s\u0117kl\u0173, nes \u0161viesa padeda dygti.<\/span><\/span> Galima s\u0117klas padengti plonu vermikulito sluoksniu. Dygsta<span class=\"jCAhz ChMk0b\"><span class=\"ryNqvb\"> \u0161iltoje 18-25\u00b0C temperat\u016broje. Geriau laistyti i\u0161 apa\u010dios,<\/span><\/span> l<span class=\"jCAhz ChMk0b\"><span class=\"ryNqvb\">aikyti dr\u0117gnai, bet ne \u0161lapiai.<\/span><\/span> <span class=\"jCAhz ChMk0b\"><span class=\"ryNqvb\">Dygimas trunka 5-10 dien\u0173.<\/span><\/span> Pavasar\u012f, p<span class=\"jCAhz ChMk0b\"><span class=\"ryNqvb\">asibaigus \u0161aln\u0173 pavojui, galima s\u0117ti lauke, ir s\u0117ti vis\u0105 ruden\u012f iki lapkri\u010dio.<\/span><\/span><\/p>\n<p>&nbsp;<\/p>\n","protected":false},"excerpt":{"rendered":"<div>\n<div>Achillea millefolium<\/div>\n<div><strong>Gamintojas:\u00a0<\/strong>Olandija<\/div>\n<div><strong>Grup\u0117: <\/strong>daugiametis<\/div>\n<div><strong>Kiekis pakelyje:<\/strong> 0,2g \u2248 500 s\u0117kl\u0173<\/div>\n<div><strong>Auk\u0161tis cm:<\/strong> 60-70<\/div>\n<div><strong>S\u0117ti m\u0117n.: <\/strong>IV, lauke V<\/div>\n<div><strong>Vieta:<\/strong> saul\u0117ta, dalinis pav\u0117sis<\/div>\n<div><strong>Dirva: <\/strong>neutrali, \u012fvairaus tipo<\/div>\n<\/div>\n<div><strong>\u017diemojimo zona: <\/strong>3a-8b<\/div>\n","protected":false},"featured_media":37301,"comment_status":"open","ping_status":"closed","template":"","meta":{"jetpack_publicize_message":"","jetpack_publicize_feature_enabled":true,"jetpack_social_post_already_shared":true,"jetpack_social_options":{"image_generator_settings":{"template":"highway","default_image_id":0,"font":"","enabled":false},"version":2}},"product_brand":[],"product_cat":[126,303,42],"product_tag":[176,177,52,51],"class_list":{"0":"post-37329","1":"product","2":"type-product","3":"status-publish","4":"has-post-thumbnail","6":"product_cat-daugiameciu-geliu-seklos","7":"product_cat-kraujazoles","8":"product_cat-seklos","9":"product_tag-achillea","10":"product_tag-kraujazole","11":"product_tag-seeds","12":"product_tag-seklos","13":"product_shipping_class-seklos","15":"first","16":"instock","17":"shipping-taxable","18":"purchasable","19":"product-type-simple"},"jetpack_publicize_connections":[],"jetpack_sharing_enabled":true,"_links":{"self":[{"href":"https:\/\/geliurasa.lt\/index.php\/wp-json\/wp\/v2\/product\/37329","targetHints":{"allow":["GET"]}}],"collection":[{"href":"https:\/\/geliurasa.lt\/index.php\/wp-json\/wp\/v2\/product"}],"about":[{"href":"https:\/\/geliurasa.lt\/index.php\/wp-json\/wp\/v2\/types\/product"}],"replies":[{"embeddable":true,"href":"https:\/\/geliurasa.lt\/index.php\/wp-json\/wp\/v2\/comments?post=37329"}],"wp:featuredmedia":[{"embeddable":true,"href":"https:\/\/geliurasa.lt\/index.php\/wp-json\/wp\/v2\/media\/37301"}],"wp:attachment":[{"href":"https:\/\/geliurasa.lt\/index.php\/wp-json\/wp\/v2\/media?parent=37329"}],"wp:term":[{"taxonomy":"product_brand","embeddable":true,"href":"https:\/\/geliurasa.lt\/index.php\/wp-json\/wp\/v2\/product_brand?post=37329"},{"taxonomy":"product_cat","embeddable":true,"href":"https:\/\/geliurasa.lt\/index.php\/wp-json\/wp\/v2\/product_cat?post=37329"},{"taxonomy":"product_tag","embeddable":true,"href":"https:\/\/geliurasa.lt\/index.php\/wp-json\/wp\/v2\/product_tag?post=37329"}],"curies":[{"name":"wp","href":"https:\/\/api.w.org\/{rel}","templated":true}]}}