{"id":37372,"date":"2023-02-27T01:15:31","date_gmt":"2023-02-26T23:15:31","guid":{"rendered":"https:\/\/geliurasa.lt\/?post_type=product&#038;p=37372"},"modified":"2026-04-07T15:04:09","modified_gmt":"2026-04-07T12:04:09","slug":"paprastoji-kosmeja-apollo-mix","status":"publish","type":"product","link":"https:\/\/geliurasa.lt\/index.php\/produktas\/paprastoji-kosmeja-apollo-mix\/","title":{"rendered":"Paprastoji kosm\u0117ja Apollo Mix"},"content":{"rendered":"<p><span class=\"jCAhz ChMk0b\"><span class=\"ryNqvb\">Apollo kosm\u0117ja tvirt\u0173 stieb\u0173, pasi\u017eyminti gausiu kiekiu \u017eied\u0173, nat\u016braliai kompakti\u0161ka, apie 45cm \u016bgio.\u00a0 \u017diedai su auksine \u0161irdele balt\u0173, ro\u017eini\u0173, alyvini\u0173 ir karminio raudonumo atspalvi\u0173, 10 cm dyd\u017eio. <\/span><\/span><\/p>\n<p>&nbsp;<\/p>\n<p>&nbsp;<\/p>\n","protected":false},"excerpt":{"rendered":"<div>Cosmos bipinnatus<\/div>\n<div><strong>Gamintojas:\u00a0<\/strong>Olandija<\/div>\n<div><strong>Grup\u0117:<\/strong> Vienmet\u0117<\/div>\n<div><strong>Kiekis pakelyje:<\/strong> 20 s\u0117kl\u0173<\/div>\n<div><strong>Auk\u0161tis cm: <\/strong>45<\/div>\n<div><strong>S\u0117ti m\u0117n.:<\/strong> III-IV-V<\/div>\n<div><strong>Vieta:<\/strong> saul\u0117ta-pav\u0117sis<\/div>\n<div><strong>Dirva:<\/strong> \u012fvairi<\/div>\n<div><\/div>\n","protected":false},"featured_media":37374,"comment_status":"open","ping_status":"closed","template":"","meta":{"jetpack_publicize_message":"","jetpack_publicize_feature_enabled":true,"jetpack_social_post_already_shared":true,"jetpack_social_options":{"image_generator_settings":{"template":"highway","default_image_id":0,"font":"","enabled":false},"version":2}},"product_brand":[],"product_cat":[120,42,128],"product_tag":[122,121,52,51],"class_list":{"0":"post-37372","1":"product","2":"type-product","3":"status-publish","4":"has-post-thumbnail","6":"product_cat-kosmeja","7":"product_cat-seklos","8":"product_cat-vienmeciu-geliu-seklos","9":"product_tag-cosmos","10":"product_tag-kosmeja","11":"product_tag-seeds","12":"product_tag-seklos","13":"product_shipping_class-seklos","15":"first","16":"instock","17":"shipping-taxable","18":"purchasable","19":"product-type-simple"},"jetpack_publicize_connections":[],"jetpack_sharing_enabled":true,"_links":{"self":[{"href":"https:\/\/geliurasa.lt\/index.php\/wp-json\/wp\/v2\/product\/37372","targetHints":{"allow":["GET"]}}],"collection":[{"href":"https:\/\/geliurasa.lt\/index.php\/wp-json\/wp\/v2\/product"}],"about":[{"href":"https:\/\/geliurasa.lt\/index.php\/wp-json\/wp\/v2\/types\/product"}],"replies":[{"embeddable":true,"href":"https:\/\/geliurasa.lt\/index.php\/wp-json\/wp\/v2\/comments?post=37372"}],"wp:featuredmedia":[{"embeddable":true,"href":"https:\/\/geliurasa.lt\/index.php\/wp-json\/wp\/v2\/media\/37374"}],"wp:attachment":[{"href":"https:\/\/geliurasa.lt\/index.php\/wp-json\/wp\/v2\/media?parent=37372"}],"wp:term":[{"taxonomy":"product_brand","embeddable":true,"href":"https:\/\/geliurasa.lt\/index.php\/wp-json\/wp\/v2\/product_brand?post=37372"},{"taxonomy":"product_cat","embeddable":true,"href":"https:\/\/geliurasa.lt\/index.php\/wp-json\/wp\/v2\/product_cat?post=37372"},{"taxonomy":"product_tag","embeddable":true,"href":"https:\/\/geliurasa.lt\/index.php\/wp-json\/wp\/v2\/product_tag?post=37372"}],"curies":[{"name":"wp","href":"https:\/\/api.w.org\/{rel}","templated":true}]}}