{"id":37380,"date":"2023-02-27T14:00:10","date_gmt":"2023-02-27T12:00:10","guid":{"rendered":"https:\/\/geliurasa.lt\/?post_type=product&#038;p=37380"},"modified":"2026-04-14T15:43:09","modified_gmt":"2026-04-14T12:43:09","slug":"rusmene-hybrida-pams-split","status":"publish","type":"product","link":"https:\/\/geliurasa.lt\/index.php\/produktas\/rusmene-hybrida-pams-split\/","title":{"rendered":"Rusmen\u0117 hybrida  Pam&#8217;s Split, \u00a0Pam&#8217;s Choce"},"content":{"rendered":"<p><span class=\"jCAhz ChMk0b\"><span class=\"ryNqvb\">Unikali\u00a0 Pam&#8217;s Split rusmen\u0117, turinti\u00a0 ne\u012fprast\u0105 \u201eskilusio \u017eiedlapio\u201c efekt\u0105, suteikiant\u012f joms \u0161iek tiek rauk\u0161l\u0117t\u0105 i\u0161vaizd\u0105. \u0160i veisl\u0117 yra \u0161iek tiek trumpesn\u0117 ir daugiastieb\u0117 i\u0161 pagrindo, tod\u0117l ilgai ir i\u0161lieka \u012fsp\u016bdingi balti \u017eiedai su d\u0117m\u0117tomis gerkl\u0117mis.\u00a0<\/span><\/span><span class=\"jCAhz ChMk0b\"><span class=\"ryNqvb\">Pam&#8217;s Choce rusmen\u0117 auk\u0161tesn\u0117 u\u017e Pam&#8217;s Split. Varpeliai \u012fprastos formos, bet nema\u017eiau \u017eavingi su ry\u0161kiai \u0161vie\u010dian\u010dia ka\u0161tonine d\u0117me. Abi veisl\u0117s g\u0117lyne \u012fsp\u016bdingai atrodo.\u00a0<\/span><\/span><\/p>\n<p><span class=\"jCAhz ChMk0b\"><span class=\"ryNqvb\">\u00a0<\/span><\/span>\u00a0D\u0117l geresnio dygimo , s\u0117klas rekomenduojama pa\u0161aldyti. Dygimui reikalinga <strong>\u0161viesa<\/strong>, s\u0117klas u\u017eteks lengvai \u012fspausti pavir\u0161iuje. <span class=\"jCAhz ChMk0b\"><span class=\"ryNqvb\">Ideali dygimo temp.<\/span><\/span> <span class=\"jCAhz ChMk0b\"><span class=\"ryNqvb\">15-20\u00b0C. Dygsta 15-20 dien\u0173. Anksti pas\u0117jus, gali su\u017eyd\u0117ti tais pa\u010diais metais. Ruden\u012f galima pasirinkti s\u0117kl\u0173, arba leisti pa\u010dioms pasis\u0117ti.<\/span><\/span><\/p>\n<p>&nbsp;<\/p>\n<p>&nbsp;<\/p>\n","protected":false},"excerpt":{"rendered":"<div>Digitalis hybrida<\/div>\n<div><strong>Gamintojas: <\/strong>Olandija<\/div>\n<div><strong>Grup\u0117:<\/strong> dvimet\u0117<\/div>\n<div><strong>Kiekis pakelyje:<\/strong> 20 s\u0117kl\u0173<\/div>\n<div><strong>Auk\u0161tis cm: <\/strong>120<\/div>\n<div><strong>S\u0117ti m\u0117n.:<\/strong> I-III, lauke IV-V<\/div>\n<div><strong>Vieta:<\/strong> saul\u0117ta-pav\u0117sis<\/div>\n<div><strong>Dirva: <\/strong>\u012fvairi<\/div>\n<div><\/div>\n","protected":false},"featured_media":37383,"comment_status":"open","ping_status":"closed","template":"","meta":{"jetpack_publicize_message":"","jetpack_publicize_feature_enabled":true,"jetpack_social_post_already_shared":true,"jetpack_social_options":{"image_generator_settings":{"template":"highway","default_image_id":0,"font":"","enabled":false},"version":2}},"product_brand":[],"product_cat":[134,135,42],"product_tag":[133,132,52,51],"class_list":{"0":"post-37380","1":"product","2":"type-product","3":"status-publish","4":"has-post-thumbnail","6":"product_cat-dvimetes-geliu-seklos","7":"product_cat-rusmenes","8":"product_cat-seklos","9":"product_tag-digitalis","10":"product_tag-rusmene","11":"product_tag-seeds","12":"product_tag-seklos","13":"product_shipping_class-seklos","15":"first","16":"instock","17":"shipping-taxable","18":"purchasable","19":"product-type-variable"},"jetpack_publicize_connections":[],"jetpack_sharing_enabled":true,"_links":{"self":[{"href":"https:\/\/geliurasa.lt\/index.php\/wp-json\/wp\/v2\/product\/37380","targetHints":{"allow":["GET"]}}],"collection":[{"href":"https:\/\/geliurasa.lt\/index.php\/wp-json\/wp\/v2\/product"}],"about":[{"href":"https:\/\/geliurasa.lt\/index.php\/wp-json\/wp\/v2\/types\/product"}],"replies":[{"embeddable":true,"href":"https:\/\/geliurasa.lt\/index.php\/wp-json\/wp\/v2\/comments?post=37380"}],"wp:featuredmedia":[{"embeddable":true,"href":"https:\/\/geliurasa.lt\/index.php\/wp-json\/wp\/v2\/media\/37383"}],"wp:attachment":[{"href":"https:\/\/geliurasa.lt\/index.php\/wp-json\/wp\/v2\/media?parent=37380"}],"wp:term":[{"taxonomy":"product_brand","embeddable":true,"href":"https:\/\/geliurasa.lt\/index.php\/wp-json\/wp\/v2\/product_brand?post=37380"},{"taxonomy":"product_cat","embeddable":true,"href":"https:\/\/geliurasa.lt\/index.php\/wp-json\/wp\/v2\/product_cat?post=37380"},{"taxonomy":"product_tag","embeddable":true,"href":"https:\/\/geliurasa.lt\/index.php\/wp-json\/wp\/v2\/product_tag?post=37380"}],"curies":[{"name":"wp","href":"https:\/\/api.w.org\/{rel}","templated":true}]}}