{"id":37427,"date":"2023-02-28T20:51:47","date_gmt":"2023-02-28T18:51:47","guid":{"rendered":"https:\/\/geliurasa.lt\/?post_type=product&#038;p=37427"},"modified":"2026-03-31T22:17:24","modified_gmt":"2026-03-31T19:17:24","slug":"darzelinis-gumbinas-margenis-wizard-velvet-red","status":"publish","type":"product","link":"https:\/\/geliurasa.lt\/index.php\/produktas\/darzelinis-gumbinas-margenis-wizard-velvet-red\/","title":{"rendered":"Dar\u017eelinis gumbinas (Margenis) Fairway Red Velvet"},"content":{"rendered":"<p><span class=\"jCAhz ChMk0b\"><span class=\"ryNqvb\">Aksomin\u0117s, rudai vy\u0161nin\u0117s spalvos\u00a0 \u017eema\u016bgis margenis, lengvai auginamas tropinis augalas. \u0160ie margeniai puikiai \u0161akojasi. J\u0173 v\u0117lyvas \u017eyd\u0117jimas, prailgina lap\u0173 gro\u017e\u012f. Labai populiarus\u00a0 vazon\u0173 lapinis augalas, kuris vienodai gerai auga lauke kaip vienmetis, arba patalpose kaip kambarinis augalas.\u00a0<\/span><\/span><\/p>\n<p><span class=\"jCAhz ChMk0b\"><span class=\"ryNqvb\">S\u0117kloms sudygti reikalinga \u0161viesa, tod\u0117l tik \u012fspaud\u017eiamos. <\/span><\/span><span class=\"jCAhz ChMk0b\"><span class=\"ryNqvb\">Sudygsta per 10\u201314 dien\u0173. Kuo labiau skinamos vir\u0161\u016bn\u0117s, tuo gra\u017eesnis ir kompakti\u0161kesnis augalas bus.\u00a0<\/span><\/span><\/p>\n<p class=\"page_title\">\n","protected":false},"excerpt":{"rendered":"<div>Solenostemon scutellerioides (Coleus blumei)<\/div>\n<div><strong>Gamintojas:\u00a0<\/strong>Olandija<\/div>\n<div><strong>Grup\u0117:<\/strong>\u00a0Vienmet\u0117<\/div>\n<div><strong>Kiekis pakelyje:<\/strong> 20 s\u0117kl\u0173<\/div>\n<div><strong>Auk\u0161tis cm: <\/strong>25<\/div>\n<div><strong>S\u0117ti m\u0117n.:<\/strong> I-III<\/div>\n<div><strong>Vieta:<\/strong> dalinis pav\u0117sis<\/div>\n<div>Dirva: derlinga, laidi dr\u0117gmei<\/div>\n","protected":false},"featured_media":43223,"comment_status":"open","ping_status":"closed","template":"","meta":{"jetpack_publicize_message":"","jetpack_publicize_feature_enabled":true,"jetpack_social_post_already_shared":true,"jetpack_social_options":{"image_generator_settings":{"template":"highway","default_image_id":0,"font":"","enabled":false},"version":2}},"product_brand":[],"product_cat":[190,99,128,42],"product_tag":[189,188,52,51],"class_list":{"0":"post-37427","1":"product","2":"type-product","3":"status-publish","4":"has-post-thumbnail","6":"product_cat-margeniai","7":"product_cat-naujos-prekes","8":"product_cat-vienmeciu-geliu-seklos","9":"product_cat-seklos","10":"product_tag-coleus","11":"product_tag-margenis","12":"product_tag-seeds","13":"product_tag-seklos","14":"product_shipping_class-seklos","16":"first","17":"instock","18":"shipping-taxable","19":"purchasable","20":"product-type-simple"},"jetpack_publicize_connections":[],"jetpack_sharing_enabled":true,"_links":{"self":[{"href":"https:\/\/geliurasa.lt\/index.php\/wp-json\/wp\/v2\/product\/37427","targetHints":{"allow":["GET"]}}],"collection":[{"href":"https:\/\/geliurasa.lt\/index.php\/wp-json\/wp\/v2\/product"}],"about":[{"href":"https:\/\/geliurasa.lt\/index.php\/wp-json\/wp\/v2\/types\/product"}],"replies":[{"embeddable":true,"href":"https:\/\/geliurasa.lt\/index.php\/wp-json\/wp\/v2\/comments?post=37427"}],"wp:featuredmedia":[{"embeddable":true,"href":"https:\/\/geliurasa.lt\/index.php\/wp-json\/wp\/v2\/media\/43223"}],"wp:attachment":[{"href":"https:\/\/geliurasa.lt\/index.php\/wp-json\/wp\/v2\/media?parent=37427"}],"wp:term":[{"taxonomy":"product_brand","embeddable":true,"href":"https:\/\/geliurasa.lt\/index.php\/wp-json\/wp\/v2\/product_brand?post=37427"},{"taxonomy":"product_cat","embeddable":true,"href":"https:\/\/geliurasa.lt\/index.php\/wp-json\/wp\/v2\/product_cat?post=37427"},{"taxonomy":"product_tag","embeddable":true,"href":"https:\/\/geliurasa.lt\/index.php\/wp-json\/wp\/v2\/product_tag?post=37427"}],"curies":[{"name":"wp","href":"https:\/\/api.w.org\/{rel}","templated":true}]}}