{"id":37464,"date":"2023-03-01T13:27:54","date_gmt":"2023-03-01T11:27:54","guid":{"rendered":"https:\/\/geliurasa.lt\/?post_type=product&#038;p=37464"},"modified":"2026-03-23T15:49:49","modified_gmt":"2026-03-23T13:49:49","slug":"aguona-rutuline-bowling-ball","status":"publish","type":"product","link":"https:\/\/geliurasa.lt\/index.php\/produktas\/aguona-rutuline-bowling-ball\/","title":{"rendered":"Aguona  dekoratyvin\u0117 rutulin\u0117 Bowling Ball"},"content":{"rendered":"<p>Aguona, u\u017eauginanti didelius bumbulus.\u00a0 Naudojama kaip floristin\u0117 med\u017eiaga.<\/p>\n","protected":false},"excerpt":{"rendered":"<div>Papaver somniferum<\/div>\n<div><strong>Gamintojas:\u00a0<\/strong>Olandija<\/div>\n<div><strong>Grup\u0117:<\/strong>\u00a0Vienmet\u0117<\/div>\n<div><strong>Kiekis pakelyje:<\/strong> 0,3g<\/div>\n<div><strong>Auk\u0161tis cm: <\/strong>75<\/div>\n<div><strong>S\u0117ti m\u0117n.: <\/strong>IV-V<\/div>\n<div><strong>Vieta:<\/strong> saul\u0117ta, dalinis pav\u0117sis<\/div>\n<div><strong>Dirva:<\/strong> \u012fvairi, derlinga<\/div>\n","protected":false},"featured_media":37467,"comment_status":"open","ping_status":"closed","template":"","meta":{"jetpack_publicize_message":"","jetpack_publicize_feature_enabled":true,"jetpack_social_post_already_shared":true,"jetpack_social_options":{"image_generator_settings":{"template":"highway","default_image_id":0,"font":"","enabled":false},"version":2}},"product_brand":[],"product_cat":[194,128,42],"product_tag":[67,68,52,51],"class_list":{"0":"post-37464","1":"product","2":"type-product","3":"status-publish","4":"has-post-thumbnail","6":"product_cat-aguonu-seklos","7":"product_cat-vienmeciu-geliu-seklos","8":"product_cat-seklos","9":"product_tag-aguona","10":"product_tag-papaver","11":"product_tag-seeds","12":"product_tag-seklos","13":"product_shipping_class-seklos","15":"first","16":"instock","17":"shipping-taxable","18":"purchasable","19":"product-type-simple"},"jetpack_publicize_connections":[],"jetpack_sharing_enabled":true,"_links":{"self":[{"href":"https:\/\/geliurasa.lt\/index.php\/wp-json\/wp\/v2\/product\/37464","targetHints":{"allow":["GET"]}}],"collection":[{"href":"https:\/\/geliurasa.lt\/index.php\/wp-json\/wp\/v2\/product"}],"about":[{"href":"https:\/\/geliurasa.lt\/index.php\/wp-json\/wp\/v2\/types\/product"}],"replies":[{"embeddable":true,"href":"https:\/\/geliurasa.lt\/index.php\/wp-json\/wp\/v2\/comments?post=37464"}],"wp:featuredmedia":[{"embeddable":true,"href":"https:\/\/geliurasa.lt\/index.php\/wp-json\/wp\/v2\/media\/37467"}],"wp:attachment":[{"href":"https:\/\/geliurasa.lt\/index.php\/wp-json\/wp\/v2\/media?parent=37464"}],"wp:term":[{"taxonomy":"product_brand","embeddable":true,"href":"https:\/\/geliurasa.lt\/index.php\/wp-json\/wp\/v2\/product_brand?post=37464"},{"taxonomy":"product_cat","embeddable":true,"href":"https:\/\/geliurasa.lt\/index.php\/wp-json\/wp\/v2\/product_cat?post=37464"},{"taxonomy":"product_tag","embeddable":true,"href":"https:\/\/geliurasa.lt\/index.php\/wp-json\/wp\/v2\/product_tag?post=37464"}],"curies":[{"name":"wp","href":"https:\/\/api.w.org\/{rel}","templated":true}]}}