{"id":37501,"date":"2023-03-01T17:52:32","date_gmt":"2023-03-01T15:52:32","guid":{"rendered":"https:\/\/geliurasa.lt\/?post_type=product&#038;p=37501"},"modified":"2026-02-27T15:29:18","modified_gmt":"2026-02-27T13:29:18","slug":"varpotoji-celiozija-xantippe","status":"publish","type":"product","link":"https:\/\/geliurasa.lt\/index.php\/produktas\/varpotoji-celiozija-xantippe\/","title":{"rendered":"Varpotoji celiozija Xantippe"},"content":{"rendered":"<p><span class=\"jCAhz ChMk0b\"><span class=\"ryNqvb\">Nauja 2023 met\u0173 veisl\u0117. Anksti \u017eydin\u010dios, rausvos spalvos pereinan\u010dios iki sidabrin\u0117s spalvos, puiki skinta ir\u00a0 kaip sausa\u017eied\u0117 g\u0117l\u0117.<\/span><\/span><\/p>\n<p>S\u0117klos dygsta prie\u00a0 +15\u201320 \u00b0C .Sudygsta per 14-28 dienas. Jauni daigeliai bijo vandens pertekliaus, s\u0117klas galima u\u017epilti tik vermikulitu. Daigai \u012f g\u0117lynus sodinami pasibaigus \u0161aln\u0173 pavojui.<\/p>\n","protected":false},"excerpt":{"rendered":"<div>Celosia spicata<\/div>\n<div><strong>Gamintojas:\u00a0<\/strong>Olandija<\/div>\n<div><strong>Grup\u0117:<\/strong> vienmet\u0117<\/div>\n<div><strong>Kiekis pakelyje:<\/strong> 0,10g \u2248 140 s\u0117kl\u0173<\/div>\n<div><strong>Auk\u0161tis cm: <\/strong>75<\/div>\n<div><strong>S\u0117ti m\u0117n.: <\/strong>II-IV, XI<\/div>\n<div><strong>Vieta:<\/strong> saul\u0117ta, dalinis pav\u0117sis<\/div>\n<div><strong>Dirva:<\/strong> dr\u0117gmei laidi, derlinga<\/div>\n<div><\/div>\n","protected":false},"featured_media":37504,"comment_status":"open","ping_status":"closed","template":"","meta":{"jetpack_publicize_message":"","jetpack_publicize_feature_enabled":true,"jetpack_social_post_already_shared":true,"jetpack_social_options":{"image_generator_settings":{"template":"highway","default_image_id":0,"font":"","enabled":false},"version":2}},"product_brand":[],"product_cat":[128,42],"product_tag":[150,52,51],"class_list":{"0":"post-37501","1":"product","2":"type-product","3":"status-publish","4":"has-post-thumbnail","6":"product_cat-vienmeciu-geliu-seklos","7":"product_cat-seklos","8":"product_tag-celiozija","9":"product_tag-seeds","10":"product_tag-seklos","11":"product_shipping_class-seklos","13":"first","14":"instock","15":"shipping-taxable","16":"purchasable","17":"product-type-simple"},"jetpack_publicize_connections":[],"jetpack_sharing_enabled":true,"_links":{"self":[{"href":"https:\/\/geliurasa.lt\/index.php\/wp-json\/wp\/v2\/product\/37501","targetHints":{"allow":["GET"]}}],"collection":[{"href":"https:\/\/geliurasa.lt\/index.php\/wp-json\/wp\/v2\/product"}],"about":[{"href":"https:\/\/geliurasa.lt\/index.php\/wp-json\/wp\/v2\/types\/product"}],"replies":[{"embeddable":true,"href":"https:\/\/geliurasa.lt\/index.php\/wp-json\/wp\/v2\/comments?post=37501"}],"wp:featuredmedia":[{"embeddable":true,"href":"https:\/\/geliurasa.lt\/index.php\/wp-json\/wp\/v2\/media\/37504"}],"wp:attachment":[{"href":"https:\/\/geliurasa.lt\/index.php\/wp-json\/wp\/v2\/media?parent=37501"}],"wp:term":[{"taxonomy":"product_brand","embeddable":true,"href":"https:\/\/geliurasa.lt\/index.php\/wp-json\/wp\/v2\/product_brand?post=37501"},{"taxonomy":"product_cat","embeddable":true,"href":"https:\/\/geliurasa.lt\/index.php\/wp-json\/wp\/v2\/product_cat?post=37501"},{"taxonomy":"product_tag","embeddable":true,"href":"https:\/\/geliurasa.lt\/index.php\/wp-json\/wp\/v2\/product_tag?post=37501"}],"curies":[{"name":"wp","href":"https:\/\/api.w.org\/{rel}","templated":true}]}}