{"id":37526,"date":"2023-03-02T14:55:51","date_gmt":"2023-03-02T12:55:51","guid":{"rendered":"https:\/\/geliurasa.lt\/?post_type=product&#038;p=37526"},"modified":"2026-04-13T11:49:30","modified_gmt":"2026-04-13T08:49:30","slug":"dekoratyviniai-moliugai-orangita-pmt-f1","status":"publish","type":"product","link":"https:\/\/geliurasa.lt\/index.php\/produktas\/dekoratyviniai-moliugai-orangita-pmt-f1\/","title":{"rendered":"Dekoratyviniai moli\u016bgai Orangita pmt f1"},"content":{"rendered":"<p><span class=\"jCAhz ChMk0b\"><span class=\"ryNqvb\">\u012esp\u016bdinga naujov\u0117 i\u0161 JAV ir <strong>dekoratyvi,<\/strong> ir <strong>greitai<\/strong> paruo\u0161iama mikrobang\u0173 krosnel\u0117je arba \u012fdaryta orkait\u0117je. Orangita yra gra\u017eiai briaunota ir sveria 500\u2013700 g .<\/span><\/span>\u00a0<span class=\"jCAhz ChMk0b\"><span class=\"ryNqvb\">\u0160i produktyvi veisl\u0117 yra atspari miltligei.<\/span><\/span>\u00a0<span class=\"jCAhz ChMk0b\"><span class=\"ryNqvb\">Kompakti\u0161kas, kr\u016bminis augimas . Vaisius galima skinti po 90 dien\u0173.<\/span><\/span><\/p>\n<p>S\u0117klos 2-3 cm gyliu s\u0117jamos \u012f vazon\u0117lius baland\u017eio m\u0117nes\u012f. I\u0161 vakaro s\u0117klas galima pamerkti \u012f vanden\u012f, ryte s\u0117ti. Daigai i\u0161ne\u0161ami\u00a0 tik pra\u0117jus \u0161aln\u0173 pavojui, sodinami saul\u0117toje vietoje, humusingoje dirvoje, 120 &#8211; 140 cm atstumu. Galima s\u0117ti \u012f atvir\u0105 lauk\u0105\u00a0 gegu\u017e\u0119. Galima auginti bet kokioje sodo dirvoje saul\u0117toje vietoje.\u00a0 Derlius nuimamas rugs\u0117jo m\u0117nes\u012f, kai sausa ir vaisiai jau subrend\u0119 ir kieti.<\/p>\n","protected":false},"excerpt":{"rendered":"<div>Cucurbita pepo<\/div>\n<div><strong>Gamintojas:\u00a0<\/strong>Olandija<\/div>\n<div><strong>Grup\u0117:<\/strong> Vienmet\u0117<\/div>\n<div><strong>Kiekis pakelyje:<\/strong> 3 s\u0117klos<\/div>\n<div>\n<div><strong>S\u0117ti m\u0117n.:\u00a0 <\/strong>III-V<\/div>\n<div><strong>Vieta:<\/strong> saul\u0117ta<\/div>\n<div><strong>Dirva:<\/strong> \u012fvairi, derlinga<\/div>\n<\/div>\n","protected":false},"featured_media":37527,"comment_status":"open","ping_status":"closed","template":"","meta":{"jetpack_publicize_message":"","jetpack_publicize_feature_enabled":true,"jetpack_social_post_already_shared":true,"jetpack_social_options":{"image_generator_settings":{"template":"highway","default_image_id":0,"font":"","enabled":false},"version":2}},"product_brand":[],"product_cat":[196,42,128],"product_tag":[197,198,52,51],"class_list":{"0":"post-37526","1":"product","2":"type-product","3":"status-publish","4":"has-post-thumbnail","6":"product_cat-dekoratyviniai-moliugeliai","7":"product_cat-seklos","8":"product_cat-vienmeciu-geliu-seklos","9":"product_tag-cucurbita","10":"product_tag-moliugas","11":"product_tag-seeds","12":"product_tag-seklos","13":"product_shipping_class-seklos","15":"first","16":"instock","17":"shipping-taxable","18":"purchasable","19":"product-type-simple"},"jetpack_publicize_connections":[],"jetpack_sharing_enabled":true,"_links":{"self":[{"href":"https:\/\/geliurasa.lt\/index.php\/wp-json\/wp\/v2\/product\/37526","targetHints":{"allow":["GET"]}}],"collection":[{"href":"https:\/\/geliurasa.lt\/index.php\/wp-json\/wp\/v2\/product"}],"about":[{"href":"https:\/\/geliurasa.lt\/index.php\/wp-json\/wp\/v2\/types\/product"}],"replies":[{"embeddable":true,"href":"https:\/\/geliurasa.lt\/index.php\/wp-json\/wp\/v2\/comments?post=37526"}],"wp:featuredmedia":[{"embeddable":true,"href":"https:\/\/geliurasa.lt\/index.php\/wp-json\/wp\/v2\/media\/37527"}],"wp:attachment":[{"href":"https:\/\/geliurasa.lt\/index.php\/wp-json\/wp\/v2\/media?parent=37526"}],"wp:term":[{"taxonomy":"product_brand","embeddable":true,"href":"https:\/\/geliurasa.lt\/index.php\/wp-json\/wp\/v2\/product_brand?post=37526"},{"taxonomy":"product_cat","embeddable":true,"href":"https:\/\/geliurasa.lt\/index.php\/wp-json\/wp\/v2\/product_cat?post=37526"},{"taxonomy":"product_tag","embeddable":true,"href":"https:\/\/geliurasa.lt\/index.php\/wp-json\/wp\/v2\/product_tag?post=37526"}],"curies":[{"name":"wp","href":"https:\/\/api.w.org\/{rel}","templated":true}]}}