{"id":37531,"date":"2023-03-02T23:01:58","date_gmt":"2023-03-02T21:01:58","guid":{"rendered":"https:\/\/geliurasa.lt\/?post_type=product&#038;p=37531"},"modified":"2026-03-19T23:08:25","modified_gmt":"2026-03-19T21:08:25","slug":"dekoratyviniai-moliugai-pepo-white-pearl","status":"publish","type":"product","link":"https:\/\/geliurasa.lt\/index.php\/produktas\/dekoratyviniai-moliugai-pepo-white-pearl\/","title":{"rendered":"Dekoratyviniai moli\u016bgai pepo White Pearl"},"content":{"rendered":"<div class=\"ccvoYb EjH7wc\">\n<div class=\"AxqVh\">\n<div class=\"OPPzxe\">\n<div class=\"QcsUad BDJ8fb BLojaf\">\n<div class=\"usGWQd\" aria-live=\"polite\">\n<div class=\"KkbLmb\">\n<div class=\"lRu31\"><span class=\"HwtZe\" lang=\"lt\"><span class=\"jCAhz ChMk0b\"><span class=\"ryNqvb\">Baltasis perlas yra apvalios formos, o vaisiai yra balti su i\u0161kilimais.<\/span><\/span> <span class=\"jCAhz ChMk0b\"><span class=\"ryNqvb\">Vienas moli\u016bgas sveria apie 0,5 kilogramo.<\/span><\/span> \u00a0<span class=\"jCAhz ChMk0b\"><span class=\"ryNqvb\">D\u0117l puikaus skonio ir dekoratyvumo labai vertinami. Augimo forma kaip kr\u016bminio augalo. Kaip ir visi balti moli\u016bgai, White Pearl tur\u0117t\u0173 b\u016bti laikomi tamsoje, kad b\u016bt\u0173 i\u0161saugota balta spalva.<\/span><\/span><\/span><\/div>\n<div class=\"UdTY9 WdefRb\" aria-hidden=\"true\" data-location=\"2\">\n<div class=\"kO6q6e\"><\/div>\n<\/div>\n<\/div>\n<\/div>\n<\/div>\n<\/div>\n<\/div>\n<\/div>\n<p>S\u0117klos 2-3 cm gyliu s\u0117jamos \u012f vazon\u0117lius baland\u017eio m\u0117nes\u012f. I\u0161 vakaro s\u0117klas galima pamerkti \u012f vanden\u012f, ryte s\u0117ti. Daigai i\u0161ne\u0161ami\u00a0 tik pra\u0117jus \u0161aln\u0173 pavojui, sodinami saul\u0117toje vietoje, humusingoje dirvoje, 120 &#8211; 140 cm atstumu. Galima s\u0117ti \u012f atvir\u0105 lauk\u0105\u00a0 gegu\u017e\u0119. Galima auginti bet kokioje sodo dirvoje saul\u0117toje vietoje. Pasodinus tankiau ir skurdesn\u0117je dirvoje, u\u017eaugs smulkesni vaisiai (\u017ei\u016brint, kam bus jie auginami maistui, ar d\u0117l gro\u017eio). Derlius nuimamas rugs\u0117jo m\u0117nes\u012f, kai sausa ir vaisiai jau subrend\u0119 ir kieti.<\/p>\n","protected":false},"excerpt":{"rendered":"<div>Cucurbita pepo<\/div>\n<div><strong>Gamintojas:\u00a0<\/strong>Olandija<\/div>\n<div><strong>Grup\u0117:<\/strong> Vienmet\u0117<\/div>\n<div><strong>Kiekis pakelyje:<\/strong> 5 s\u0117klos<\/div>\n<div>\n<div><strong>S\u0117ti m\u0117n.:\u00a0 <\/strong>III-V<\/div>\n<div><strong>Vieta:<\/strong> saul\u0117ta<\/div>\n<div><strong>Dirva:<\/strong> \u012fvairi, derlinga<\/div>\n<\/div>\n","protected":false},"featured_media":37533,"comment_status":"open","ping_status":"closed","template":"","meta":{"jetpack_publicize_message":"","jetpack_publicize_feature_enabled":true,"jetpack_social_post_already_shared":true,"jetpack_social_options":{"image_generator_settings":{"template":"highway","default_image_id":0,"font":"","enabled":false},"version":2}},"product_brand":[],"product_cat":[196,99,128,42],"product_tag":[197,198,52,51],"class_list":{"0":"post-37531","1":"product","2":"type-product","3":"status-publish","4":"has-post-thumbnail","6":"product_cat-dekoratyviniai-moliugeliai","7":"product_cat-naujos-prekes","8":"product_cat-vienmeciu-geliu-seklos","9":"product_cat-seklos","10":"product_tag-cucurbita","11":"product_tag-moliugas","12":"product_tag-seeds","13":"product_tag-seklos","14":"product_shipping_class-seklos","16":"first","17":"instock","18":"shipping-taxable","19":"purchasable","20":"product-type-simple"},"jetpack_publicize_connections":[],"jetpack_sharing_enabled":true,"_links":{"self":[{"href":"https:\/\/geliurasa.lt\/index.php\/wp-json\/wp\/v2\/product\/37531","targetHints":{"allow":["GET"]}}],"collection":[{"href":"https:\/\/geliurasa.lt\/index.php\/wp-json\/wp\/v2\/product"}],"about":[{"href":"https:\/\/geliurasa.lt\/index.php\/wp-json\/wp\/v2\/types\/product"}],"replies":[{"embeddable":true,"href":"https:\/\/geliurasa.lt\/index.php\/wp-json\/wp\/v2\/comments?post=37531"}],"wp:featuredmedia":[{"embeddable":true,"href":"https:\/\/geliurasa.lt\/index.php\/wp-json\/wp\/v2\/media\/37533"}],"wp:attachment":[{"href":"https:\/\/geliurasa.lt\/index.php\/wp-json\/wp\/v2\/media?parent=37531"}],"wp:term":[{"taxonomy":"product_brand","embeddable":true,"href":"https:\/\/geliurasa.lt\/index.php\/wp-json\/wp\/v2\/product_brand?post=37531"},{"taxonomy":"product_cat","embeddable":true,"href":"https:\/\/geliurasa.lt\/index.php\/wp-json\/wp\/v2\/product_cat?post=37531"},{"taxonomy":"product_tag","embeddable":true,"href":"https:\/\/geliurasa.lt\/index.php\/wp-json\/wp\/v2\/product_tag?post=37531"}],"curies":[{"name":"wp","href":"https:\/\/api.w.org\/{rel}","templated":true}]}}