{"id":37545,"date":"2023-03-03T01:38:49","date_gmt":"2023-03-02T23:38:49","guid":{"rendered":"https:\/\/geliurasa.lt\/?post_type=product&#038;p=37545"},"modified":"2026-03-14T21:04:56","modified_gmt":"2026-03-14T19:04:56","slug":"dekoratyviniai-moliugai-pepo-flat-striped","status":"publish","type":"product","link":"https:\/\/geliurasa.lt\/index.php\/produktas\/dekoratyviniai-moliugai-pepo-flat-striped\/","title":{"rendered":"Dekoratyviniai moli\u016bgai pepo Flat Striped"},"content":{"rendered":"<p><span class=\"jCAhz ChMk0b\"><span class=\"ryNqvb\">Tvirtos, ma\u017edaug<\/span><\/span>\u00a0<span class=\"jCAhz ChMk0b\"><span class=\"ryNqvb\">7\u201310 cm, plok\u0161\u010dios ir apvalios moli\u016bgo dry\u017euotos galvut\u0117s.<\/span><\/span><\/p>\n<div class=\"aJIq1d\" data-language-code=\"lt\" data-language-name=\"lietuvi\u0173\" data-text=\"Casperita F1 PMT yra unikali Baby Boo tipo veisl\u0117. Ma\u017edaug 200\u2013400 gram\u0173 sverianti \u201eCasperita F1\u201c yra ma\u017edaug dvigubai didesn\u0117 u\u017e \u017einom\u0105 veisl\u0119. Vaisiai balti, gra\u017e\u016bs briaunoti ir ai\u0161kiai vienodi. Be to, Casperita F1 turi genetin\u0119 tolerancij\u0105 miltligei ir auk\u0161t\u0105 tolerancij\u0105 Mosaikvirusui. Balta spalva i\u0161lieka ilgai. Kaip ir visi balti moli\u016bgai, F1 Casperita tur\u0117t\u0173 b\u016bti laikomi tamsoje, kad b\u016bt\u0173 i\u0161saugota balta spalva. \u201eCasperita F1\u201c taip pat yra virtuv\u0117je ir patiekia vis\u0105 moli\u016bg\u0105, \u012fdaryti ir virti.\" data-crosslingual-hint=\"\" data-location=\"2\" data-enable-toggle-playback-speed=\"true\" data-results-count=\"1\" data-result-index=\"1\">\n<div class=\"m0Qfkd\">\n<div class=\"VfPpkd-Bz112c-RLmnJb\">S\u0117klos 2-3 cm gyliu s\u0117jamos \u012f vazon\u0117lius baland\u017eio m\u0117nes\u012f. I\u0161 vakaro s\u0117klas galima pamerkti \u012f vanden\u012f, ryte s\u0117ti. Daigai i\u0161ne\u0161ami\u00a0 tik pra\u0117jus \u0161aln\u0173 pavojui, sodinami saul\u0117toje vietoje, humusingoje dirvoje, 120 &#8211; 140 cm atstumu. Galima s\u0117ti \u012f atvir\u0105 lauk\u0105\u00a0 gegu\u017e\u0119. Tinka auginti bet kokioje sodo dirvoje, saul\u0117toje vietoje.\u00a0 Derlius nuimamas rugs\u0117jo m\u0117nes\u012f, kai sausa ir vaisiai jau subrend\u0119 ir kieti.<\/div>\n<div id=\"ucc-37\" class=\"EY8ABd-OWXEXe-TAWMXe\" role=\"tooltip\" aria-hidden=\"true\"><\/div>\n<\/div>\n<\/div>\n<div class=\"YJGJsb\">\n<div class=\"VfPpkd-Bz112c-Jh9lGc\"><\/div>\n<\/div>\n","protected":false},"excerpt":{"rendered":"<div>Cucurbita pepo<\/div>\n<div><strong>Gamintojas:\u00a0<\/strong>Olandija<\/div>\n<div><strong>Grup\u0117:<\/strong> Vienmet\u0117<\/div>\n<div><strong>Kiekis pakelyje:<\/strong> 5 s\u0117klos<\/div>\n<div>\n<div><strong>S\u0117ti m\u0117n.:\u00a0 <\/strong>III-V<\/div>\n<div><strong>Vieta:<\/strong> saul\u0117ta<\/div>\n<div><strong>Dirva:<\/strong> \u012fvairi, derlinga<\/div>\n<\/div>\n","protected":false},"featured_media":39133,"comment_status":"open","ping_status":"closed","template":"","meta":{"jetpack_publicize_message":"","jetpack_publicize_feature_enabled":true,"jetpack_social_post_already_shared":true,"jetpack_social_options":{"image_generator_settings":{"template":"highway","default_image_id":0,"font":"","enabled":false},"version":2}},"product_brand":[],"product_cat":[196,128,42],"product_tag":[197,198,52,51],"class_list":{"0":"post-37545","1":"product","2":"type-product","3":"status-publish","4":"has-post-thumbnail","6":"product_cat-dekoratyviniai-moliugeliai","7":"product_cat-vienmeciu-geliu-seklos","8":"product_cat-seklos","9":"product_tag-cucurbita","10":"product_tag-moliugas","11":"product_tag-seeds","12":"product_tag-seklos","13":"product_shipping_class-seklos","15":"first","16":"instock","17":"shipping-taxable","18":"purchasable","19":"product-type-simple"},"jetpack_publicize_connections":[],"jetpack_sharing_enabled":true,"_links":{"self":[{"href":"https:\/\/geliurasa.lt\/index.php\/wp-json\/wp\/v2\/product\/37545","targetHints":{"allow":["GET"]}}],"collection":[{"href":"https:\/\/geliurasa.lt\/index.php\/wp-json\/wp\/v2\/product"}],"about":[{"href":"https:\/\/geliurasa.lt\/index.php\/wp-json\/wp\/v2\/types\/product"}],"replies":[{"embeddable":true,"href":"https:\/\/geliurasa.lt\/index.php\/wp-json\/wp\/v2\/comments?post=37545"}],"wp:featuredmedia":[{"embeddable":true,"href":"https:\/\/geliurasa.lt\/index.php\/wp-json\/wp\/v2\/media\/39133"}],"wp:attachment":[{"href":"https:\/\/geliurasa.lt\/index.php\/wp-json\/wp\/v2\/media?parent=37545"}],"wp:term":[{"taxonomy":"product_brand","embeddable":true,"href":"https:\/\/geliurasa.lt\/index.php\/wp-json\/wp\/v2\/product_brand?post=37545"},{"taxonomy":"product_cat","embeddable":true,"href":"https:\/\/geliurasa.lt\/index.php\/wp-json\/wp\/v2\/product_cat?post=37545"},{"taxonomy":"product_tag","embeddable":true,"href":"https:\/\/geliurasa.lt\/index.php\/wp-json\/wp\/v2\/product_tag?post=37545"}],"curies":[{"name":"wp","href":"https:\/\/api.w.org\/{rel}","templated":true}]}}