{"id":37566,"date":"2023-03-03T19:51:18","date_gmt":"2023-03-03T17:51:18","guid":{"rendered":"https:\/\/geliurasa.lt\/?post_type=product&#038;p=37566"},"modified":"2026-03-30T20:10:36","modified_gmt":"2026-03-30T17:10:36","slug":"eziuole-hybrida-artisan-yellow-ombre","status":"publish","type":"product","link":"https:\/\/geliurasa.lt\/index.php\/produktas\/eziuole-hybrida-artisan-yellow-ombre\/","title":{"rendered":"E\u017eiuol\u0117 hybrida ARTISAN Yellow Ombre"},"content":{"rendered":"<p><span class=\"jCAhz ChMk0b\"><span class=\"ryNqvb\">Yellow Ombre e\u017eiuol\u0117 pra\u017eysta sodria\u00a0 geltona spalva, br\u0119stant \u017eiedui, spalva varijuoja nuo oran\u017eini\u0173 iki \u012fvairi\u0173 gelton\u0173 atspalvi\u0173. &#8216;Artisan&#8217; e\u017eiuoli\u0173 s\u0117kl\u0173 kolekcija yra patobulinta. S\u0117klos\u00a0 pagerintos naudojant patentuot\u0105 proces\u0105, tod\u0117l grei\u010diau ir tolygiau sudygsta, palyginti su nepatobulintomis s\u0117klomis. Kr\u016bmai auga vienodo dyd\u017eio, labai gerai \u0161akojasi ir vienu metu gausiai\u00a0 ir ilgai \u017eydi. <\/span><\/span><\/p>\n<p>S\u0117ti \u0161viesioje ir \u0161iltoje +15-20\u00b0C patalpoje, dygsta 5-14 dien\u0173. Pavir\u0161iuje galima u\u017epilti vermikulito ar sm\u0117lio, laistyti saikingai.<\/p>\n","protected":false},"excerpt":{"rendered":"<div>\n<div>Echinacea hybrida<\/div>\n<div><strong>Gamintojas:\u00a0<\/strong>Olandija<\/div>\n<div><strong>Grup\u0117: <\/strong>daugiametis<\/div>\n<div><strong>Kiekis pakelyje:<\/strong> 1 s\u0117kla<\/div>\n<div><strong>Auk\u0161tis cm:<\/strong> 40- 70<\/div>\n<div><strong>S\u0117ti m\u0117n.:<\/strong> I- IV<\/div>\n<div><strong>Vieta:<\/strong> saul\u0117ta<\/div>\n<div><strong>Dirva: <\/strong>neutrali, dr\u0117gmei laidi<\/div>\n<\/div>\n<div><strong>\u017diemojimas:<\/strong> 4a \u2013 10b<\/div>\n","protected":false},"featured_media":37569,"comment_status":"open","ping_status":"closed","template":"","meta":{"jetpack_publicize_message":"","jetpack_publicize_feature_enabled":true,"jetpack_social_post_already_shared":true,"jetpack_social_options":{"image_generator_settings":{"template":"highway","default_image_id":0,"font":"","enabled":false},"version":2}},"product_brand":[],"product_cat":[126,199,99,42],"product_tag":[201,200,52,51],"class_list":{"0":"post-37566","1":"product","2":"type-product","3":"status-publish","4":"has-post-thumbnail","6":"product_cat-daugiameciu-geliu-seklos","7":"product_cat-eziuoles","8":"product_cat-naujos-prekes","9":"product_cat-seklos","10":"product_tag-echinacea","11":"product_tag-eziuole","12":"product_tag-seeds","13":"product_tag-seklos","14":"product_shipping_class-seklos","16":"first","17":"instock","18":"shipping-taxable","19":"purchasable","20":"product-type-simple"},"jetpack_publicize_connections":[],"jetpack_sharing_enabled":true,"_links":{"self":[{"href":"https:\/\/geliurasa.lt\/index.php\/wp-json\/wp\/v2\/product\/37566","targetHints":{"allow":["GET"]}}],"collection":[{"href":"https:\/\/geliurasa.lt\/index.php\/wp-json\/wp\/v2\/product"}],"about":[{"href":"https:\/\/geliurasa.lt\/index.php\/wp-json\/wp\/v2\/types\/product"}],"replies":[{"embeddable":true,"href":"https:\/\/geliurasa.lt\/index.php\/wp-json\/wp\/v2\/comments?post=37566"}],"wp:featuredmedia":[{"embeddable":true,"href":"https:\/\/geliurasa.lt\/index.php\/wp-json\/wp\/v2\/media\/37569"}],"wp:attachment":[{"href":"https:\/\/geliurasa.lt\/index.php\/wp-json\/wp\/v2\/media?parent=37566"}],"wp:term":[{"taxonomy":"product_brand","embeddable":true,"href":"https:\/\/geliurasa.lt\/index.php\/wp-json\/wp\/v2\/product_brand?post=37566"},{"taxonomy":"product_cat","embeddable":true,"href":"https:\/\/geliurasa.lt\/index.php\/wp-json\/wp\/v2\/product_cat?post=37566"},{"taxonomy":"product_tag","embeddable":true,"href":"https:\/\/geliurasa.lt\/index.php\/wp-json\/wp\/v2\/product_tag?post=37566"}],"curies":[{"name":"wp","href":"https:\/\/api.w.org\/{rel}","templated":true}]}}