{"id":37576,"date":"2023-03-03T21:56:17","date_gmt":"2023-03-03T19:56:17","guid":{"rendered":"https:\/\/geliurasa.lt\/?post_type=product&#038;p=37576"},"modified":"2026-03-30T20:10:36","modified_gmt":"2026-03-30T17:10:36","slug":"rausvaziede-eziuole-paradiso-yellow","status":"publish","type":"product","link":"https:\/\/geliurasa.lt\/index.php\/produktas\/rausvaziede-eziuole-paradiso-yellow\/","title":{"rendered":"Rausva\u017eied\u0117 e\u017eiuol\u0117 Paradiso Yellow"},"content":{"rendered":"<p>\u012evairi\u0173 gelton\u0173 atspalvi\u0173 e\u017eiuol\u0117.<\/p>\n<p>S\u0117ti \u0161viesioje ir \u0161iltoje +15-20\u00b0C patalpoje, dygsta 5-14 dien\u0173. Pavir\u0161iuje galima u\u017epilti vermikulito ar sm\u0117lio, laistyti saikingai. Rekomenduojamas s\u0117kl\u0173 stratifikavimas, ma\u017eiausiai 2 savaites\u00a0 +4,4\u00b0C .<\/p>\n<p>&nbsp;<\/p>\n","protected":false},"excerpt":{"rendered":"<div>\n<div>Echinacea purpurea<\/div>\n<div><strong>Gamintojas:\u00a0<\/strong>Olandija<\/div>\n<div><strong>Grup\u0117: <\/strong>daugiametis<\/div>\n<div><strong>Kiekis pakelyje:<\/strong> 10 s\u0117kl\u0173<\/div>\n<div><strong>Auk\u0161tis cm: <\/strong>80<\/div>\n<div><strong>S\u0117ti m\u0117n.:<\/strong> II- IV<\/div>\n<div><strong>Vieta:<\/strong> saul\u0117ta, dalinis pav\u0117sis<\/div>\n<div><strong>Dirva: <\/strong>neutrali, dr\u0117gmei laidi<\/div>\n<\/div>\n<div><strong>\u017diemojimas:<\/strong> 3a \u2013 9b<\/div>\n","protected":false},"featured_media":37579,"comment_status":"open","ping_status":"closed","template":"","meta":{"jetpack_publicize_message":"","jetpack_publicize_feature_enabled":true,"jetpack_social_post_already_shared":true,"jetpack_social_options":{"image_generator_settings":{"template":"highway","default_image_id":0,"font":"","enabled":false},"version":2}},"product_brand":[],"product_cat":[126,199,42],"product_tag":[201,200,52,51],"class_list":{"0":"post-37576","1":"product","2":"type-product","3":"status-publish","4":"has-post-thumbnail","6":"product_cat-daugiameciu-geliu-seklos","7":"product_cat-eziuoles","8":"product_cat-seklos","9":"product_tag-echinacea","10":"product_tag-eziuole","11":"product_tag-seeds","12":"product_tag-seklos","13":"product_shipping_class-seklos","15":"first","16":"instock","17":"shipping-taxable","18":"purchasable","19":"product-type-simple"},"jetpack_publicize_connections":[],"jetpack_sharing_enabled":true,"_links":{"self":[{"href":"https:\/\/geliurasa.lt\/index.php\/wp-json\/wp\/v2\/product\/37576","targetHints":{"allow":["GET"]}}],"collection":[{"href":"https:\/\/geliurasa.lt\/index.php\/wp-json\/wp\/v2\/product"}],"about":[{"href":"https:\/\/geliurasa.lt\/index.php\/wp-json\/wp\/v2\/types\/product"}],"replies":[{"embeddable":true,"href":"https:\/\/geliurasa.lt\/index.php\/wp-json\/wp\/v2\/comments?post=37576"}],"wp:featuredmedia":[{"embeddable":true,"href":"https:\/\/geliurasa.lt\/index.php\/wp-json\/wp\/v2\/media\/37579"}],"wp:attachment":[{"href":"https:\/\/geliurasa.lt\/index.php\/wp-json\/wp\/v2\/media?parent=37576"}],"wp:term":[{"taxonomy":"product_brand","embeddable":true,"href":"https:\/\/geliurasa.lt\/index.php\/wp-json\/wp\/v2\/product_brand?post=37576"},{"taxonomy":"product_cat","embeddable":true,"href":"https:\/\/geliurasa.lt\/index.php\/wp-json\/wp\/v2\/product_cat?post=37576"},{"taxonomy":"product_tag","embeddable":true,"href":"https:\/\/geliurasa.lt\/index.php\/wp-json\/wp\/v2\/product_tag?post=37576"}],"curies":[{"name":"wp","href":"https:\/\/api.w.org\/{rel}","templated":true}]}}