{"id":37583,"date":"2023-03-03T23:38:12","date_gmt":"2023-03-03T21:38:12","guid":{"rendered":"https:\/\/geliurasa.lt\/?post_type=product&#038;p=37583"},"modified":"2026-03-30T20:37:58","modified_gmt":"2026-03-30T17:37:58","slug":"vijoklinis-spinatas-select-red","status":"publish","type":"product","link":"https:\/\/geliurasa.lt\/index.php\/produktas\/vijoklinis-spinatas-select-red\/","title":{"rendered":"Vijoklinis indinis \u0161pinatas  Select Red"},"content":{"rendered":"<div class=\"info_group\">\n<div class=\"text\">\n<p><span class=\"jCAhz ChMk0b\"><span class=\"ryNqvb\">Labai gra\u017eus ir ne\u012fprastas augalas, vadinamas indiniu \u0161pinatu, skirtas pav\u0117sin\u0117ms, sienel\u0117ms,\u00a0 pakabinamiems krep\u0161eliams ap\u017eeldinti, o taip pat\u00a0 maistingas, jo jauni lapeliai tinkami salotoms bei kitiems sveikiems patiekalams gaminti. J\u0173 sultingi \u0161vie\u017ei jauni lapai turi citrusini\u0173 vaisi\u0173 ir pipir\u0173 skonio nat\u0173.<\/span><\/span> Nuplikyti kar\u0161tu vandeniu, <span class=\"jCAhz ChMk0b\"><span class=\"ryNqvb\">primena \u012fprastus \u0161pinatus<\/span><\/span>. Dekoratyvus visas augalas, stiebai vy\u0161nin\u0117s spalvos, greitai auga, ypa\u010d kar\u0161t\u0105 vasar\u0105. Kai per kar\u0161\u010dius visi augalai vysta, \u0161ie klesti. \u017dydi smulkiais \u017eiedeliais, ant kuri\u0173 susiformuoja juodos uogos, ir augalas pasidaro pana\u0161us \u012f vynmed\u012f. <span class=\"jCAhz ChMk0b\"><span class=\"ryNqvb\">Laistymo detal\u0117s: norint i\u0161vengti \u017eyd\u0117jimo ir i\u0161laikyti lap\u0173 kokyb\u0119, reikalinga pastovi dr\u0117gm\u0117.<\/span><\/span><\/p>\n<div class=\"ccvoYb EjH7wc\">\n<div class=\"AxqVh\">\n<div class=\"OPPzxe\">\n<div class=\"QcsUad BDJ8fb BLojaf\">\n<div class=\"usGWQd\" aria-live=\"polite\">\n<div class=\"KkbLmb\">\n<div class=\"UdTY9 WdefRb\" aria-hidden=\"true\" data-location=\"2\">\n<div class=\"kO6q6e\">S\u0117klos vos u\u017edengiamos, dygsta 14-20 dien\u0173. S\u0117klas galima pamirkyti per nakt\u012f. Lauke s\u0117ti\u00a0<span class=\"jCAhz ChMk0b\"><span class=\"ryNqvb\">pra\u0117jus 2 savait\u0117ms po paskutini\u0173 \u0161aln\u0173, kai dirva \u012f\u0161yla. Daigus galima i\u0161ne\u0161ti \u012f lauk\u0105 , kai naktimis ne ma\u017eiau +15\u00b0C<\/span><\/span><\/div>\n<\/div>\n<div class=\"VO9ucd\">\n<div class=\"aJIq1d\" data-language-code=\"lt\" data-language-name=\"lietuvi\u0173\" data-text=\"Labai gra\u017eus ir ne\u012fprastas augalas, skirtas pav\u0117sin\u0117ms ir pakabinamiems krep\u0161eliams puo\u0161ti, salotoms ir kitiems sveikiems patiekalams valgyti. Klesti kar\u0161tu oru. Malabariniai \u0161pinatai yra paplitusi dar\u017eov\u0117 atogr\u0105\u017e\u0173 Afrikoje ir Pietry\u010di\u0173 Azijoje, i\u0161 kur ir kil\u0119. Valgomi tik jauni lapai. Nor\u0117dami paruo\u0161ti, u\u017evirinkite ir i\u0161pilkite vanden\u012f. Jaun\u0173 lapeli\u0173 galima d\u0117ti \u012f \u017eali\u0105sias salotas. Visas augalas naudojamas kaip proto raminamoji priemon\u0117. Dauginimas: S\u0117klos.\" data-crosslingual-hint=\"\" data-location=\"2\" data-enable-toggle-playback-speed=\"true\" data-results-count=\"1\" data-result-index=\"1\">\n<div class=\"m0Qfkd\"><\/div>\n<\/div>\n<div class=\"YJGJsb\">\n<div class=\"VfPpkd-Bz112c-RLmnJb\"><\/div>\n<div id=\"ucc-564\" class=\"EY8ABd-OWXEXe-TAWMXe\" role=\"tooltip\" aria-hidden=\"true\"><\/div>\n<div>\n<div id=\"ow7013\" data-show-delay-ms=\"250\" data-append-to-body=\"true\" data-propagate-tooltip-mouseover-events=\"true\" data-anchor-corner=\"bottom-left\" data-enable-skip-handler=\"false\" data-popup-corner=\"top-left\">\n<div>\n<div class=\"VfPpkd-Bz112c-Jh9lGc\"><\/div>\n<div class=\"VfPpkd-Bz112c-RLmnJb\"><\/div>\n<\/div>\n<\/div>\n<\/div>\n<div class=\"VfPpkd-Bz112c-Jh9lGc\"><\/div>\n<div class=\"VfPpkd-Bz112c-RLmnJb\"><\/div>\n<div id=\"tt-c1686\" class=\"EY8ABd-OWXEXe-TAWMXe\" role=\"tooltip\" aria-hidden=\"true\"><\/div>\n<\/div>\n<\/div>\n<\/div>\n<\/div>\n<\/div>\n<\/div>\n<\/div>\n<\/div>\n<div class=\"kGmWO\"><\/div>\n<\/div>\n<\/div>\n","protected":false},"excerpt":{"rendered":"<div><em>Basella rubra<\/em><\/div>\n<div><strong>Gamintojas:\u00a0<\/strong>Olandija<\/div>\n<div><strong>Grup\u0117:<\/strong> Vienmet\u0117,\u00a0 vijoklin\u0117<\/div>\n<div><strong>Kiekis pakelyje:<\/strong> 15 s\u0117kl\u0173 \u2248 0,5g<\/div>\n<div><strong>Auk\u0161tis cm: <\/strong>200<\/div>\n<div><strong>S\u0117ti m\u0117n.: <\/strong>III-V<\/div>\n<div><strong>Vieta:<\/strong> saul\u0117ta, dalinis pav\u0117sis<\/div>\n<div><strong>Dirva:<\/strong> neutrali, dr\u0117gmei laidi<\/div>\n","protected":false},"featured_media":37586,"comment_status":"open","ping_status":"closed","template":"","meta":{"jetpack_publicize_message":"","jetpack_publicize_feature_enabled":true,"jetpack_social_post_already_shared":true,"jetpack_social_options":{"image_generator_settings":{"template":"highway","default_image_id":0,"font":"","enabled":false},"version":2}},"product_brand":[],"product_cat":[326,312,42],"product_tag":[299,52,51],"class_list":{"0":"post-37583","1":"product","2":"type-product","3":"status-publish","4":"has-post-thumbnail","6":"product_cat-dekoratyvines-darzoves","7":"product_cat-vijokliniu-geliu-seklos","8":"product_cat-seklos","9":"product_tag-basella","10":"product_tag-seeds","11":"product_tag-seklos","12":"product_shipping_class-seklos","14":"first","15":"instock","16":"shipping-taxable","17":"purchasable","18":"product-type-simple"},"jetpack_publicize_connections":[],"jetpack_sharing_enabled":true,"_links":{"self":[{"href":"https:\/\/geliurasa.lt\/index.php\/wp-json\/wp\/v2\/product\/37583","targetHints":{"allow":["GET"]}}],"collection":[{"href":"https:\/\/geliurasa.lt\/index.php\/wp-json\/wp\/v2\/product"}],"about":[{"href":"https:\/\/geliurasa.lt\/index.php\/wp-json\/wp\/v2\/types\/product"}],"replies":[{"embeddable":true,"href":"https:\/\/geliurasa.lt\/index.php\/wp-json\/wp\/v2\/comments?post=37583"}],"wp:featuredmedia":[{"embeddable":true,"href":"https:\/\/geliurasa.lt\/index.php\/wp-json\/wp\/v2\/media\/37586"}],"wp:attachment":[{"href":"https:\/\/geliurasa.lt\/index.php\/wp-json\/wp\/v2\/media?parent=37583"}],"wp:term":[{"taxonomy":"product_brand","embeddable":true,"href":"https:\/\/geliurasa.lt\/index.php\/wp-json\/wp\/v2\/product_brand?post=37583"},{"taxonomy":"product_cat","embeddable":true,"href":"https:\/\/geliurasa.lt\/index.php\/wp-json\/wp\/v2\/product_cat?post=37583"},{"taxonomy":"product_tag","embeddable":true,"href":"https:\/\/geliurasa.lt\/index.php\/wp-json\/wp\/v2\/product_tag?post=37583"}],"curies":[{"name":"wp","href":"https:\/\/api.w.org\/{rel}","templated":true}]}}