{"id":37589,"date":"2023-03-31T00:27:35","date_gmt":"2023-03-30T21:27:35","guid":{"rendered":"https:\/\/geliurasa.lt\/?post_type=product&#038;p=37589"},"modified":"2026-03-03T13:56:29","modified_gmt":"2026-03-03T11:56:29","slug":"kvapieji-bazilikai-spice-boys-ararat","status":"publish","type":"product","link":"https:\/\/geliurasa.lt\/index.php\/produktas\/kvapieji-bazilikai-spice-boys-ararat\/","title":{"rendered":"Kvapieji bazilikai Spice Boys Ararat"},"content":{"rendered":"<p>Bazilikai yra populiar\u016bs \u012fvairi\u0173 patiekal\u0173 ingredientai. Ta\u010diau \u0161is bazilikas \u017eavingai atrodo\u00a0 puok\u0161t\u0117se. Kvepianti spalvinga\u00a0 puok\u0161t\u0117, kuri\u0105 galima ragauti, stebinti, puo\u0161ti namus ar \u0161ventes.<span class=\"jCAhz ChMk0b\"><span class=\"ryNqvb\"> Ak\u012f traukianti violetin\u0117 lapija, bus\u00a0 puikus akcentas j\u016bs\u0173 kieme.<\/span><\/span><\/p>\n<p>S\u0117klas galima s\u0117ti namie, arba lauke pra\u0117jus \u0161aln\u0173 pavojui.<\/p>\n<p>&nbsp;<\/p>\n<p>&nbsp;<\/p>\n<p>&nbsp;<\/p>\n<p>&nbsp;<\/p>\n","protected":false},"excerpt":{"rendered":"<div>\n<p class=\"page_title\">Ocimum basilicum<\/p>\n<\/div>\n<div><strong>Gamintojas:\u00a0<\/strong>Olandija<\/div>\n<div><strong>Grup\u0117:<\/strong> vienmet\u0117<\/div>\n<div><strong>Kiekis pakelyje:<\/strong> 0,5 g<\/div>\n<div><strong>Auk\u0161tis cm: <\/strong>45<\/div>\n<div><strong>S\u0117ti m\u0117n.: <\/strong>II-IV<\/div>\n<div><strong>Vieta:<\/strong> saul\u0117ta, dalinis pav\u0117sis<\/div>\n<div><strong>Dirva:<\/strong> neutrali, dr\u0117gmei laidi<\/div>\n","protected":false},"featured_media":37966,"comment_status":"open","ping_status":"closed","template":"","meta":{"jetpack_publicize_message":"","jetpack_publicize_feature_enabled":true,"jetpack_social_post_already_shared":true,"jetpack_social_options":{"image_generator_settings":{"template":"highway","default_image_id":0,"font":"","enabled":false},"version":2}},"product_brand":[],"product_cat":[128,42],"product_tag":[212,52,51],"class_list":{"0":"post-37589","1":"product","2":"type-product","3":"status-publish","4":"has-post-thumbnail","6":"product_cat-vienmeciu-geliu-seklos","7":"product_cat-seklos","8":"product_tag-bazilikas","9":"product_tag-seeds","10":"product_tag-seklos","11":"product_shipping_class-seklos","13":"first","14":"instock","15":"shipping-taxable","16":"purchasable","17":"product-type-simple"},"jetpack_publicize_connections":[],"jetpack_sharing_enabled":true,"_links":{"self":[{"href":"https:\/\/geliurasa.lt\/index.php\/wp-json\/wp\/v2\/product\/37589","targetHints":{"allow":["GET"]}}],"collection":[{"href":"https:\/\/geliurasa.lt\/index.php\/wp-json\/wp\/v2\/product"}],"about":[{"href":"https:\/\/geliurasa.lt\/index.php\/wp-json\/wp\/v2\/types\/product"}],"replies":[{"embeddable":true,"href":"https:\/\/geliurasa.lt\/index.php\/wp-json\/wp\/v2\/comments?post=37589"}],"wp:featuredmedia":[{"embeddable":true,"href":"https:\/\/geliurasa.lt\/index.php\/wp-json\/wp\/v2\/media\/37966"}],"wp:attachment":[{"href":"https:\/\/geliurasa.lt\/index.php\/wp-json\/wp\/v2\/media?parent=37589"}],"wp:term":[{"taxonomy":"product_brand","embeddable":true,"href":"https:\/\/geliurasa.lt\/index.php\/wp-json\/wp\/v2\/product_brand?post=37589"},{"taxonomy":"product_cat","embeddable":true,"href":"https:\/\/geliurasa.lt\/index.php\/wp-json\/wp\/v2\/product_cat?post=37589"},{"taxonomy":"product_tag","embeddable":true,"href":"https:\/\/geliurasa.lt\/index.php\/wp-json\/wp\/v2\/product_tag?post=37589"}],"curies":[{"name":"wp","href":"https:\/\/api.w.org\/{rel}","templated":true}]}}