{"id":37608,"date":"2023-03-04T22:03:46","date_gmt":"2023-03-04T20:03:46","guid":{"rendered":"https:\/\/geliurasa.lt\/?post_type=product&#038;p=37608"},"modified":"2026-04-23T09:37:04","modified_gmt":"2026-04-23T06:37:04","slug":"didysis-zioveinis-potomac","status":"publish","type":"product","link":"https:\/\/geliurasa.lt\/index.php\/produktas\/didysis-zioveinis-potomac\/","title":{"rendered":"Didysis \u017eioveinis Potomac"},"content":{"rendered":"<p><span class=\"jCAhz ChMk0b\"><span class=\"ryNqvb\">Potomac \u017eioveini\u0173 linija ideali skynimui,<\/span><\/span><span class=\"jCAhz ChMk0b\"><span class=\"ryNqvb\"> i\u0161augina auk\u0161tus, stiprius stiebus ir ilgus \u017eiedynus, kuri\u0173 \u017eiedai yra geros kokyb\u0117s.<\/span><\/span> <span class=\"jCAhz ChMk0b\"><span class=\"ryNqvb\">Tinka\u00a0 lauke skint\u0173 g\u0117li\u0173 auginimui. <\/span><\/span><span class=\"jCAhz ChMk0b\"><span class=\"ryNqvb\">Galima auginti i\u0161tisus metus su papildomu didelio intensyvumo ap\u0161vietimu \u0161iltnamiuose.<\/span><\/span> Kad nei\u0161virst\u0173 b\u016btinas tinklas. Dygsta 6-8 dienas, s\u0117kl\u0173 u\u017epilti nereikia, \u0161viesa reikalinga tik jau sudygus daigeliams. Dirvo\u017eemis\u00a0 neutralus, be tr\u0105\u0161\u0173, nes jauni daigeliai\u00a0 jautr\u016bs amonio druskoms. Tik v\u0117liau tr\u0119\u0161ti.<\/p>\n<p><em><strong>Asmenin\u0117 patirtis:<\/strong><\/em> s\u0117ju v\u0117lai, kai jau galiu laikyti ne\u0161ildomam \u0161iltnamyje. S\u0117ju tankiai, nes neturiu vietos. Daigai nebijo persodinimo. Naudoju eilin\u012f substrat\u0105, o tr\u0105\u0161\u0173 \u012fpilu tik sodinant daigus. Kai prigyja, nugnybu pa\u010di\u0105 vir\u0161\u016bn\u0117l\u0119, kad \u0161akot\u0173si. Tinkl\u0105 reikia u\u017ed\u0117ti kol dar ma\u017ei daigai, nes \u0161ie \u017eioveiniai \u012fsp\u016bdingai auk\u0161ti. Nors 2022 vasar\u0105 buvo sausa, lauke, nelaistyti u\u017eaugo beveik iki 1 metro auk\u0161tumo. \u017died\u0173 gro\u017eis buvo kaip olandi\u0161k\u0173. Ruden\u012f sp\u0117jo pra\u017eysti antr\u0105 kart\u0105, lapkri\u010dio 1d. dar j\u0173 tur\u0117jau.<\/p>\n","protected":false},"excerpt":{"rendered":"<div>Antirrhinum majus<\/div>\n<div><strong>Gamintojas:\u00a0<\/strong>Olandija<\/div>\n<div><strong>Grup\u0117:<\/strong> Vienmet\u0117<\/div>\n<div><strong>Kiekis pakelyje:<\/strong> 20 s\u0117kl\u0173<\/div>\n<div><strong>Auk\u0161tis cm:<\/strong> 100-150<\/div>\n<div><strong>S\u0117ti m\u0117n.: <\/strong>I-V<\/div>\n<div><strong>Vieta:<\/strong> saul\u0117ta, dalinis pav\u0117sis<\/div>\n<div><strong>Dirva:<\/strong> neutrali, derlinga<\/div>\n","protected":false},"featured_media":41509,"comment_status":"open","ping_status":"closed","template":"","meta":{"jetpack_publicize_message":"","jetpack_publicize_feature_enabled":true,"jetpack_social_post_already_shared":true,"jetpack_social_options":{"image_generator_settings":{"template":"highway","default_image_id":0,"font":"","enabled":false},"version":2}},"product_brand":[],"product_cat":[99,42,128,273],"product_tag":[205,52,51,206],"class_list":{"0":"post-37608","1":"product","2":"type-product","3":"status-publish","4":"has-post-thumbnail","6":"product_cat-naujos-prekes","7":"product_cat-seklos","8":"product_cat-vienmeciu-geliu-seklos","9":"product_cat-zioveiniai","10":"product_tag-majus","11":"product_tag-seeds","12":"product_tag-seklos","13":"product_tag-zioveinis","14":"product_shipping_class-seklos","16":"first","17":"instock","18":"shipping-taxable","19":"purchasable","20":"product-type-variable"},"jetpack_publicize_connections":[],"jetpack_sharing_enabled":true,"_links":{"self":[{"href":"https:\/\/geliurasa.lt\/index.php\/wp-json\/wp\/v2\/product\/37608","targetHints":{"allow":["GET"]}}],"collection":[{"href":"https:\/\/geliurasa.lt\/index.php\/wp-json\/wp\/v2\/product"}],"about":[{"href":"https:\/\/geliurasa.lt\/index.php\/wp-json\/wp\/v2\/types\/product"}],"replies":[{"embeddable":true,"href":"https:\/\/geliurasa.lt\/index.php\/wp-json\/wp\/v2\/comments?post=37608"}],"wp:featuredmedia":[{"embeddable":true,"href":"https:\/\/geliurasa.lt\/index.php\/wp-json\/wp\/v2\/media\/41509"}],"wp:attachment":[{"href":"https:\/\/geliurasa.lt\/index.php\/wp-json\/wp\/v2\/media?parent=37608"}],"wp:term":[{"taxonomy":"product_brand","embeddable":true,"href":"https:\/\/geliurasa.lt\/index.php\/wp-json\/wp\/v2\/product_brand?post=37608"},{"taxonomy":"product_cat","embeddable":true,"href":"https:\/\/geliurasa.lt\/index.php\/wp-json\/wp\/v2\/product_cat?post=37608"},{"taxonomy":"product_tag","embeddable":true,"href":"https:\/\/geliurasa.lt\/index.php\/wp-json\/wp\/v2\/product_tag?post=37608"}],"curies":[{"name":"wp","href":"https:\/\/api.w.org\/{rel}","templated":true}]}}