{"id":37658,"date":"2024-03-17T15:15:19","date_gmt":"2024-03-17T13:15:19","guid":{"rendered":"https:\/\/geliurasa.lt\/?post_type=product&#038;p=37658"},"modified":"2026-04-14T15:43:01","modified_gmt":"2026-04-14T12:43:01","slug":"paprastoji-rusmene-dottie-peach","status":"publish","type":"product","link":"https:\/\/geliurasa.lt\/index.php\/produktas\/paprastoji-rusmene-dottie-peach\/","title":{"rendered":"Paprastoji rusmen\u0117 Dottie Peach"},"content":{"rendered":"<p><span class=\"jCAhz ChMk0b\"><span class=\"ryNqvb\">Tai\u00a0<strong> pirmaisiais metais<\/strong> \u017eydinti rusmen\u0117, vienodo auk\u0161\u010dio, su kompakti\u0161ka lapija ir anksti i\u0161leid\u017eianti \u017eiedynus ( u\u017etrunka vos 15\u201317 savai\u010di\u0173 ). Nuostab\u016bs, tankiai aplip\u0119\u00a0 persikiniai su kreminiu atspalviu \u017eiedeliai pir\u0161teliai. Vasaros bei rudens g\u0117lyn\u0173 puo\u0161mena.<\/span><\/span><\/p>\n<p>Dygimui reikalinga \u0161viesa, s\u0117klas u\u017eteks lengvai \u012fspausti pavir\u0161iuje, u\u017edengti negalima. Pavir\u0161i\u0173 dr\u0117kinti. <span class=\"jCAhz ChMk0b\"><span class=\"ryNqvb\">Ideali temp.<\/span><\/span> <span class=\"jCAhz ChMk0b\"><span class=\"ryNqvb\">15-20\u00b0C. Dygsta 15-20 dien\u0173. Daigelius\u00a0 sodinti, tik pra\u0117jus \u0161alnoms. Galima s\u0117ti ir lauke, bet tada \u017eyd\u0117s atitinkamai v\u0117liau.\u00a0<\/span><\/span><\/p>\n<p>&nbsp;<\/p>\n","protected":false},"excerpt":{"rendered":"<div>Digitalis purpurea<\/div>\n<div><strong>Gamintojas: <\/strong>Olandija<\/div>\n<div><strong>Grup\u0117:<\/strong> dvimet\u0117<\/div>\n<div><strong>Kiekis pakelyje:<\/strong> 10 s\u0117kl\u0173<\/div>\n<div><strong>Auk\u0161tis cm: <\/strong>60-90<\/div>\n<div><strong>S\u0117ti m\u0117n.:<\/strong> II-III, lauke IV<\/div>\n<div><strong>Vieta:<\/strong> saul\u0117ta-pav\u0117sis<\/div>\n<div><strong>Dirva: <\/strong>\u012fvairi<\/div>\n<div><\/div>\n","protected":false},"featured_media":39438,"comment_status":"open","ping_status":"closed","template":"","meta":{"jetpack_publicize_message":"","jetpack_publicize_feature_enabled":true,"jetpack_social_post_already_shared":false,"jetpack_social_options":{"image_generator_settings":{"template":"highway","default_image_id":0,"font":"","enabled":false},"version":2}},"product_brand":[],"product_cat":[134,99,135,42],"product_tag":[133,132,52,51],"class_list":{"0":"post-37658","1":"product","2":"type-product","3":"status-publish","4":"has-post-thumbnail","6":"product_cat-dvimetes-geliu-seklos","7":"product_cat-naujos-prekes","8":"product_cat-rusmenes","9":"product_cat-seklos","10":"product_tag-digitalis","11":"product_tag-rusmene","12":"product_tag-seeds","13":"product_tag-seklos","14":"product_shipping_class-seklos","16":"first","17":"instock","18":"shipping-taxable","19":"purchasable","20":"product-type-simple"},"jetpack_publicize_connections":[],"jetpack_sharing_enabled":true,"_links":{"self":[{"href":"https:\/\/geliurasa.lt\/index.php\/wp-json\/wp\/v2\/product\/37658","targetHints":{"allow":["GET"]}}],"collection":[{"href":"https:\/\/geliurasa.lt\/index.php\/wp-json\/wp\/v2\/product"}],"about":[{"href":"https:\/\/geliurasa.lt\/index.php\/wp-json\/wp\/v2\/types\/product"}],"replies":[{"embeddable":true,"href":"https:\/\/geliurasa.lt\/index.php\/wp-json\/wp\/v2\/comments?post=37658"}],"wp:featuredmedia":[{"embeddable":true,"href":"https:\/\/geliurasa.lt\/index.php\/wp-json\/wp\/v2\/media\/39438"}],"wp:attachment":[{"href":"https:\/\/geliurasa.lt\/index.php\/wp-json\/wp\/v2\/media?parent=37658"}],"wp:term":[{"taxonomy":"product_brand","embeddable":true,"href":"https:\/\/geliurasa.lt\/index.php\/wp-json\/wp\/v2\/product_brand?post=37658"},{"taxonomy":"product_cat","embeddable":true,"href":"https:\/\/geliurasa.lt\/index.php\/wp-json\/wp\/v2\/product_cat?post=37658"},{"taxonomy":"product_tag","embeddable":true,"href":"https:\/\/geliurasa.lt\/index.php\/wp-json\/wp\/v2\/product_tag?post=37658"}],"curies":[{"name":"wp","href":"https:\/\/api.w.org\/{rel}","templated":true}]}}