{"id":37920,"date":"2023-03-30T22:29:27","date_gmt":"2023-03-30T19:29:27","guid":{"rendered":"https:\/\/geliurasa.lt\/?post_type=product&#038;p=37920"},"modified":"2026-03-24T19:02:04","modified_gmt":"2026-03-24T17:02:04","slug":"artisokas-green-globe","status":"publish","type":"product","link":"https:\/\/geliurasa.lt\/index.php\/produktas\/artisokas-green-globe\/","title":{"rendered":"Arti\u0161okas Green Globe"},"content":{"rendered":"<p>\u0160is arti\u0161okas Green Globe yra valgoma dar\u017eov\u0117, o jo \u017eiedai yra \u017eali, dideli su pla\u010diu ry\u0161kiai violetiniu viduriu. Florist\u0173 ypa\u010d m\u0117giami. I\u0161d\u017eiovinti yra\u00a0 labai dekoratyv\u016bs.<\/p>\n<p>Norint paskatint s\u0117kl\u0173 dygim\u0105, s\u0117klas reik\u0117t\u0173 stratifikuoti, prie\u0161 sodinant jas savaitei ar dviem \u012fdedant \u012f \u0161aldikl\u012f. Tai priver\u010dia augal\u0105 manyti, kad jis jau i\u0161gyveno \u017eiem\u0105, tod\u0117l pirmaisiais metais jis daugiau i\u0161leid\u017eia pumpur\u0173. Anksti pas\u0117jus\u00a0 susp\u0117ja pra\u017eysti dar pirmais metais, ypa\u010d jei ilgas ruduo. \u0160i veisl\u0117 yra jautresn\u0117 \u0161al\u010diams, \u017eiemai nupjovus lapus, reik\u0117t\u0173 pamul\u010diuoti\u00a0 ir dar dengti\u00a0 kelis sluoksnius agro pl\u0117vele, ant vir\u0161aus tentu, ar \u0161iaudais. B\u016bt\u0173 gerai, kad augalas kv\u0117puot\u0173. Papras\u010diau, auginti kaip vienmet\u012f.<\/p>\n","protected":false},"excerpt":{"rendered":"<div>Cynara scolymus<\/div>\n<div><strong>Gamintojas:\u00a0<\/strong>Olandija<\/div>\n<div><strong>Grup\u0117:<\/strong> daugiamet\u0117(vienmet\u0117)<\/div>\n<div><strong>Kiekis pakelyje: <\/strong>10 s\u0117kl\u0173<\/div>\n<div><strong><strong>Auk\u0161tis cm:<\/strong><\/strong> 120<\/div>\n<div><strong>S\u0117ti m\u0117n.: <\/strong>II-IV<\/div>\n<div><strong>Vieta:<\/strong> saul\u0117ta<\/div>\n<div><strong>Dirva:<\/strong> priemolio, priesm\u0117lio, derlinga, nusausinta<\/div>\n","protected":false},"featured_media":37958,"comment_status":"open","ping_status":"closed","template":"","meta":{"jetpack_publicize_message":"","jetpack_publicize_feature_enabled":true,"jetpack_social_post_already_shared":true,"jetpack_social_options":{"image_generator_settings":{"template":"highway","default_image_id":0,"font":"","enabled":false},"version":2}},"product_brand":[],"product_cat":[99,42],"product_tag":[143,144,52,51],"class_list":{"0":"post-37920","1":"product","2":"type-product","3":"status-publish","4":"has-post-thumbnail","6":"product_cat-naujos-prekes","7":"product_cat-seklos","8":"product_tag-artisokas","9":"product_tag-cynara","10":"product_tag-seeds","11":"product_tag-seklos","12":"product_shipping_class-seklos","14":"first","15":"instock","16":"shipping-taxable","17":"purchasable","18":"product-type-simple"},"jetpack_publicize_connections":[],"jetpack_sharing_enabled":true,"_links":{"self":[{"href":"https:\/\/geliurasa.lt\/index.php\/wp-json\/wp\/v2\/product\/37920","targetHints":{"allow":["GET"]}}],"collection":[{"href":"https:\/\/geliurasa.lt\/index.php\/wp-json\/wp\/v2\/product"}],"about":[{"href":"https:\/\/geliurasa.lt\/index.php\/wp-json\/wp\/v2\/types\/product"}],"replies":[{"embeddable":true,"href":"https:\/\/geliurasa.lt\/index.php\/wp-json\/wp\/v2\/comments?post=37920"}],"wp:featuredmedia":[{"embeddable":true,"href":"https:\/\/geliurasa.lt\/index.php\/wp-json\/wp\/v2\/media\/37958"}],"wp:attachment":[{"href":"https:\/\/geliurasa.lt\/index.php\/wp-json\/wp\/v2\/media?parent=37920"}],"wp:term":[{"taxonomy":"product_brand","embeddable":true,"href":"https:\/\/geliurasa.lt\/index.php\/wp-json\/wp\/v2\/product_brand?post=37920"},{"taxonomy":"product_cat","embeddable":true,"href":"https:\/\/geliurasa.lt\/index.php\/wp-json\/wp\/v2\/product_cat?post=37920"},{"taxonomy":"product_tag","embeddable":true,"href":"https:\/\/geliurasa.lt\/index.php\/wp-json\/wp\/v2\/product_tag?post=37920"}],"curies":[{"name":"wp","href":"https:\/\/api.w.org\/{rel}","templated":true}]}}