{"id":37927,"date":"2023-04-04T11:24:04","date_gmt":"2023-04-04T08:24:04","guid":{"rendered":"https:\/\/geliurasa.lt\/?post_type=product&#038;p=37927"},"modified":"2026-02-22T16:20:20","modified_gmt":"2026-02-22T14:20:20","slug":"rudeninis-cesnakas-bee-ttraction","status":"publish","type":"product","link":"https:\/\/geliurasa.lt\/index.php\/produktas\/rudeninis-cesnakas-bee-ttraction\/","title":{"rendered":"Rudeninis \u010desnakas Autumn Bee Attraction F1"},"content":{"rendered":"<p>Puikus augalas rudeniui.\u00a0 Gra\u017eus sode, lauko vazonuose ir kaip skinta g\u0117l\u0117. Pamerktas\u00a0 laikosi 2-3 savaites.<\/p>\n<p>Dygsta 7-10 dien\u0173 prie <span class=\"jCAhz ChMk0b\"><span class=\"ryNqvb\">16\u201318 \u00b0C.\u00a0 Daiginti tamsoje, dr\u0117gnai. Auga iki \u017eyd\u0117jimo 6\u20138 m\u0117nesius.<\/span><\/span><\/p>\n<p>&nbsp;<\/p>\n<p>&nbsp;<\/p>\n","protected":false},"excerpt":{"rendered":"<div>Allium autumn<\/div>\n<div><strong>Gamintojas: <\/strong>Olandija<\/div>\n<div><strong>Grup\u0117:<\/strong> daugiamet\u0117<\/div>\n<div><strong>Kiekis pakelyje:<\/strong> 10 s\u0117kl\u0173<\/div>\n<div><strong>Stiebo auk\u0161tis cm: <\/strong>70-80<\/div>\n<div><strong>S\u0117ti m\u0117n.:<\/strong> I-IV<\/div>\n<div><strong>Vieta:<\/strong> saul\u0117ta<\/div>\n<div><strong>Dirva:<\/strong> neutrali<\/div>\n","protected":false},"featured_media":40767,"comment_status":"open","ping_status":"closed","template":"","meta":{"jetpack_publicize_message":"","jetpack_publicize_feature_enabled":true,"jetpack_social_post_already_shared":true,"jetpack_social_options":{"image_generator_settings":{"template":"highway","default_image_id":0,"font":"","enabled":false},"version":2}},"product_brand":[],"product_cat":[126,42],"product_tag":[213,52,51],"class_list":{"0":"post-37927","1":"product","2":"type-product","3":"status-publish","4":"has-post-thumbnail","6":"product_cat-daugiameciu-geliu-seklos","7":"product_cat-seklos","8":"product_tag-cesnakas","9":"product_tag-seeds","10":"product_tag-seklos","11":"product_shipping_class-seklos","13":"first","14":"instock","15":"shipping-taxable","16":"purchasable","17":"product-type-simple"},"jetpack_publicize_connections":[],"jetpack_sharing_enabled":true,"_links":{"self":[{"href":"https:\/\/geliurasa.lt\/index.php\/wp-json\/wp\/v2\/product\/37927","targetHints":{"allow":["GET"]}}],"collection":[{"href":"https:\/\/geliurasa.lt\/index.php\/wp-json\/wp\/v2\/product"}],"about":[{"href":"https:\/\/geliurasa.lt\/index.php\/wp-json\/wp\/v2\/types\/product"}],"replies":[{"embeddable":true,"href":"https:\/\/geliurasa.lt\/index.php\/wp-json\/wp\/v2\/comments?post=37927"}],"wp:featuredmedia":[{"embeddable":true,"href":"https:\/\/geliurasa.lt\/index.php\/wp-json\/wp\/v2\/media\/40767"}],"wp:attachment":[{"href":"https:\/\/geliurasa.lt\/index.php\/wp-json\/wp\/v2\/media?parent=37927"}],"wp:term":[{"taxonomy":"product_brand","embeddable":true,"href":"https:\/\/geliurasa.lt\/index.php\/wp-json\/wp\/v2\/product_brand?post=37927"},{"taxonomy":"product_cat","embeddable":true,"href":"https:\/\/geliurasa.lt\/index.php\/wp-json\/wp\/v2\/product_cat?post=37927"},{"taxonomy":"product_tag","embeddable":true,"href":"https:\/\/geliurasa.lt\/index.php\/wp-json\/wp\/v2\/product_tag?post=37927"}],"curies":[{"name":"wp","href":"https:\/\/api.w.org\/{rel}","templated":true}]}}