{"id":37961,"date":"2023-03-30T23:11:16","date_gmt":"2023-03-30T20:11:16","guid":{"rendered":"https:\/\/geliurasa.lt\/?post_type=product&#038;p=37961"},"modified":"2026-04-15T18:14:16","modified_gmt":"2026-04-15T15:14:16","slug":"plokscialape-nykstukine-zunda-blue-hobbit","status":"publish","type":"product","link":"https:\/\/geliurasa.lt\/index.php\/produktas\/plokscialape-nykstukine-zunda-blue-hobbit\/","title":{"rendered":"Plok\u0161\u010dialap\u0117 nyk\u0161tukin\u0117 zunda Blue Hobbit"},"content":{"rendered":"<p>Kompakti\u0161ka, ilgai \u017eydinti zunda, kaip m\u0117lynas burbuliukas.<\/p>\n<p>S\u0117kloms reikalingas \u0161altasis periodas. Galima s\u0117klas 1-2 sav. palaikyti \u0161aldiklyje. S\u0117ti pavir\u0161iuje, neu\u017edengiant, dygimui reikalinga \u0161viesa.<\/p>\n","protected":false},"excerpt":{"rendered":"<div>\n<p><em>Eryngium planum<\/em><\/p>\n<\/div>\n<div><strong>Gamintojas:\u00a0<\/strong>Olandija<\/div>\n<div><strong>Grup\u0117:<\/strong> daugiamet\u0117<\/div>\n<div><strong>Kiekis pakelyje:<\/strong> 10 s\u0117kl\u0173<\/div>\n<div><strong>Auk\u0161tis cm: <\/strong>20-30<\/div>\n<div><strong>S\u0117ti m\u0117n.:<\/strong> I-IV, IIIV-XII<\/div>\n<div><strong>Vieta:<\/strong> saul\u0117ta<\/div>\n<div><strong>Dirva:<\/strong> laidi dr\u0117gmei, sm\u0117linga<\/div>\n","protected":false},"featured_media":37963,"comment_status":"open","ping_status":"closed","template":"","meta":{"jetpack_publicize_message":"","jetpack_publicize_feature_enabled":true,"jetpack_social_post_already_shared":true,"jetpack_social_options":{"image_generator_settings":{"template":"highway","default_image_id":0,"font":"","enabled":false},"version":2}},"product_brand":[],"product_cat":[126,99,42,224],"product_tag":[180,52,181],"class_list":{"0":"post-37961","1":"product","2":"type-product","3":"status-publish","4":"has-post-thumbnail","6":"product_cat-daugiameciu-geliu-seklos","7":"product_cat-naujos-prekes","8":"product_cat-seklos","9":"product_cat-zundos","10":"product_tag-eryngium","11":"product_tag-seeds","12":"product_tag-zunda","13":"product_shipping_class-seklos","15":"first","16":"instock","17":"shipping-taxable","18":"purchasable","19":"product-type-simple"},"jetpack_publicize_connections":[],"jetpack_sharing_enabled":true,"_links":{"self":[{"href":"https:\/\/geliurasa.lt\/index.php\/wp-json\/wp\/v2\/product\/37961","targetHints":{"allow":["GET"]}}],"collection":[{"href":"https:\/\/geliurasa.lt\/index.php\/wp-json\/wp\/v2\/product"}],"about":[{"href":"https:\/\/geliurasa.lt\/index.php\/wp-json\/wp\/v2\/types\/product"}],"replies":[{"embeddable":true,"href":"https:\/\/geliurasa.lt\/index.php\/wp-json\/wp\/v2\/comments?post=37961"}],"wp:featuredmedia":[{"embeddable":true,"href":"https:\/\/geliurasa.lt\/index.php\/wp-json\/wp\/v2\/media\/37963"}],"wp:attachment":[{"href":"https:\/\/geliurasa.lt\/index.php\/wp-json\/wp\/v2\/media?parent=37961"}],"wp:term":[{"taxonomy":"product_brand","embeddable":true,"href":"https:\/\/geliurasa.lt\/index.php\/wp-json\/wp\/v2\/product_brand?post=37961"},{"taxonomy":"product_cat","embeddable":true,"href":"https:\/\/geliurasa.lt\/index.php\/wp-json\/wp\/v2\/product_cat?post=37961"},{"taxonomy":"product_tag","embeddable":true,"href":"https:\/\/geliurasa.lt\/index.php\/wp-json\/wp\/v2\/product_tag?post=37961"}],"curies":[{"name":"wp","href":"https:\/\/api.w.org\/{rel}","templated":true}]}}