{"id":37997,"date":"2023-04-12T08:41:59","date_gmt":"2023-04-12T05:41:59","guid":{"rendered":"https:\/\/geliurasa.lt\/?post_type=product&#038;p=37997"},"modified":"2026-03-19T12:05:25","modified_gmt":"2026-03-19T10:05:25","slug":"nuostabusis-salavijas-blue-queen","status":"publish","type":"product","link":"https:\/\/geliurasa.lt\/index.php\/produktas\/nuostabusis-salavijas-blue-queen\/","title":{"rendered":"Nuostabusis \u0161alavijas Blue Queen"},"content":{"rendered":"<p><span class=\"jCAhz ChMk0b\"><span class=\"ryNqvb\">Ry\u0161ki, m\u0117lynai violetin\u0117s spalvos, g\u0117l\u0117. \u0160i veisl\u0117 auga tankiu kompakti\u0161ku kr\u016bmeliu. Tams\u016bs \u017eiedynai pagyvina puok\u0161tes.\u00a0 \u017dydi ilgai, ruden\u012f pra\u017eysta antr\u0105 kart\u0105. Skleid\u017eia malon\u0173 aromat\u0105. Vienoje vietoje gali augti 10 met\u0173, lengvai dalinasi kerais. \u012esp\u016bdingai atrodo ro\u017eynuose.<\/span><\/span><\/p>\n<p><span class=\"jCAhz ChMk0b\"><span class=\"ryNqvb\">Sudygsta per 14-20 dien\u0173 esant 18-25 \u00b0C temperat\u016brai.<\/span><\/span> <span class=\"jCAhz ChMk0b\"><span class=\"ryNqvb\">Dygimui reikalinga \u0161viesa. S\u0117ti pavir\u0161iuje.<\/span><\/span><\/p>\n","protected":false},"excerpt":{"rendered":"<div><em>Salvia superba<\/em><\/div>\n<div><strong>Gamintojas:\u00a0<\/strong>Olandija<\/div>\n<div><strong>Grup\u0117:<\/strong> daugiamet\u0117<\/div>\n<div><strong>Kiekis pakelyje:<\/strong> 20 s\u0117kl\u0173<\/div>\n<div><strong>Auk\u0161tis cm: <\/strong>40<\/div>\n<div><strong>S\u0117ti m\u0117n.:<\/strong> I-IV<\/div>\n<div><strong>Vieta:<\/strong> saul\u0117ta, dalinis pav\u0117sis<\/div>\n<div><strong>Dirva:<\/strong> neutrali<\/div>\n","protected":false},"featured_media":37998,"comment_status":"open","ping_status":"closed","template":"","meta":{"jetpack_publicize_message":"","jetpack_publicize_feature_enabled":true,"jetpack_social_post_already_shared":true,"jetpack_social_options":{"image_generator_settings":{"template":"highway","default_image_id":0,"font":"","enabled":false},"version":2}},"product_brand":[],"product_cat":[126,278,42],"product_tag":[215,214,52,51],"class_list":{"0":"post-37997","1":"product","2":"type-product","3":"status-publish","4":"has-post-thumbnail","6":"product_cat-daugiameciu-geliu-seklos","7":"product_cat-salavijai","8":"product_cat-seklos","9":"product_tag-salavijas","10":"product_tag-salvia","11":"product_tag-seeds","12":"product_tag-seklos","13":"product_shipping_class-seklos","15":"first","16":"instock","17":"shipping-taxable","18":"purchasable","19":"product-type-simple"},"jetpack_publicize_connections":[],"jetpack_sharing_enabled":true,"_links":{"self":[{"href":"https:\/\/geliurasa.lt\/index.php\/wp-json\/wp\/v2\/product\/37997","targetHints":{"allow":["GET"]}}],"collection":[{"href":"https:\/\/geliurasa.lt\/index.php\/wp-json\/wp\/v2\/product"}],"about":[{"href":"https:\/\/geliurasa.lt\/index.php\/wp-json\/wp\/v2\/types\/product"}],"replies":[{"embeddable":true,"href":"https:\/\/geliurasa.lt\/index.php\/wp-json\/wp\/v2\/comments?post=37997"}],"wp:featuredmedia":[{"embeddable":true,"href":"https:\/\/geliurasa.lt\/index.php\/wp-json\/wp\/v2\/media\/37998"}],"wp:attachment":[{"href":"https:\/\/geliurasa.lt\/index.php\/wp-json\/wp\/v2\/media?parent=37997"}],"wp:term":[{"taxonomy":"product_brand","embeddable":true,"href":"https:\/\/geliurasa.lt\/index.php\/wp-json\/wp\/v2\/product_brand?post=37997"},{"taxonomy":"product_cat","embeddable":true,"href":"https:\/\/geliurasa.lt\/index.php\/wp-json\/wp\/v2\/product_cat?post=37997"},{"taxonomy":"product_tag","embeddable":true,"href":"https:\/\/geliurasa.lt\/index.php\/wp-json\/wp\/v2\/product_tag?post=37997"}],"curies":[{"name":"wp","href":"https:\/\/api.w.org\/{rel}","templated":true}]}}