{"id":38008,"date":"2023-04-17T23:22:38","date_gmt":"2023-04-17T20:22:38","guid":{"rendered":"https:\/\/geliurasa.lt\/?post_type=product&#038;p=38008"},"modified":"2026-04-25T02:05:21","modified_gmt":"2026-04-24T23:05:21","slug":"paprastasis-moliugas-galeux-d-eysine","status":"publish","type":"product","link":"https:\/\/geliurasa.lt\/index.php\/produktas\/paprastasis-moliugas-galeux-d-eysine\/","title":{"rendered":"Paprastasis moli\u016bgas Galeux d\u2019 Eysine"},"content":{"rendered":"<p>\u0160is moli\u016bgas rausvas <span class=\"jCAhz ChMk0b\"><span class=\"ryNqvb\">su \u017eem\u0117s rie\u0161utus primenan\u010diomis karpomis. U\u017eauga iki ma\u017edaug 4\u20139 kg ir yra labiau \u012fdomi puo\u0161mena, nei valgymui skirtas moli\u016bgas. Jo skonin\u0117s savyb\u0117s n\u0117ra ypatingos.<\/span><\/span><\/p>\n<p><span class=\"jCAhz ChMk0b\"><span class=\"ryNqvb\">\u0160iai veislei reikia daug \u0161ilumos ir j\u0105 reikia i\u0161 anksto s\u0117ti. U\u017eauga per 110 dien\u0173, i\u0161 daig\u0173 pasodinus susp\u0117ja ir pas mus u\u017eauginti\u00a0 gra\u017eiuosius moli\u016bgus.<\/span><\/span><\/p>\n<p>&nbsp;<\/p>\n<p>&nbsp;<\/p>\n","protected":false},"excerpt":{"rendered":"<div>Cucurbita maxima mini<\/div>\n<div><strong>Gamintojas:\u00a0<\/strong>Olandija<\/div>\n<div><strong>Grup\u0117:<\/strong> Vienmet\u0117<\/div>\n<div><strong>Kiekis pakelyje:<\/strong> 3 s\u0117klos<\/div>\n<div>\n<div><strong>S\u0117ti m\u0117n.:\u00a0 <\/strong>III-IV<\/div>\n<div><strong>Vieta:<\/strong> saul\u0117ta<\/div>\n<div><strong>Dirva:<\/strong> \u012fvairi, derlinga<\/div>\n<\/div>\n","protected":false},"featured_media":38009,"comment_status":"open","ping_status":"closed","template":"","meta":{"jetpack_publicize_message":"","jetpack_publicize_feature_enabled":true,"jetpack_social_post_already_shared":true,"jetpack_social_options":{"image_generator_settings":{"template":"highway","default_image_id":0,"font":"","enabled":false},"version":2}},"product_brand":[],"product_cat":[196],"product_tag":[197,198,52,51],"class_list":{"0":"post-38008","1":"product","2":"type-product","3":"status-publish","4":"has-post-thumbnail","6":"product_cat-dekoratyviniai-moliugeliai","7":"product_tag-cucurbita","8":"product_tag-moliugas","9":"product_tag-seeds","10":"product_tag-seklos","11":"product_shipping_class-seklos","13":"first","14":"instock","15":"shipping-taxable","16":"purchasable","17":"product-type-simple"},"jetpack_publicize_connections":[],"jetpack_sharing_enabled":true,"_links":{"self":[{"href":"https:\/\/geliurasa.lt\/index.php\/wp-json\/wp\/v2\/product\/38008","targetHints":{"allow":["GET"]}}],"collection":[{"href":"https:\/\/geliurasa.lt\/index.php\/wp-json\/wp\/v2\/product"}],"about":[{"href":"https:\/\/geliurasa.lt\/index.php\/wp-json\/wp\/v2\/types\/product"}],"replies":[{"embeddable":true,"href":"https:\/\/geliurasa.lt\/index.php\/wp-json\/wp\/v2\/comments?post=38008"}],"wp:featuredmedia":[{"embeddable":true,"href":"https:\/\/geliurasa.lt\/index.php\/wp-json\/wp\/v2\/media\/38009"}],"wp:attachment":[{"href":"https:\/\/geliurasa.lt\/index.php\/wp-json\/wp\/v2\/media?parent=38008"}],"wp:term":[{"taxonomy":"product_brand","embeddable":true,"href":"https:\/\/geliurasa.lt\/index.php\/wp-json\/wp\/v2\/product_brand?post=38008"},{"taxonomy":"product_cat","embeddable":true,"href":"https:\/\/geliurasa.lt\/index.php\/wp-json\/wp\/v2\/product_cat?post=38008"},{"taxonomy":"product_tag","embeddable":true,"href":"https:\/\/geliurasa.lt\/index.php\/wp-json\/wp\/v2\/product_tag?post=38008"}],"curies":[{"name":"wp","href":"https:\/\/api.w.org\/{rel}","templated":true}]}}