{"id":38677,"date":"2024-01-09T00:04:48","date_gmt":"2024-01-08T22:04:48","guid":{"rendered":"https:\/\/geliurasa.lt\/?post_type=product&#038;p=38677"},"modified":"2026-03-03T09:19:20","modified_gmt":"2026-03-03T07:19:20","slug":"eustoma-rosita-ii-jade-hot-lips","status":"publish","type":"product","link":"https:\/\/geliurasa.lt\/index.php\/produktas\/eustoma-rosita-ii-jade-hot-lips\/","title":{"rendered":"Eustoma Rosita II  Jade, Hot Lips,"},"content":{"rendered":"<p>Rosita\u00ae yra pilnavidur\u0117s, turin\u010dios storus \u017eiedlapius ir tvirtus stiebus eustomos. \u012e ro\u017ees pana\u0161ios g\u0117l\u0117s\u00a0 ilgai laikosi vazoje iki 10-14 dien\u0173. S\u0117klos labai ma\u017eos, s\u0117jamos pavir\u0161iuje. M\u0117gst\u0105 lengv\u0105, dr\u0117gmei laid\u0173, derling\u0105 dirvo\u017eem\u012f. Dygimui reikalinga \u0161viesa. Sudygsta per 2 savaites, prie 22-24\u00b0C. Apsaugai nuo lig\u0173 galima pabarstyti pelenais, ir joms nepatinka r\u016bg\u0161ti dirva, pelenai\u00a0 papildomai neutralizuos dirvos r\u016bg\u0161tingum\u0105. Eustom\u0173 daigams reikia ma\u017eiausiai 13 val. \u0161viesos. Tod\u0117l, patariama naudoti augal\u0173 auginimo lempas.\u00a0 \u00a0Vandens perteklius kenksmingas.\u00a0 Daigeli\u0173 \u0161aknys labai trapios, labai reikia saugoti persodinant. Tai \u0161ilum\u0105 ir \u0161vies\u0105 m\u0117gstantys augalai. Auginamos \u0161iltnamyje, vazonuose, namie, bet gali augti\u00a0 ir lauke. Vietos daug neu\u017eima, \u012f 1m\u00b2 telpa 65-95 daigai, priklausomai, kokiam tikslui auginama. Lauke ne\u017eiemoja. \u017diemoja +10\u00b0C patalpoje. Vasario m\u0117nes\u012f pad\u0117jus ant palang\u0117s, prad\u0117s augti.<\/p>\n<p>&nbsp;<\/p>\n<div class=\"woocommerce-product-details__short-description\">\n<p>&nbsp;<\/p>\n<\/div>\n","protected":false},"excerpt":{"rendered":"<div>Lisianthus grandiflorum\u00a0\u00a0F1<\/div>\n<div><strong>Gamintojas:\u00a0<\/strong>Olandija<\/div>\n<div><strong>Grup\u0117:<\/strong> vienmet\u0117 &#8211; daugiamet\u0117 (patalpoje)<\/div>\n<div><strong>Kiekis pakelyje: <\/strong>10 s\u0117kl\u0173<\/div>\n<div><strong>Auk\u0161tis cm: <\/strong>75-85<\/div>\n<div><strong>S\u0117ti m\u0117n.: <\/strong>I-XII<\/div>\n<div><strong>Vieta:<\/strong> saul\u0117ta<\/div>\n<div><strong>Dirva:<\/strong> humusinga, laidi, derlinga<\/div>\n","protected":false},"featured_media":38696,"comment_status":"open","ping_status":"closed","template":"","meta":{"jetpack_publicize_message":"","jetpack_publicize_feature_enabled":true,"jetpack_social_post_already_shared":true,"jetpack_social_options":{"image_generator_settings":{"template":"highway","default_image_id":0,"font":"","enabled":false},"version":2}},"product_brand":[],"product_cat":[126,223,128,42],"product_tag":[145,221,52,51],"class_list":{"0":"post-38677","1":"product","2":"type-product","3":"status-publish","4":"has-post-thumbnail","6":"product_cat-daugiameciu-geliu-seklos","7":"product_cat-eustomos","8":"product_cat-vienmeciu-geliu-seklos","9":"product_cat-seklos","10":"product_tag-eustoma","11":"product_tag-lisianthus","12":"product_tag-seeds","13":"product_tag-seklos","14":"product_shipping_class-seklos","16":"first","17":"instock","18":"shipping-taxable","19":"purchasable","20":"product-type-variable"},"jetpack_publicize_connections":[],"jetpack_sharing_enabled":true,"_links":{"self":[{"href":"https:\/\/geliurasa.lt\/index.php\/wp-json\/wp\/v2\/product\/38677","targetHints":{"allow":["GET"]}}],"collection":[{"href":"https:\/\/geliurasa.lt\/index.php\/wp-json\/wp\/v2\/product"}],"about":[{"href":"https:\/\/geliurasa.lt\/index.php\/wp-json\/wp\/v2\/types\/product"}],"replies":[{"embeddable":true,"href":"https:\/\/geliurasa.lt\/index.php\/wp-json\/wp\/v2\/comments?post=38677"}],"wp:featuredmedia":[{"embeddable":true,"href":"https:\/\/geliurasa.lt\/index.php\/wp-json\/wp\/v2\/media\/38696"}],"wp:attachment":[{"href":"https:\/\/geliurasa.lt\/index.php\/wp-json\/wp\/v2\/media?parent=38677"}],"wp:term":[{"taxonomy":"product_brand","embeddable":true,"href":"https:\/\/geliurasa.lt\/index.php\/wp-json\/wp\/v2\/product_brand?post=38677"},{"taxonomy":"product_cat","embeddable":true,"href":"https:\/\/geliurasa.lt\/index.php\/wp-json\/wp\/v2\/product_cat?post=38677"},{"taxonomy":"product_tag","embeddable":true,"href":"https:\/\/geliurasa.lt\/index.php\/wp-json\/wp\/v2\/product_tag?post=38677"}],"curies":[{"name":"wp","href":"https:\/\/api.w.org\/{rel}","templated":true}]}}