{"id":38734,"date":"2024-01-13T01:01:01","date_gmt":"2024-01-12T23:01:01","guid":{"rendered":"https:\/\/geliurasa.lt\/?post_type=product&#038;p=38734"},"modified":"2026-04-27T09:10:14","modified_gmt":"2026-04-27T06:10:14","slug":"barzdotoji-zole-triusio-peda","status":"publish","type":"product","link":"https:\/\/geliurasa.lt\/index.php\/produktas\/barzdotoji-zole-triusio-peda\/","title":{"rendered":"Barzdotoji \u017eol\u0117 -Triu\u0161io p\u0117da"},"content":{"rendered":"<p>\u017dol\u0117s gimtin\u0117 yra Piet\u0173 Europoje, ta\u010diau \u0161iandien ji aptinkama visame pasaulyje. Mink\u0161tas, purus \u017eiedynas yra tankus, \u017ealsvas, plunksninis. <span class=\"jCAhz ChMk0b\"><span class=\"ryNqvb\">\u0160i vienmet\u0117 \u017eol\u0117 m\u0117gsta augti dr\u0117gnoje dirvoje, ypa\u010d per pirm\u0105j\u012f augimo etap\u0105.<\/span><\/span> <span class=\"jCAhz ChMk0b\"><span class=\"ryNqvb\">Optimali dygimo temperat\u016bra 20\u00b0C. Dygimas nevienodas, sudygus, gali b\u016bti v\u0117sesn\u0117je vietoje.<\/span><\/span><\/p>\n<p>&nbsp;<\/p>\n","protected":false},"excerpt":{"rendered":"<div>Polypogon monspeliensis<\/div>\n<div><strong>Gamintojas:\u00a0<\/strong>Olandija<\/div>\n<div><strong>Grup\u0117<\/strong>: vienmet\u0117<\/div>\n<div><strong>Kiekis pakelyje:<\/strong> 0,5 g \u22485000 s\u0117kl\u0173<\/div>\n<div><strong>Auk\u0161tis cm:<\/strong> 5- 120<\/div>\n<div><strong>S\u0117ti m\u0117n.:<\/strong> III\u2013VI, V (lauke)<\/div>\n<div><strong>Vieta:<\/strong> saul\u0117ta, pusiau pav\u0117sis<\/div>\n<div><strong>Dirva:<\/strong> dr\u0117gna, neutrali<\/div>\n<div><\/div>\n","protected":false},"featured_media":38738,"comment_status":"open","ping_status":"closed","template":"","meta":{"jetpack_publicize_message":"","jetpack_publicize_feature_enabled":true,"jetpack_social_post_already_shared":true,"jetpack_social_options":{"image_generator_settings":{"template":"highway","default_image_id":0,"font":"","enabled":false},"version":2}},"product_brand":[],"product_cat":[42,179,128],"product_tag":[227,52,51,226],"class_list":{"0":"post-38734","1":"product","2":"type-product","3":"status-publish","4":"has-post-thumbnail","6":"product_cat-seklos","7":"product_cat-smilginiai-augalai","8":"product_cat-vienmeciu-geliu-seklos","9":"product_tag-polypogon","10":"product_tag-seeds","11":"product_tag-seklos","12":"product_tag-zole","13":"product_shipping_class-seklos","15":"first","16":"instock","17":"shipping-taxable","18":"purchasable","19":"product-type-simple"},"jetpack_publicize_connections":[],"jetpack_sharing_enabled":true,"_links":{"self":[{"href":"https:\/\/geliurasa.lt\/index.php\/wp-json\/wp\/v2\/product\/38734","targetHints":{"allow":["GET"]}}],"collection":[{"href":"https:\/\/geliurasa.lt\/index.php\/wp-json\/wp\/v2\/product"}],"about":[{"href":"https:\/\/geliurasa.lt\/index.php\/wp-json\/wp\/v2\/types\/product"}],"replies":[{"embeddable":true,"href":"https:\/\/geliurasa.lt\/index.php\/wp-json\/wp\/v2\/comments?post=38734"}],"wp:featuredmedia":[{"embeddable":true,"href":"https:\/\/geliurasa.lt\/index.php\/wp-json\/wp\/v2\/media\/38738"}],"wp:attachment":[{"href":"https:\/\/geliurasa.lt\/index.php\/wp-json\/wp\/v2\/media?parent=38734"}],"wp:term":[{"taxonomy":"product_brand","embeddable":true,"href":"https:\/\/geliurasa.lt\/index.php\/wp-json\/wp\/v2\/product_brand?post=38734"},{"taxonomy":"product_cat","embeddable":true,"href":"https:\/\/geliurasa.lt\/index.php\/wp-json\/wp\/v2\/product_cat?post=38734"},{"taxonomy":"product_tag","embeddable":true,"href":"https:\/\/geliurasa.lt\/index.php\/wp-json\/wp\/v2\/product_tag?post=38734"}],"curies":[{"name":"wp","href":"https:\/\/api.w.org\/{rel}","templated":true}]}}