{"id":38741,"date":"2024-01-13T15:50:55","date_gmt":"2024-01-13T13:50:55","guid":{"rendered":"https:\/\/geliurasa.lt\/?post_type=product&#038;p=38741"},"modified":"2026-04-16T21:50:16","modified_gmt":"2026-04-16T18:50:16","slug":"eukaliptas-moon-lagoon","status":"publish","type":"product","link":"https:\/\/geliurasa.lt\/index.php\/produktas\/eukaliptas-moon-lagoon\/","title":{"rendered":"Eukaliptas Moon Lagoon"},"content":{"rendered":"<p>Labai ma\u017ei, sidabri\u0161kai pilki kvapn\u016bs\u00a0 lapeliai. \u0160is smulkialapis eukaliptas\u00a0 puikus skynimui, d\u017eiovinimui, kra\u0161tovaizd\u017eiui papuo\u0161ti. <span class=\"jCAhz ChMk0b\"><span class=\"ryNqvb\">Tai\u00a0 lengvai pri\u017ei\u016brimas augalas, m\u0117gst\u0105 saul\u0117t\u0105 viet\u0105, vidutini\u0161kai derling\u0105, dr\u0117gn\u0105, gerai drenuot\u0105 dirv\u0105.<\/span><\/span> <span class=\"jCAhz ChMk0b\"><span class=\"ryNqvb\">Augalas yra atsparus sausrai. Pas mus ne\u017eiemoja lauke.<\/span><\/span><\/p>\n<p>Rekomenduojamas\u00a0 1-2 m\u0117nesi\u0173 \u0161altas\/dr\u0117gnas stratifikavimas, 3-5<span class=\"jCAhz ChMk0b\"><span class=\"ryNqvb\">\u00b0C temperat\u016broje. Arba sausas, palaikant s\u0117klas \u0161aldiklyje bent 2 savaites. <\/span><\/span><span class=\"jCAhz ChMk0b\"><span class=\"ryNqvb\">Dygsta\u00a0 prie 15-20\u00b0C.\u00a0 S\u0117klos \u012fspaud\u017eiamos ant dirvos pavir\u0161iaus ir neu\u017edengiamos.\u00a0 Dygsta \u0161viesoje labai l\u0117tai ir sudygsta per 45 dienas, tod\u0117l reik\u0117s <\/span><\/span>kantryb\u0117s. Nem\u0117gsta persodinim\u0173. \u017diemoja v\u0117sioje patalpoje.<\/p>\n<p>&nbsp;<\/p>\n<p>&nbsp;<\/p>\n","protected":false},"excerpt":{"rendered":"<div>Eucalyptus latens<\/div>\n<div><strong>Gamintojas: <\/strong>Olandija<\/div>\n<div><strong>Grup\u0117:<\/strong> daugiamet\u0117<\/div>\n<div><strong>Kiekis pakelyje:<\/strong> 5 s\u0117klos<\/div>\n<div><strong>Auk\u0161tis cm: <\/strong>50-120<\/div>\n<div><strong>S\u0117ti m\u0117n.:<\/strong> XI-II<\/div>\n<div><strong>Vieta:<\/strong> saul\u0117ta<\/div>\n<div><strong>Dirva: <\/strong>lengva, neutrali<\/div>\n<div><strong>\u017diemojimo zona<\/strong>: 9-11<\/div>\n<div><\/div>\n","protected":false},"featured_media":38742,"comment_status":"open","ping_status":"closed","template":"","meta":{"jetpack_publicize_message":"","jetpack_publicize_feature_enabled":true,"jetpack_social_post_already_shared":true,"jetpack_social_options":{"image_generator_settings":{"template":"highway","default_image_id":0,"font":"","enabled":false},"version":2}},"product_brand":[],"product_cat":[126,270,99,42],"product_tag":[159,52,51],"class_list":{"0":"post-38741","1":"product","2":"type-product","3":"status-publish","4":"has-post-thumbnail","6":"product_cat-daugiameciu-geliu-seklos","7":"product_cat-eukaliptai","8":"product_cat-naujos-prekes","9":"product_cat-seklos","10":"product_tag-eukaliptas","11":"product_tag-seeds","12":"product_tag-seklos","13":"product_shipping_class-seklos","15":"first","16":"instock","17":"shipping-taxable","18":"purchasable","19":"product-type-simple"},"jetpack_publicize_connections":[],"jetpack_sharing_enabled":true,"_links":{"self":[{"href":"https:\/\/geliurasa.lt\/index.php\/wp-json\/wp\/v2\/product\/38741","targetHints":{"allow":["GET"]}}],"collection":[{"href":"https:\/\/geliurasa.lt\/index.php\/wp-json\/wp\/v2\/product"}],"about":[{"href":"https:\/\/geliurasa.lt\/index.php\/wp-json\/wp\/v2\/types\/product"}],"replies":[{"embeddable":true,"href":"https:\/\/geliurasa.lt\/index.php\/wp-json\/wp\/v2\/comments?post=38741"}],"wp:featuredmedia":[{"embeddable":true,"href":"https:\/\/geliurasa.lt\/index.php\/wp-json\/wp\/v2\/media\/38742"}],"wp:attachment":[{"href":"https:\/\/geliurasa.lt\/index.php\/wp-json\/wp\/v2\/media?parent=38741"}],"wp:term":[{"taxonomy":"product_brand","embeddable":true,"href":"https:\/\/geliurasa.lt\/index.php\/wp-json\/wp\/v2\/product_brand?post=38741"},{"taxonomy":"product_cat","embeddable":true,"href":"https:\/\/geliurasa.lt\/index.php\/wp-json\/wp\/v2\/product_cat?post=38741"},{"taxonomy":"product_tag","embeddable":true,"href":"https:\/\/geliurasa.lt\/index.php\/wp-json\/wp\/v2\/product_tag?post=38741"}],"curies":[{"name":"wp","href":"https:\/\/api.w.org\/{rel}","templated":true}]}}