{"id":38776,"date":"2024-01-16T23:40:45","date_gmt":"2024-01-16T21:40:45","guid":{"rendered":"https:\/\/geliurasa.lt\/?post_type=product&#038;p=38776"},"modified":"2026-04-03T14:01:13","modified_gmt":"2026-04-03T11:01:13","slug":"paprastoji-kosmeja-fizzy-white","status":"publish","type":"product","link":"https:\/\/geliurasa.lt\/index.php\/produktas\/paprastoji-kosmeja-fizzy-white\/","title":{"rendered":"Paprastoji kosm\u0117ja Fizzy White"},"content":{"rendered":"<p>Nuostabios, skaidriai baltos, pusiau dvigubais \u017eiedais \u0161ios kosm\u0117jos. \u017dydi ilgai ir gausiai, vis\u0105 vasar\u0105. Lengva pri\u017ei\u016br\u0117ti. Kuo prastesn\u0117 dirva, tuo gausiau \u017eydi. Tinka auginti grup\u0117mis su kitomis auk\u0161ta\u016bg\u0117mis g\u0117l\u0117mis, mi\u0161riuose g\u0117lynuose. Nepamainomos vasaros puok\u0161t\u0117se.<\/p>\n","protected":false},"excerpt":{"rendered":"<div>\n<div>Cosmos bipinnatus<\/div>\n<div><strong>Gamintojas:\u00a0<\/strong>Olandija<\/div>\n<div><strong>Grup\u0117:<\/strong> vienmet\u0117<\/div>\n<div><strong>Kiekis pakelyje:<\/strong> 0.5g<\/div>\n<div><strong>Auk\u0161tis cm: <\/strong>100<\/div>\n<div><strong>S\u0117ti m\u0117n.:<\/strong> III-V<\/div>\n<div><strong>Vieta:<\/strong> saul\u0117ta-pav\u0117sis<\/div>\n<div><strong>Dirva:<\/strong> \u012fvairi, neutrali<\/div>\n<\/div>\n","protected":false},"featured_media":38811,"comment_status":"open","ping_status":"closed","template":"","meta":{"jetpack_publicize_message":"","jetpack_publicize_feature_enabled":true,"jetpack_social_post_already_shared":true,"jetpack_social_options":{"image_generator_settings":{"template":"highway","default_image_id":0,"font":"","enabled":false},"version":2}},"product_brand":[],"product_cat":[120,128,42],"product_tag":[122,121,52,51],"class_list":{"0":"post-38776","1":"product","2":"type-product","3":"status-publish","4":"has-post-thumbnail","6":"product_cat-kosmeja","7":"product_cat-vienmeciu-geliu-seklos","8":"product_cat-seklos","9":"product_tag-cosmos","10":"product_tag-kosmeja","11":"product_tag-seeds","12":"product_tag-seklos","13":"product_shipping_class-seklos","15":"first","16":"instock","17":"shipping-taxable","18":"purchasable","19":"product-type-simple"},"jetpack_publicize_connections":[],"jetpack_sharing_enabled":true,"_links":{"self":[{"href":"https:\/\/geliurasa.lt\/index.php\/wp-json\/wp\/v2\/product\/38776","targetHints":{"allow":["GET"]}}],"collection":[{"href":"https:\/\/geliurasa.lt\/index.php\/wp-json\/wp\/v2\/product"}],"about":[{"href":"https:\/\/geliurasa.lt\/index.php\/wp-json\/wp\/v2\/types\/product"}],"replies":[{"embeddable":true,"href":"https:\/\/geliurasa.lt\/index.php\/wp-json\/wp\/v2\/comments?post=38776"}],"wp:featuredmedia":[{"embeddable":true,"href":"https:\/\/geliurasa.lt\/index.php\/wp-json\/wp\/v2\/media\/38811"}],"wp:attachment":[{"href":"https:\/\/geliurasa.lt\/index.php\/wp-json\/wp\/v2\/media?parent=38776"}],"wp:term":[{"taxonomy":"product_brand","embeddable":true,"href":"https:\/\/geliurasa.lt\/index.php\/wp-json\/wp\/v2\/product_brand?post=38776"},{"taxonomy":"product_cat","embeddable":true,"href":"https:\/\/geliurasa.lt\/index.php\/wp-json\/wp\/v2\/product_cat?post=38776"},{"taxonomy":"product_tag","embeddable":true,"href":"https:\/\/geliurasa.lt\/index.php\/wp-json\/wp\/v2\/product_tag?post=38776"}],"curies":[{"name":"wp","href":"https:\/\/api.w.org\/{rel}","templated":true}]}}