{"id":38813,"date":"2024-01-17T00:34:12","date_gmt":"2024-01-16T22:34:12","guid":{"rendered":"https:\/\/geliurasa.lt\/?post_type=product&#038;p=38813"},"modified":"2026-04-04T10:27:32","modified_gmt":"2026-04-04T07:27:32","slug":"patagonine-verbena-santos-purple","status":"publish","type":"product","link":"https:\/\/geliurasa.lt\/index.php\/produktas\/patagonine-verbena-santos-purple\/","title":{"rendered":"Patagonin\u0117 verbena Santos Purple"},"content":{"rendered":"<p>Tvirta, sausrai atspari, sodriai violetin\u0117s spalvos \u017eema\u016bg\u0117 verbena. Gerai \u0161akojasi, kompakti\u0161ka \u017eydi iki v\u0117lyvo rudens. <span class=\"jCAhz ChMk0b\"><span class=\"ryNqvb\">S\u0117kloms reikia \u0161alto periodo, galima palaikyti \u0161aldiklyje 1-2 sav., ar dr\u0117gnai stratifikuoti. S\u0117jant s\u0117klas\u00a0 lengvai u\u017eberti, bet <\/span><\/span>\u00a0<span class=\"jCAhz ChMk0b\"><span class=\"ryNqvb\">dygimui reikia tamsos. Pas\u0117jus reikia u\u017ed\u0117ti ka\u017ek\u0105 tamsaus,<\/span><\/span> neper\u0161vie\u010diamo. <span class=\"jCAhz ChMk0b\"><span class=\"ryNqvb\">Dygimo laikas: 10-30 dien\u0173. Geriau dygsta, kai nakt\u012f 12-15\u00b0C.<\/span><\/span><\/p>\n<p>&nbsp;<\/p>\n<p>&nbsp;<\/p>\n","protected":false},"excerpt":{"rendered":"<div><em><span class=\"jCAhz ChMk0b\"><span class=\"ryNqvb\">Verbena rigida <\/span><\/span><\/em><\/div>\n<div><strong>Gamintojas:\u00a0<\/strong>Olandija<\/div>\n<div><strong>Grup\u0117:<\/strong> Vienmet\u0117<\/div>\n<div><strong>Kiekis pakelyje:<\/strong> 20 s\u0117kl\u0173<\/div>\n<div><strong>Auk\u0161tis cm: <\/strong>30<\/div>\n<div><strong>S\u0117ti m\u0117n.:<\/strong> I-IV<\/div>\n<div><strong>Vieta:<\/strong> saul\u0117ta, dalinis pav\u0117sis<\/div>\n<div><strong>Dirva:<\/strong> dr\u0117gmei laidi<\/div>\n<div><\/div>\n","protected":false},"featured_media":38814,"comment_status":"open","ping_status":"closed","template":"","meta":{"jetpack_publicize_message":"","jetpack_publicize_feature_enabled":true,"jetpack_social_post_already_shared":true,"jetpack_social_options":{"image_generator_settings":{"template":"highway","default_image_id":0,"font":"","enabled":false},"version":2}},"product_brand":[],"product_cat":[302,128,42],"product_tag":[52,51,182],"class_list":{"0":"post-38813","1":"product","2":"type-product","3":"status-publish","4":"has-post-thumbnail","6":"product_cat-verbenos","7":"product_cat-vienmeciu-geliu-seklos","8":"product_cat-seklos","9":"product_tag-seeds","10":"product_tag-seklos","11":"product_tag-verbena","12":"product_shipping_class-seklos","14":"first","15":"instock","16":"shipping-taxable","17":"purchasable","18":"product-type-simple"},"jetpack_publicize_connections":[],"jetpack_sharing_enabled":true,"_links":{"self":[{"href":"https:\/\/geliurasa.lt\/index.php\/wp-json\/wp\/v2\/product\/38813","targetHints":{"allow":["GET"]}}],"collection":[{"href":"https:\/\/geliurasa.lt\/index.php\/wp-json\/wp\/v2\/product"}],"about":[{"href":"https:\/\/geliurasa.lt\/index.php\/wp-json\/wp\/v2\/types\/product"}],"replies":[{"embeddable":true,"href":"https:\/\/geliurasa.lt\/index.php\/wp-json\/wp\/v2\/comments?post=38813"}],"wp:featuredmedia":[{"embeddable":true,"href":"https:\/\/geliurasa.lt\/index.php\/wp-json\/wp\/v2\/media\/38814"}],"wp:attachment":[{"href":"https:\/\/geliurasa.lt\/index.php\/wp-json\/wp\/v2\/media?parent=38813"}],"wp:term":[{"taxonomy":"product_brand","embeddable":true,"href":"https:\/\/geliurasa.lt\/index.php\/wp-json\/wp\/v2\/product_brand?post=38813"},{"taxonomy":"product_cat","embeddable":true,"href":"https:\/\/geliurasa.lt\/index.php\/wp-json\/wp\/v2\/product_cat?post=38813"},{"taxonomy":"product_tag","embeddable":true,"href":"https:\/\/geliurasa.lt\/index.php\/wp-json\/wp\/v2\/product_tag?post=38813"}],"curies":[{"name":"wp","href":"https:\/\/api.w.org\/{rel}","templated":true}]}}