{"id":38819,"date":"2024-01-17T18:12:55","date_gmt":"2024-01-17T16:12:55","guid":{"rendered":"https:\/\/geliurasa.lt\/?post_type=product&#038;p=38819"},"modified":"2026-03-31T12:51:25","modified_gmt":"2026-03-31T09:51:25","slug":"karsulis","status":"publish","type":"product","link":"https:\/\/geliurasa.lt\/index.php\/produktas\/karsulis\/","title":{"rendered":"Plunksnalapis kar\u0161ulis"},"content":{"rendered":"<p>Kar\u0161ulini\u0173 \u0161eima apima daugiau nei 50 r\u016b\u0161i\u0173 ir yra paplitusi Europoje, Azijoje ir \u0160iaur\u0117s Amerikoje. Tai dvime\u010diai augalai \u2013 pirmaisiais metais i\u0161augina lap\u0173 skrotel\u0119, o kit\u0173 met\u0173 vasar\u0105 pra\u017eysta, subrandina s\u0117klas ir sunyksta. \u017dalios, kiau\u0161inio formos \u017eied\u0173 galvut\u0117s, ypa\u010d tinka\u00a0 g\u0117li\u0173 kompozicijoms. \u017dydi baltais \u017eiedeliais, kurie traukia bites, kamanes bei drugelius. Augalas\u00a0 spygliuotas.\u00a0 Palyginus su kitais kar\u0161uliais , \u0161is beveik be spygli\u0173, patogu su juo dirbti. Galvut\u0117s\u00a0 \u017eydi nuo vir\u0161aus \u012f apa\u010di\u0105. Skynimui tinkamiausios \u017ealios\u00a0 nei\u0161siskleidusios, ar besiskleid\u017eian\u010dios galvut\u0117s. D\u017eiovinimui tinka ir baigian\u010dios nu\u017eyd\u0117ti, kol dar nebarsto s\u0117kl\u0173. Kad bet kur neprisis\u0117t\u0173, reikia laiku nuskinti nu\u017eyd\u0117jusias. Kitaip \u0161is augalas taps pikt\u017eole. Jei bus auginami pievoje ar pami\u0161k\u0117je, nenuskinti bus dekoratyv\u016bs ir \u017eiem\u0105. D\u017eiovintus \u017eiedynus galima da\u017eyti. Norint i\u0161gauti \u0161viesi\u0105 spalv\u0105, d\u017eiovinama saul\u0117je ar \u0161iltnamyje.<\/p>\n<p>S\u0117kloms rekomenduojamas \u0161altas periodas. S\u0117ti tiesiai \u012f\u00a0 dirv\u0105 nuo gegu\u017e\u0117s iki liepos, dygimui reikia dr\u0117gm\u0117s.<\/p>\n<p>&nbsp;<\/p>\n","protected":false},"excerpt":{"rendered":"<div>Dipsacus laciniatus<\/div>\n<div><strong>Gamintojas: <\/strong>Olandija<\/div>\n<div><strong>Grup\u0117:<\/strong> dvimet\u0117 sausa\u017eied\u0117<\/div>\n<div><strong>Kiekis pakelyje:<\/strong>\u00a0 0,5 g\u2248 80 s\u0117kl\u0173<\/div>\n<div><strong>Auk\u0161tis cm:<\/strong>\u00a0 100-180<\/div>\n<div><strong>S\u0117ti m\u0117n.:<\/strong>\u00a0 IV-VII<\/div>\n<div><strong>Vieta:<\/strong> saul\u0117ta-pav\u0117sis<\/div>\n<div><strong>Dirvai:<\/strong> nereiklus<\/div>\n<div><\/div>\n","protected":false},"featured_media":38825,"comment_status":"open","ping_status":"closed","template":"","meta":{"jetpack_publicize_message":"","jetpack_publicize_feature_enabled":true,"jetpack_social_post_already_shared":true,"jetpack_social_options":{"image_generator_settings":{"template":"highway","default_image_id":0,"font":"","enabled":false},"version":2}},"product_brand":[],"product_cat":[134,42,224],"product_tag":[229,228,52,51],"class_list":{"0":"post-38819","1":"product","2":"type-product","3":"status-publish","4":"has-post-thumbnail","6":"product_cat-dvimetes-geliu-seklos","7":"product_cat-seklos","8":"product_cat-zundos","9":"product_tag-dipsacus","10":"product_tag-karsulis","11":"product_tag-seeds","12":"product_tag-seklos","13":"product_shipping_class-seklos","15":"first","16":"instock","17":"shipping-taxable","18":"purchasable","19":"product-type-simple"},"jetpack_publicize_connections":[],"jetpack_sharing_enabled":true,"_links":{"self":[{"href":"https:\/\/geliurasa.lt\/index.php\/wp-json\/wp\/v2\/product\/38819","targetHints":{"allow":["GET"]}}],"collection":[{"href":"https:\/\/geliurasa.lt\/index.php\/wp-json\/wp\/v2\/product"}],"about":[{"href":"https:\/\/geliurasa.lt\/index.php\/wp-json\/wp\/v2\/types\/product"}],"replies":[{"embeddable":true,"href":"https:\/\/geliurasa.lt\/index.php\/wp-json\/wp\/v2\/comments?post=38819"}],"wp:featuredmedia":[{"embeddable":true,"href":"https:\/\/geliurasa.lt\/index.php\/wp-json\/wp\/v2\/media\/38825"}],"wp:attachment":[{"href":"https:\/\/geliurasa.lt\/index.php\/wp-json\/wp\/v2\/media?parent=38819"}],"wp:term":[{"taxonomy":"product_brand","embeddable":true,"href":"https:\/\/geliurasa.lt\/index.php\/wp-json\/wp\/v2\/product_brand?post=38819"},{"taxonomy":"product_cat","embeddable":true,"href":"https:\/\/geliurasa.lt\/index.php\/wp-json\/wp\/v2\/product_cat?post=38819"},{"taxonomy":"product_tag","embeddable":true,"href":"https:\/\/geliurasa.lt\/index.php\/wp-json\/wp\/v2\/product_tag?post=38819"}],"curies":[{"name":"wp","href":"https:\/\/api.w.org\/{rel}","templated":true}]}}