{"id":38827,"date":"2024-01-17T19:16:27","date_gmt":"2024-01-17T17:16:27","guid":{"rendered":"https:\/\/geliurasa.lt\/?post_type=product&#038;p=38827"},"modified":"2026-04-24T21:20:06","modified_gmt":"2026-04-24T18:20:06","slug":"davido-budleja-butterfly-hybrids","status":"publish","type":"product","link":"https:\/\/geliurasa.lt\/index.php\/produktas\/davido-budleja-butterfly-hybrids\/","title":{"rendered":"Davido budl\u0117ja Butterfly Hybrids"},"content":{"rendered":"<p>Budl\u0117ja- tai <span class=\"jCAhz ChMk0b\"><span class=\"ryNqvb\"> greitai auganti <\/span><\/span>vasaros alyva, drugeli\u0173 traukos objektas. Butterfly Hybrids puikus maloniai\u00a0 kvepiantis ry\u0161ki\u0173 spalv\u0173 mi\u0161inys. Didesn\u0117s kek\u0117s nei paprast\u0173 budl\u0117j\u0173. Geriausia sodinti sul\u0117s atokaitoje, nuo v\u0117j\u0173 apsaugotose vietose. Nuskynus nu\u017eyd\u0117jusius \u017eiedynus, formuojasi nauji ir \u017eydi iki \u0161al\u010di\u0173. \u017diem\u0105\u00a0 ap\u0161\u0105la, bet lengvai at\u017eelia, galima mul\u010diuoti. Kr\u016bm\u0105 lengva formuoti pagal savo poreikius.<\/p>\n<p>Prie\u0161 s\u0117j\u0105 rekomenduojamas s\u0117kl\u0173\u00a0 \u0161altasis periodas, bet neb\u016btinas, jos lengvai dygsta. S\u0117jama pavir\u0161iuje. Dygimui reikalinga \u0161viesa, s\u0117klas \u012fspausti, bet neu\u017eberti. Sudygsta per 7-14 dien\u0173 prie <span class=\"jCAhz ChMk0b\"><span class=\"ryNqvb\"> 20\u00b0C.<\/span><\/span><\/p>\n<p>&nbsp;<\/p>\n","protected":false},"excerpt":{"rendered":"<div>\n<p class=\"product_title entry-title\">Buddleja davidii\u00a0 hybrids<\/p>\n<\/div>\n<div><strong>Gamintojas:\u00a0<\/strong>Olandija<\/div>\n<div><strong>Grup\u0117:<\/strong> daugiamet\u0117<\/div>\n<div><strong>Kiekis pakelyje: <\/strong>20 s\u0117kl\u0173<\/div>\n<div><strong>Auk\u0161tis cm: <\/strong>100-250<\/div>\n<div><strong>S\u0117ti m\u0117n.: <\/strong>I-V<\/div>\n<div><strong>Vieta:<\/strong> saul\u0117ta<\/div>\n<div><strong>Dirva:<\/strong> neutrali, vid. dr\u0117gna<\/div>\n<div><strong>\u017diemos atsparumo zonos<\/strong>: z5<\/div>\n","protected":false},"featured_media":38828,"comment_status":"open","ping_status":"closed","template":"","meta":{"jetpack_publicize_message":"","jetpack_publicize_feature_enabled":true,"jetpack_social_post_already_shared":true,"jetpack_social_options":{"image_generator_settings":{"template":"highway","default_image_id":0,"font":"","enabled":false},"version":2}},"product_brand":[],"product_cat":[126,353,99,42],"product_tag":[230,52,51],"class_list":{"0":"post-38827","1":"product","2":"type-product","3":"status-publish","4":"has-post-thumbnail","6":"product_cat-daugiameciu-geliu-seklos","7":"product_cat-ivairios","8":"product_cat-naujos-prekes","9":"product_cat-seklos","10":"product_tag-budleja","11":"product_tag-seeds","12":"product_tag-seklos","13":"product_shipping_class-seklos","15":"first","16":"instock","17":"shipping-taxable","18":"purchasable","19":"product-type-simple"},"jetpack_publicize_connections":[],"jetpack_sharing_enabled":true,"_links":{"self":[{"href":"https:\/\/geliurasa.lt\/index.php\/wp-json\/wp\/v2\/product\/38827","targetHints":{"allow":["GET"]}}],"collection":[{"href":"https:\/\/geliurasa.lt\/index.php\/wp-json\/wp\/v2\/product"}],"about":[{"href":"https:\/\/geliurasa.lt\/index.php\/wp-json\/wp\/v2\/types\/product"}],"replies":[{"embeddable":true,"href":"https:\/\/geliurasa.lt\/index.php\/wp-json\/wp\/v2\/comments?post=38827"}],"wp:featuredmedia":[{"embeddable":true,"href":"https:\/\/geliurasa.lt\/index.php\/wp-json\/wp\/v2\/media\/38828"}],"wp:attachment":[{"href":"https:\/\/geliurasa.lt\/index.php\/wp-json\/wp\/v2\/media?parent=38827"}],"wp:term":[{"taxonomy":"product_brand","embeddable":true,"href":"https:\/\/geliurasa.lt\/index.php\/wp-json\/wp\/v2\/product_brand?post=38827"},{"taxonomy":"product_cat","embeddable":true,"href":"https:\/\/geliurasa.lt\/index.php\/wp-json\/wp\/v2\/product_cat?post=38827"},{"taxonomy":"product_tag","embeddable":true,"href":"https:\/\/geliurasa.lt\/index.php\/wp-json\/wp\/v2\/product_tag?post=38827"}],"curies":[{"name":"wp","href":"https:\/\/api.w.org\/{rel}","templated":true}]}}