{"id":38846,"date":"2024-01-18T21:13:49","date_gmt":"2024-01-18T19:13:49","guid":{"rendered":"https:\/\/geliurasa.lt\/?post_type=product&#038;p=38846"},"modified":"2026-04-07T15:48:28","modified_gmt":"2026-04-07T12:48:28","slug":"zaliasis-gaivusis-gaivenis-griffithii-select","status":"publish","type":"product","link":"https:\/\/geliurasa.lt\/index.php\/produktas\/zaliasis-gaivusis-gaivenis-griffithii-select\/","title":{"rendered":"\u017daliasis gaivusis gaivenis  Griffithii Select"},"content":{"rendered":"<p><strong>DAIGINIMO INSTRUKCIJA: <\/strong>s\u0117ti \u012f dr\u0117gn\u0105 dirv\u0105, u\u017eberiant plonu \u017eem\u0117s sluoksniu, ma\u017edaug 0,5 cm. Nakties v\u0117sumas pagerina dygim\u0105. <span class=\"VIiyi\" lang=\"lt\"><span class=\"JLqJ4b\" data-language-for-alternatives=\"lt\" data-language-to-translate-into=\"en\" data-phrase-index=\"0\" data-number-of-phrases=\"1\">Dygimo laikas 2-3 savait\u0117s. Augimo laikas iki \u017eyd\u0117jimo yra 11-13 savai\u010di\u0173. S\u0117ti kas 2-3 savaites, kad \u017eyd\u0117t\u0173 skirtingu laiku. Lengvai auginamas, geriausia s\u0117ti i\u0161 karto \u012f lauk\u0105.<\/span><\/span><\/p>\n<p>Dar viena puiki gaivenio veisl\u0117 g\u0117lynui bei skynimui.<\/p>\n<p>&nbsp;<\/p>\n<p>&nbsp;<\/p>\n","protected":false},"excerpt":{"rendered":"<div>Bupleurum rotundifolium<\/div>\n<div><strong>Gamintojas:\u00a0<\/strong>Olandija<\/div>\n<div><strong>Grup\u0117<\/strong>: vienmet\u0117<\/div>\n<div><strong>Kiekis pakelyje:<\/strong> 0,5 g<\/div>\n<div><strong>Auk\u0161tis cm: <\/strong>60<\/div>\n<div><strong>S\u0117ti m\u0117n. : <\/strong>VI- V<\/div>\n<div><strong>Vieta:<\/strong> saul\u0117ta, dalinis pav\u0117sis<\/div>\n<div><strong>Dirva: <\/strong>neutrali<\/div>\n<div><\/div>\n","protected":false},"featured_media":38848,"comment_status":"open","ping_status":"closed","template":"","meta":{"jetpack_publicize_message":"","jetpack_publicize_feature_enabled":true,"jetpack_social_post_already_shared":true,"jetpack_social_options":{"image_generator_settings":{"template":"highway","default_image_id":0,"font":"","enabled":false},"version":2}},"product_brand":[],"product_cat":[42,128],"product_tag":[169,54,51],"class_list":{"0":"post-38846","1":"product","2":"type-product","3":"status-publish","4":"has-post-thumbnail","6":"product_cat-seklos","7":"product_cat-vienmeciu-geliu-seklos","8":"product_tag-bupleurum","9":"product_tag-gaivenis","10":"product_tag-seklos","11":"product_shipping_class-seklos","13":"first","14":"instock","15":"shipping-taxable","16":"purchasable","17":"product-type-simple"},"jetpack_publicize_connections":[],"jetpack_sharing_enabled":true,"_links":{"self":[{"href":"https:\/\/geliurasa.lt\/index.php\/wp-json\/wp\/v2\/product\/38846","targetHints":{"allow":["GET"]}}],"collection":[{"href":"https:\/\/geliurasa.lt\/index.php\/wp-json\/wp\/v2\/product"}],"about":[{"href":"https:\/\/geliurasa.lt\/index.php\/wp-json\/wp\/v2\/types\/product"}],"replies":[{"embeddable":true,"href":"https:\/\/geliurasa.lt\/index.php\/wp-json\/wp\/v2\/comments?post=38846"}],"wp:featuredmedia":[{"embeddable":true,"href":"https:\/\/geliurasa.lt\/index.php\/wp-json\/wp\/v2\/media\/38848"}],"wp:attachment":[{"href":"https:\/\/geliurasa.lt\/index.php\/wp-json\/wp\/v2\/media?parent=38846"}],"wp:term":[{"taxonomy":"product_brand","embeddable":true,"href":"https:\/\/geliurasa.lt\/index.php\/wp-json\/wp\/v2\/product_brand?post=38846"},{"taxonomy":"product_cat","embeddable":true,"href":"https:\/\/geliurasa.lt\/index.php\/wp-json\/wp\/v2\/product_cat?post=38846"},{"taxonomy":"product_tag","embeddable":true,"href":"https:\/\/geliurasa.lt\/index.php\/wp-json\/wp\/v2\/product_tag?post=38846"}],"curies":[{"name":"wp","href":"https:\/\/api.w.org\/{rel}","templated":true}]}}