{"id":38849,"date":"2024-01-20T21:34:09","date_gmt":"2024-01-20T19:34:09","guid":{"rendered":"https:\/\/geliurasa.lt\/?post_type=product&#038;p=38849"},"modified":"2026-03-27T06:57:56","modified_gmt":"2026-03-27T04:57:56","slug":"muiline-guboja-snowflake","status":"publish","type":"product","link":"https:\/\/geliurasa.lt\/index.php\/produktas\/muiline-guboja-snowflake\/","title":{"rendered":"Muilin\u0117 guboja SnowfLake"},"content":{"rendered":"<p>Balti dvigubi ir pusiau dvigubi \u017eiedai. \u017diedeliai labai smulk\u016bs, primena paprast\u0105 guboj\u0105, bet baltesni, nes dvigubi. Tvirti stiebai idealiai tinka skynimui. G\u0117lyne atrodo kaip baltas debesis. Nem\u0117gsta per didel\u0117s dr\u0117gm\u0117s, lieting\u0105 vasar\u0105 gali visai nepra\u017eysti, kaip 2025m.<\/p>\n<p>Greitai dygsta, laikykite s\u0117kl\u0105 pastovioje dr\u0117gm\u0117je (ne \u0161lapioje), ma\u017edaug +20\u00b0C temperat\u016broje. Dygimas\u00a0 trunka 30 dien\u0173. S\u0117klos turi b\u016bti padengtos plonai. Neu\u017edenkite labai ma\u017e\u0173 s\u0117kl\u0173, bet sandariai \u012fspauskite \u012f \u017eem\u0119. Sudygus laikyti v\u0117sesn\u0117je aplinkoje, neperlaistyti.<\/p>\n","protected":false},"excerpt":{"rendered":"<div>Gypsophila paniculata<\/div>\n<div><strong>Gamintojas:\u00a0<\/strong>Olandija<\/div>\n<div><strong>Grup\u0117:<\/strong> daugiamet\u0117<\/div>\n<div><strong>Kiekis pakelyje:<\/strong> 0,2 g<\/div>\n<div><strong>Auk\u0161tis cm: <\/strong>iki 100<\/div>\n<div><strong>Plotis cm:<\/strong> 70<\/div>\n<div><strong>S\u0117ti m\u0117n.:<\/strong> II-V<\/div>\n<div><strong>Vieta:<\/strong> saul\u0117ta, dalinis pav\u0117sis<\/div>\n<div><strong>Dirva:<\/strong> gerai drenuota<\/div>\n<div><strong>\u017diemojimo zona:<\/strong> Z3 &#8211; Z7<\/div>\n","protected":false},"featured_media":43487,"comment_status":"open","ping_status":"closed","template":"","meta":{"jetpack_publicize_message":"","jetpack_publicize_feature_enabled":true,"jetpack_social_post_already_shared":true,"jetpack_social_options":{"image_generator_settings":{"template":"highway","default_image_id":0,"font":"","enabled":false},"version":2}},"product_brand":[],"product_cat":[126,42],"product_tag":[231,232,52,51],"class_list":{"0":"post-38849","1":"product","2":"type-product","3":"status-publish","4":"has-post-thumbnail","6":"product_cat-daugiameciu-geliu-seklos","7":"product_cat-seklos","8":"product_tag-guboja","9":"product_tag-gypsophila","10":"product_tag-seeds","11":"product_tag-seklos","12":"product_shipping_class-seklos","14":"first","15":"instock","16":"shipping-taxable","17":"purchasable","18":"product-type-simple"},"jetpack_publicize_connections":[],"jetpack_sharing_enabled":true,"_links":{"self":[{"href":"https:\/\/geliurasa.lt\/index.php\/wp-json\/wp\/v2\/product\/38849","targetHints":{"allow":["GET"]}}],"collection":[{"href":"https:\/\/geliurasa.lt\/index.php\/wp-json\/wp\/v2\/product"}],"about":[{"href":"https:\/\/geliurasa.lt\/index.php\/wp-json\/wp\/v2\/types\/product"}],"replies":[{"embeddable":true,"href":"https:\/\/geliurasa.lt\/index.php\/wp-json\/wp\/v2\/comments?post=38849"}],"wp:featuredmedia":[{"embeddable":true,"href":"https:\/\/geliurasa.lt\/index.php\/wp-json\/wp\/v2\/media\/43487"}],"wp:attachment":[{"href":"https:\/\/geliurasa.lt\/index.php\/wp-json\/wp\/v2\/media?parent=38849"}],"wp:term":[{"taxonomy":"product_brand","embeddable":true,"href":"https:\/\/geliurasa.lt\/index.php\/wp-json\/wp\/v2\/product_brand?post=38849"},{"taxonomy":"product_cat","embeddable":true,"href":"https:\/\/geliurasa.lt\/index.php\/wp-json\/wp\/v2\/product_cat?post=38849"},{"taxonomy":"product_tag","embeddable":true,"href":"https:\/\/geliurasa.lt\/index.php\/wp-json\/wp\/v2\/product_tag?post=38849"}],"curies":[{"name":"wp","href":"https:\/\/api.w.org\/{rel}","templated":true}]}}