{"id":38957,"date":"2024-01-25T14:40:12","date_gmt":"2024-01-25T12:40:12","guid":{"rendered":"https:\/\/geliurasa.lt\/?post_type=product&#038;p=38957"},"modified":"2026-03-24T01:49:25","modified_gmt":"2026-03-23T23:49:25","slug":"blyskiaziede-kinmete-neomexicana-rose-mint","status":"publish","type":"product","link":"https:\/\/geliurasa.lt\/index.php\/produktas\/blyskiaziede-kinmete-neomexicana-rose-mint\/","title":{"rendered":"Bly\u0161kia\u017eied\u0117 kinm\u0117t\u0117 neomexicana Rose Mint"},"content":{"rendered":"<p>Viena i\u0161 gra\u017eiausi\u0173, i\u0161skirtinai ilgai \u017eydinti aromatinga, vaistin\u0117 kinm\u0117t\u0117. Spalva \u0161velniai ro\u017ein\u0117 su levand\u0173 atspalviu, aromatas primena m\u0117t\u0105. Skani arbata, jauni lapeliai tinka salotoms. Patrynus lapel\u012f ant odos, kvapas atbaido uodus. Nektaras vilioja drugelius. Nebijo, nei sausros, nei u\u017emirkimo. \u0160iltesn\u0119 \u017eiem\u0105 i\u0161\u017eiemoja. \u00a0Nuolat skinant nu\u017eyd\u0117jusius stiebus, d\u017eiugins iki v\u0117lyvo rudens. Neu\u017ego\u017eia kit\u0173 augal\u0173, auga \u012f vir\u0161\u0173, kompakti\u0161ka. Auginant balkone ar terasoje, nuolat jausis raminantis aromatas. Galima sodinti \u012f dar\u017eovi\u0173 lysves, kad pritraukt\u0173 apdulkintojus, tuo pa\u010diu atbaidyt\u0173 kenk\u0117jus. Pasodinus pami\u0161k\u0117je (kam aktualu) kinm\u0117\u010di\u0173 eteriniai aliejai atbaido ki\u0161kius ir stirnas.<\/p>\n<p><span class=\"rynqvb\">Dygimui reikalinga \u0161viesa, 18-20\u00b0C. S\u0117klas lengvai \u012fspausti\u00a0 \u012f substrat\u0105, bet neu\u017edengti. Vandens reikia nedaug, tik substrato dr\u0117gmei palaikyti. Sudygsta po 7- 14 dien\u0173. D\u0117l geresnio dygimo, s\u0117kl\u0105 rekomenduojama pa\u0161aldyti. S\u0117ti galima ir i\u0161 rudens.<\/span><\/p>\n","protected":false},"excerpt":{"rendered":"<div>Agastache pallidiflora subsp neomexicana<\/div>\n<div><strong>Gamintojas:\u00a0<\/strong>Olandija<\/div>\n<div><strong>Grup\u0117:<\/strong> vienmet\u0117- pasis\u0117ja<\/div>\n<div><strong>Kiekis pakelyje:<\/strong> 30 s\u0117kl\u0173<\/div>\n<div><strong>Auk\u0161tis cm:<\/strong> 30-60<\/div>\n<div><strong>S\u0117ti m\u0117n.:<\/strong> II-IV<\/div>\n<div><strong>Vieta:<\/strong> saul\u0117ta- pusiau pav\u0117sis<\/div>\n<div><strong>Dirva: <\/strong>neutrali, nusausinta<\/div>\n<div><\/div>\n","protected":false},"featured_media":38960,"comment_status":"open","ping_status":"closed","template":"","meta":{"jetpack_publicize_message":"","jetpack_publicize_feature_enabled":true,"jetpack_social_post_already_shared":true,"jetpack_social_options":{"image_generator_settings":{"template":"highway","default_image_id":0,"font":"","enabled":false},"version":2}},"product_brand":[],"product_cat":[237,42,128],"product_tag":[130,129,51],"class_list":{"0":"post-38957","1":"product","2":"type-product","3":"status-publish","4":"has-post-thumbnail","6":"product_cat-kinmetes","7":"product_cat-seklos","8":"product_cat-vienmeciu-geliu-seklos","9":"product_tag-agastache","10":"product_tag-kinmete","11":"product_tag-seklos","12":"product_shipping_class-seklos","14":"first","15":"instock","16":"shipping-taxable","17":"purchasable","18":"product-type-simple"},"jetpack_publicize_connections":[],"jetpack_sharing_enabled":true,"_links":{"self":[{"href":"https:\/\/geliurasa.lt\/index.php\/wp-json\/wp\/v2\/product\/38957","targetHints":{"allow":["GET"]}}],"collection":[{"href":"https:\/\/geliurasa.lt\/index.php\/wp-json\/wp\/v2\/product"}],"about":[{"href":"https:\/\/geliurasa.lt\/index.php\/wp-json\/wp\/v2\/types\/product"}],"replies":[{"embeddable":true,"href":"https:\/\/geliurasa.lt\/index.php\/wp-json\/wp\/v2\/comments?post=38957"}],"wp:featuredmedia":[{"embeddable":true,"href":"https:\/\/geliurasa.lt\/index.php\/wp-json\/wp\/v2\/media\/38960"}],"wp:attachment":[{"href":"https:\/\/geliurasa.lt\/index.php\/wp-json\/wp\/v2\/media?parent=38957"}],"wp:term":[{"taxonomy":"product_brand","embeddable":true,"href":"https:\/\/geliurasa.lt\/index.php\/wp-json\/wp\/v2\/product_brand?post=38957"},{"taxonomy":"product_cat","embeddable":true,"href":"https:\/\/geliurasa.lt\/index.php\/wp-json\/wp\/v2\/product_cat?post=38957"},{"taxonomy":"product_tag","embeddable":true,"href":"https:\/\/geliurasa.lt\/index.php\/wp-json\/wp\/v2\/product_tag?post=38957"}],"curies":[{"name":"wp","href":"https:\/\/api.w.org\/{rel}","templated":true}]}}