{"id":38990,"date":"2024-01-27T00:14:01","date_gmt":"2024-01-26T22:14:01","guid":{"rendered":"https:\/\/geliurasa.lt\/?post_type=product&#038;p=38990"},"modified":"2026-03-18T19:15:50","modified_gmt":"2026-03-18T17:15:50","slug":"hibridine-aubrete-audrey-deep-purple-shades","status":"publish","type":"product","link":"https:\/\/geliurasa.lt\/index.php\/produktas\/hibridine-aubrete-audrey-deep-purple-shades\/","title":{"rendered":"Hibridin\u0117 aubret\u0117 Audrey Deep Purple Shades"},"content":{"rendered":"<p><span class=\"jCAhz ChMk0b\"><span class=\"ryNqvb\">Ankstyva, greitai auganti ry\u0161ki aubret\u0117. Auga kompakti\u0161kai, viename auk\u0161tyje. \u017diedeliai stambesni, nei \u012fprast\u0173 aubre\u010di\u0173. \u017dydi nuo gegu\u017e\u0117s, apie 50 dien\u0173. Dar kart\u0105 \u017eydi ruden\u012f. Per kelis metus i\u0161augina 50 cm ry\u0161kiai violetin\u012f kilim\u0105. \u017diem\u0105 atlaiko &#8211; 25 \u00b0C. S\u0117klos s\u0117jamos pavir\u0161iuje, tik \u012fspaud\u017eiant, dygimui reikalinga \u0161viesa. Dygimas paprastai trunka 14\u201321 dien\u0105, prie 18\u201320 \u00b0C.<\/span><\/span><\/p>\n<p>&nbsp;<\/p>\n","protected":false},"excerpt":{"rendered":"<div>\n<div>Aubrieta hybrida<\/div>\n<div><strong>Gamintojas:\u00a0<\/strong>Olandija<\/div>\n<div><strong>Grup\u0117: <\/strong>daugiamet\u0117<\/div>\n<div><strong>Kiekis pakelyje: <\/strong>15 s\u0117kl\u0173<\/div>\n<div><strong>Auk\u0161tis cm: <\/strong>30<\/div>\n<div><strong>S\u0117ti m\u0117n.:<\/strong> II- V, IX-X<\/div>\n<div><strong>Vieta:<\/strong> saul\u0117ta, dalinis pav\u0117sis<\/div>\n<div><strong>Dirva: <\/strong>neutrali<\/div>\n<\/div>\n<div><\/div>\n","protected":false},"featured_media":38992,"comment_status":"open","ping_status":"closed","template":"","meta":{"jetpack_publicize_message":"","jetpack_publicize_feature_enabled":true,"jetpack_social_post_already_shared":true,"jetpack_social_options":{"image_generator_settings":{"template":"highway","default_image_id":0,"font":"","enabled":false},"version":2}},"product_brand":[],"product_cat":[126,42],"product_tag":[242,52,51],"class_list":{"0":"post-38990","1":"product","2":"type-product","3":"status-publish","4":"has-post-thumbnail","6":"product_cat-daugiameciu-geliu-seklos","7":"product_cat-seklos","8":"product_tag-aubrete","9":"product_tag-seeds","10":"product_tag-seklos","11":"product_shipping_class-seklos","13":"first","14":"instock","15":"shipping-taxable","16":"purchasable","17":"product-type-simple"},"jetpack_publicize_connections":[],"jetpack_sharing_enabled":true,"_links":{"self":[{"href":"https:\/\/geliurasa.lt\/index.php\/wp-json\/wp\/v2\/product\/38990","targetHints":{"allow":["GET"]}}],"collection":[{"href":"https:\/\/geliurasa.lt\/index.php\/wp-json\/wp\/v2\/product"}],"about":[{"href":"https:\/\/geliurasa.lt\/index.php\/wp-json\/wp\/v2\/types\/product"}],"replies":[{"embeddable":true,"href":"https:\/\/geliurasa.lt\/index.php\/wp-json\/wp\/v2\/comments?post=38990"}],"wp:featuredmedia":[{"embeddable":true,"href":"https:\/\/geliurasa.lt\/index.php\/wp-json\/wp\/v2\/media\/38992"}],"wp:attachment":[{"href":"https:\/\/geliurasa.lt\/index.php\/wp-json\/wp\/v2\/media?parent=38990"}],"wp:term":[{"taxonomy":"product_brand","embeddable":true,"href":"https:\/\/geliurasa.lt\/index.php\/wp-json\/wp\/v2\/product_brand?post=38990"},{"taxonomy":"product_cat","embeddable":true,"href":"https:\/\/geliurasa.lt\/index.php\/wp-json\/wp\/v2\/product_cat?post=38990"},{"taxonomy":"product_tag","embeddable":true,"href":"https:\/\/geliurasa.lt\/index.php\/wp-json\/wp\/v2\/product_tag?post=38990"}],"curies":[{"name":"wp","href":"https:\/\/api.w.org\/{rel}","templated":true}]}}