{"id":38991,"date":"2024-01-27T16:56:01","date_gmt":"2024-01-27T14:56:01","guid":{"rendered":"https:\/\/geliurasa.lt\/?post_type=product&#038;p=38991"},"modified":"2026-04-02T10:51:16","modified_gmt":"2026-04-02T07:51:16","slug":"vaistine-medetka-double-lemon","status":"publish","type":"product","link":"https:\/\/geliurasa.lt\/index.php\/produktas\/vaistine-medetka-double-lemon\/","title":{"rendered":"Vaistin\u0117 medetka Double Lemon"},"content":{"rendered":"<p>\u0160i apdovanojimus pelniusi nauja veisl\u0117 turi gra\u017eius \u0161viesiai citrininius, dvigubus arba pusiau dvigubus \u017eiedus su tamsiu centru. I\u0161skirtin\u0117 spalva. Medetkos intensyviai \u017eydi vis\u0105 vasar\u0105. J\u0173 \u017eiedlapiai naudojami\u00a0 maistui \u0161vie\u017ei ar d\u017eiovinti, kaip \u0161afrano pakaitalas. \u017diedais puo\u0161iami desertai, d\u0117l spalvos ir kvapo \u017eiedlapiai dedama \u012f salotas. Medetkos, skinamos vos i\u0161siskleidusios, vazoje laikosi\u00a0 2-4 dienas. Ilgiau laikosi pilnavidur\u0117s.<\/p>\n","protected":false},"excerpt":{"rendered":"<div>\n<div>\n<div>Calendula officinalis<\/div>\n<div><strong>Gamintojas:\u00a0<\/strong>Olandija<\/div>\n<div><strong>Grup\u0117:<\/strong>\u00a0Vienmet\u0117<\/div>\n<div><strong>Kiekis pakelyje:<\/strong> 1g<\/div>\n<div><strong>Auk\u0161tis cm: <\/strong>45<\/div>\n<div><strong>S\u0117ti m\u0117n.:<\/strong> IV-V<\/div>\n<div><strong>Vieta:<\/strong> saul\u0117ta<\/div>\n<\/div>\n<\/div>\n","protected":false},"featured_media":39006,"comment_status":"open","ping_status":"closed","template":"","meta":{"jetpack_publicize_message":"","jetpack_publicize_feature_enabled":true,"jetpack_social_post_already_shared":true,"jetpack_social_options":{"image_generator_settings":{"template":"highway","default_image_id":0,"font":"","enabled":false},"version":2}},"product_brand":[],"product_cat":[111,42,128],"product_tag":[110,109,51],"class_list":{"0":"post-38991","1":"product","2":"type-product","3":"status-publish","4":"has-post-thumbnail","6":"product_cat-medetkos","7":"product_cat-seklos","8":"product_cat-vienmeciu-geliu-seklos","9":"product_tag-calendula","10":"product_tag-medetka","11":"product_tag-seklos","12":"product_shipping_class-seklos","14":"first","15":"instock","16":"shipping-taxable","17":"purchasable","18":"product-type-simple"},"jetpack_publicize_connections":[],"jetpack_sharing_enabled":true,"_links":{"self":[{"href":"https:\/\/geliurasa.lt\/index.php\/wp-json\/wp\/v2\/product\/38991","targetHints":{"allow":["GET"]}}],"collection":[{"href":"https:\/\/geliurasa.lt\/index.php\/wp-json\/wp\/v2\/product"}],"about":[{"href":"https:\/\/geliurasa.lt\/index.php\/wp-json\/wp\/v2\/types\/product"}],"replies":[{"embeddable":true,"href":"https:\/\/geliurasa.lt\/index.php\/wp-json\/wp\/v2\/comments?post=38991"}],"wp:featuredmedia":[{"embeddable":true,"href":"https:\/\/geliurasa.lt\/index.php\/wp-json\/wp\/v2\/media\/39006"}],"wp:attachment":[{"href":"https:\/\/geliurasa.lt\/index.php\/wp-json\/wp\/v2\/media?parent=38991"}],"wp:term":[{"taxonomy":"product_brand","embeddable":true,"href":"https:\/\/geliurasa.lt\/index.php\/wp-json\/wp\/v2\/product_brand?post=38991"},{"taxonomy":"product_cat","embeddable":true,"href":"https:\/\/geliurasa.lt\/index.php\/wp-json\/wp\/v2\/product_cat?post=38991"},{"taxonomy":"product_tag","embeddable":true,"href":"https:\/\/geliurasa.lt\/index.php\/wp-json\/wp\/v2\/product_tag?post=38991"}],"curies":[{"name":"wp","href":"https:\/\/api.w.org\/{rel}","templated":true}]}}