{"id":39089,"date":"2024-02-02T22:38:05","date_gmt":"2024-02-02T20:38:05","guid":{"rendered":"https:\/\/geliurasa.lt\/?post_type=product&#038;p=39089"},"modified":"2026-04-02T17:15:33","modified_gmt":"2026-04-02T14:15:33","slug":"puikioji-gvaizdune-cresto-mix","status":"publish","type":"product","link":"https:\/\/geliurasa.lt\/index.php\/produktas\/puikioji-gvaizdune-cresto-mix\/","title":{"rendered":"Puikioji gvaizd\u016bn\u0117 Cresto! Mix"},"content":{"rendered":"<p>Cresto yra i\u0161skirtin\u0117 ir gra\u017ei, ry\u0161ki\u0173 spalv\u0173 veisl\u0117 su dideliais, dvigubais skiauter\u0117s \u017eiedais. Gvaizd\u016bn\u0117 nereikli g\u0117l\u0117, bet priklausomai nuo klimato s\u0105lyg\u0173 skiriasi \u017eied\u0173 pilnumas. Suformuotiems \u017eiedams reikia pakankamai dr\u0117gm\u0117s, prie\u0161ingu atveju \u017eiedai bus tu\u0161\u010diaviduriai. Norint pailginti \u017eyd\u0117jim\u0105 ir paskatinti \u0161akojim\u0105si, b\u016btina nuskinti vir\u0161\u016bn\u0117l\u0119. S\u0117jama po \u0161aln\u0173 lauke, gegu\u017e\u0119, arba baland\u012f po priedanga. Pas\u0117jus \u0161iltnamyje ar \u012f d\u0117\u017eutes, perkeliant \u012f lauk\u0105, lengvai prigyja. \u017diedai skinami beveik visi\u0161kai subrend\u0119, prie\u0161 pat \u017eiedadulki\u0173 formavim\u0105si.<\/p>\n<p><em>Asmenin\u0117 patirtis:<\/em> pasteb\u0117jau, kad joms patinka dalinis pav\u0117sis. Buvau pasodinus prie auk\u0161t\u0173 saul\u0117gr\u0105\u017e\u0173, joms labai tiko apsauga nuo v\u0117jo ir saul\u0117s, daugiau \u017eyd\u0117jo pilnaviduri\u0173 \u017eied\u0173.<\/p>\n<p>&nbsp;<\/p>\n","protected":false},"excerpt":{"rendered":"<div>\n<div>Zinnia elegans<\/div>\n<div><strong>Gamintojas:\u00a0<\/strong>Olandija<\/div>\n<div><strong>Grup\u0117: <\/strong>vienmet\u0117<\/div>\n<div><strong>Kiekis pakelyje:<\/strong> 0,5g \u2248 80 s\u0117kl\u0173<\/div>\n<div><strong>Auk\u0161tis cm: <\/strong>70<\/div>\n<div><strong>S\u0117ti m\u0117n.:<\/strong> IV-V<\/div>\n<div><strong>Vieta:<\/strong> saul\u0117ta, dr\u0117gmei laidi<\/div>\n<div><strong>Dirva: <\/strong>neutrali<\/div>\n<\/div>\n<div><\/div>\n","protected":false},"featured_media":39094,"comment_status":"open","ping_status":"closed","template":"","meta":{"jetpack_publicize_message":"","jetpack_publicize_feature_enabled":true,"jetpack_social_post_already_shared":true,"jetpack_social_options":{"image_generator_settings":{"template":"highway","default_image_id":0,"font":"","enabled":false},"version":2}},"product_brand":[],"product_cat":[247,128,42],"product_tag":[249,52,51,248],"class_list":{"0":"post-39089","1":"product","2":"type-product","3":"status-publish","4":"has-post-thumbnail","6":"product_cat-gvaizdunes","7":"product_cat-vienmeciu-geliu-seklos","8":"product_cat-seklos","9":"product_tag-gvaizdune","10":"product_tag-seeds","11":"product_tag-seklos","12":"product_tag-zinna","13":"product_shipping_class-seklos","15":"first","16":"instock","17":"sale","18":"shipping-taxable","19":"purchasable","20":"product-type-simple"},"jetpack_publicize_connections":[],"jetpack_sharing_enabled":true,"_links":{"self":[{"href":"https:\/\/geliurasa.lt\/index.php\/wp-json\/wp\/v2\/product\/39089","targetHints":{"allow":["GET"]}}],"collection":[{"href":"https:\/\/geliurasa.lt\/index.php\/wp-json\/wp\/v2\/product"}],"about":[{"href":"https:\/\/geliurasa.lt\/index.php\/wp-json\/wp\/v2\/types\/product"}],"replies":[{"embeddable":true,"href":"https:\/\/geliurasa.lt\/index.php\/wp-json\/wp\/v2\/comments?post=39089"}],"wp:featuredmedia":[{"embeddable":true,"href":"https:\/\/geliurasa.lt\/index.php\/wp-json\/wp\/v2\/media\/39094"}],"wp:attachment":[{"href":"https:\/\/geliurasa.lt\/index.php\/wp-json\/wp\/v2\/media?parent=39089"}],"wp:term":[{"taxonomy":"product_brand","embeddable":true,"href":"https:\/\/geliurasa.lt\/index.php\/wp-json\/wp\/v2\/product_brand?post=39089"},{"taxonomy":"product_cat","embeddable":true,"href":"https:\/\/geliurasa.lt\/index.php\/wp-json\/wp\/v2\/product_cat?post=39089"},{"taxonomy":"product_tag","embeddable":true,"href":"https:\/\/geliurasa.lt\/index.php\/wp-json\/wp\/v2\/product_tag?post=39089"}],"curies":[{"name":"wp","href":"https:\/\/api.w.org\/{rel}","templated":true}]}}