{"id":39103,"date":"2024-02-03T00:26:21","date_gmt":"2024-02-02T22:26:21","guid":{"rendered":"https:\/\/geliurasa.lt\/?post_type=product&#038;p=39103"},"modified":"2026-03-26T16:40:53","modified_gmt":"2026-03-26T14:40:53","slug":"aukstoji-raktazole-crescendo-f1-formula-mix","status":"publish","type":"product","link":"https:\/\/geliurasa.lt\/index.php\/produktas\/aukstoji-raktazole-crescendo-f1-formula-mix\/","title":{"rendered":"Auk\u0161toji rakta\u017eol\u0117 Crescendo f1 formula Mix"},"content":{"rendered":"<div dir=\"ltr\">\n<p>\u00a0Intensyvi\u0173 spalv\u0173 hibridin\u0117 rakta\u017eol\u0117 su pilnomis dideli\u0173 \u017eied\u0173\u00a0 kek\u0117mis, tikra pavasario puo\u0161mena. Itin atspari \u017eiemai, vienodas augimas. Dygsta apie dvi savaites prie 18 \u00b0C. Vengti auk\u0161tesn\u0117s temperat\u016bros nei 18 \u00b0C. S\u0117klas s\u0117ti \u012f gerai nusausint\u0105 terp\u0119, kurioje ma\u017eai maistini\u0173 med\u017eiag\u0173, geriausias pH yra 5,8\u20136,2. Neu\u017edengti labai ma\u017e\u0173 s\u0117kl\u0173, bet lengvai \u012fspausti \u012f \u017eem\u0119. Sudygus laikyti v\u0117sesn\u0117je aplinkoje. Jei nedygsta, d\u0117\u017eut\u0119 su s\u0117klomis, 2 sav. pad\u0117ti \u012f \u0161aldytuv\u0105. Arba prie\u0161 s\u0117jant, s\u0117klas kelias dienas palaikyti \u0161aldiklyje.<\/p>\n<\/div>\n<div class=\"lRu31\" dir=\"ltr\">\n<div id=\"ow1754\"><\/div>\n<\/div>\n<div class=\"UdTY9 WdefRb\" aria-hidden=\"true\" data-location=\"2\"><\/div>\n","protected":false},"excerpt":{"rendered":"<div>\n<div>Primula elatior<\/div>\n<div><strong>Gamintojas:\u00a0<\/strong>Olandija<\/div>\n<div><strong>Grup\u0117: <\/strong>daugiamet\u0117<\/div>\n<div><strong>Kiekis pakelyje:<\/strong> 5 s\u0117klos<\/div>\n<div><strong>Auk\u0161tis cm: <\/strong>25<\/div>\n<div><strong>S\u0117ti m\u0117n.:<\/strong> IV-V<\/div>\n<div><strong>Vieta:<\/strong> saul\u0117ta, dalinis pav\u0117sis<\/div>\n<div><strong>Dirva: <\/strong>neutrali<\/div>\n<div><strong>Klimato zona<\/strong>: 4-7<\/div>\n<\/div>\n<div><\/div>\n","protected":false},"featured_media":39104,"comment_status":"open","ping_status":"closed","template":"","meta":{"jetpack_publicize_message":"","jetpack_publicize_feature_enabled":true,"jetpack_social_post_already_shared":true,"jetpack_social_options":{"image_generator_settings":{"template":"highway","default_image_id":0,"font":"","enabled":false},"version":2}},"product_brand":[],"product_cat":[126,353,99,42],"product_tag":[251,250,52,51],"class_list":{"0":"post-39103","1":"product","2":"type-product","3":"status-publish","4":"has-post-thumbnail","6":"product_cat-daugiameciu-geliu-seklos","7":"product_cat-ivairios","8":"product_cat-naujos-prekes","9":"product_cat-seklos","10":"product_tag-primula","11":"product_tag-raktazole","12":"product_tag-seeds","13":"product_tag-seklos","14":"product_shipping_class-seklos","16":"first","17":"instock","18":"shipping-taxable","19":"purchasable","20":"product-type-simple"},"jetpack_publicize_connections":[],"jetpack_sharing_enabled":true,"_links":{"self":[{"href":"https:\/\/geliurasa.lt\/index.php\/wp-json\/wp\/v2\/product\/39103","targetHints":{"allow":["GET"]}}],"collection":[{"href":"https:\/\/geliurasa.lt\/index.php\/wp-json\/wp\/v2\/product"}],"about":[{"href":"https:\/\/geliurasa.lt\/index.php\/wp-json\/wp\/v2\/types\/product"}],"replies":[{"embeddable":true,"href":"https:\/\/geliurasa.lt\/index.php\/wp-json\/wp\/v2\/comments?post=39103"}],"wp:featuredmedia":[{"embeddable":true,"href":"https:\/\/geliurasa.lt\/index.php\/wp-json\/wp\/v2\/media\/39104"}],"wp:attachment":[{"href":"https:\/\/geliurasa.lt\/index.php\/wp-json\/wp\/v2\/media?parent=39103"}],"wp:term":[{"taxonomy":"product_brand","embeddable":true,"href":"https:\/\/geliurasa.lt\/index.php\/wp-json\/wp\/v2\/product_brand?post=39103"},{"taxonomy":"product_cat","embeddable":true,"href":"https:\/\/geliurasa.lt\/index.php\/wp-json\/wp\/v2\/product_cat?post=39103"},{"taxonomy":"product_tag","embeddable":true,"href":"https:\/\/geliurasa.lt\/index.php\/wp-json\/wp\/v2\/product_tag?post=39103"}],"curies":[{"name":"wp","href":"https:\/\/api.w.org\/{rel}","templated":true}]}}