{"id":39123,"date":"2024-02-04T13:22:58","date_gmt":"2024-02-04T11:22:58","guid":{"rendered":"https:\/\/geliurasa.lt\/?post_type=product&#038;p=39123"},"modified":"2026-04-02T17:15:33","modified_gmt":"2026-04-02T14:15:33","slug":"uodeguotasis-burnotis-muse-green-pearls","status":"publish","type":"product","link":"https:\/\/geliurasa.lt\/index.php\/produktas\/uodeguotasis-burnotis-muse-green-pearls\/","title":{"rendered":"Uodeguotasis burnotis Muse Green Pearls"},"content":{"rendered":"<p>\u012edomios \u0161io burno\u010dio kaban\u010dios salotin\u0117s virvel\u0117s su dailiais pomponiukais. Puikus g\u0117lyne, puok\u0161t\u0117je, floristikos kompozicijose, d\u017eiovinimui. S\u0117klos s\u0117jamos pra\u0117jus \u0161aln\u0173 pavojui. Galima s\u0117ti tiesiai \u012f auginimo viet\u0105, paskui i\u0161retinti. Norint ank\u0161\u010diau tur\u0117ti, u\u017etenka pasis\u0117ti \u0161iltnamyje ir pra\u0117jus \u0161aln\u0173 pavojui persodinti. Jie labai greitai auga, lengvai prigyja, tikrai neverta anksti s\u0117ti. Dirvo\u017eemiui nereikl\u016bs augalai. Kai daigeliai pasiekia apie 20-25 cm auk\u0161t\u012f, galima nugnybti vir\u0161\u016bn\u0117l\u0119, kad daugiau \u0161akot\u0173si. Taip augalas bus \u017eemesnis ir koteli\u0173\u00a0 plonumas labiau tiks skynimui.<\/p>\n<p>Merkimui skinamas kai sutvirt\u0117ja, bet s\u0117klos\u00a0 iki galo dar nesubrendusios. Vysta, kai nuskinami per anksti. Lapai nuskinami beveik visi. Vazoje laikosi 7-10 dien\u0173. Jei storesni kotai, galima kot\u0173 galus sumink\u0161tinti kar\u0161tame vandenyje. Taip atsidaro augalo poros \u012fman\u010dios vanden\u012f.<\/p>\n<p>&nbsp;<\/p>\n","protected":false},"excerpt":{"rendered":"<div>Amaranthus caudatus<\/div>\n<div><strong>Gamintojas: <\/strong>Olandija<\/div>\n<div><strong>Grup\u0117:<\/strong> Vienmet\u0117 &#8211; sausa\u017eied\u0117<\/div>\n<div><strong>Kiekis pakelyje:<\/strong> 0,5g<\/div>\n<div><strong>Auk\u0161tis cm:<\/strong> 100<\/div>\n<div><strong>S\u0117ti m\u0117n.:<\/strong> III , lauke IV-V<\/div>\n","protected":false},"featured_media":39128,"comment_status":"open","ping_status":"closed","template":"","meta":{"jetpack_publicize_message":"","jetpack_publicize_feature_enabled":true,"jetpack_social_post_already_shared":true,"jetpack_social_options":{"image_generator_settings":{"template":"highway","default_image_id":0,"font":"","enabled":false},"version":2}},"product_brand":[],"product_cat":[102,99,128,42],"product_tag":[104,103,52,51],"class_list":{"0":"post-39123","1":"product","2":"type-product","3":"status-publish","4":"has-post-thumbnail","6":"product_cat-burnotis","7":"product_cat-naujos-prekes","8":"product_cat-vienmeciu-geliu-seklos","9":"product_cat-seklos","10":"product_tag-amaranthus","11":"product_tag-burnotis","12":"product_tag-seeds","13":"product_tag-seklos","14":"product_shipping_class-seklos","16":"first","17":"instock","18":"shipping-taxable","19":"purchasable","20":"product-type-simple"},"jetpack_publicize_connections":[],"jetpack_sharing_enabled":true,"_links":{"self":[{"href":"https:\/\/geliurasa.lt\/index.php\/wp-json\/wp\/v2\/product\/39123","targetHints":{"allow":["GET"]}}],"collection":[{"href":"https:\/\/geliurasa.lt\/index.php\/wp-json\/wp\/v2\/product"}],"about":[{"href":"https:\/\/geliurasa.lt\/index.php\/wp-json\/wp\/v2\/types\/product"}],"replies":[{"embeddable":true,"href":"https:\/\/geliurasa.lt\/index.php\/wp-json\/wp\/v2\/comments?post=39123"}],"wp:featuredmedia":[{"embeddable":true,"href":"https:\/\/geliurasa.lt\/index.php\/wp-json\/wp\/v2\/media\/39128"}],"wp:attachment":[{"href":"https:\/\/geliurasa.lt\/index.php\/wp-json\/wp\/v2\/media?parent=39123"}],"wp:term":[{"taxonomy":"product_brand","embeddable":true,"href":"https:\/\/geliurasa.lt\/index.php\/wp-json\/wp\/v2\/product_brand?post=39123"},{"taxonomy":"product_cat","embeddable":true,"href":"https:\/\/geliurasa.lt\/index.php\/wp-json\/wp\/v2\/product_cat?post=39123"},{"taxonomy":"product_tag","embeddable":true,"href":"https:\/\/geliurasa.lt\/index.php\/wp-json\/wp\/v2\/product_tag?post=39123"}],"curies":[{"name":"wp","href":"https:\/\/api.w.org\/{rel}","templated":true}]}}