{"id":39147,"date":"2024-02-05T22:36:53","date_gmt":"2024-02-05T20:36:53","guid":{"rendered":"https:\/\/geliurasa.lt\/?post_type=product&#038;p=39147"},"modified":"2026-04-05T18:47:19","modified_gmt":"2026-04-05T15:47:19","slug":"dekoratyviniai-puosnieji-kopustai-condor-white-f1","status":"publish","type":"product","link":"https:\/\/geliurasa.lt\/index.php\/produktas\/dekoratyviniai-puosnieji-kopustai-condor-white-f1\/","title":{"rendered":"Dekoratyviniai puo\u0161nieji kop\u016bstai Condor white F1"},"content":{"rendered":"<p>Condor kop\u016bst\u0173 veisl\u0117 i\u0161vesta skynimui. Tvirta, stiebai ties\u016bs. Vidurys kreminis su ro\u017einiais \u0161velni\u0173 atspalvi\u0173 \u017eiedlapiais. Puikiai tinkanti ir g\u0117lynams.<\/p>\n<p>S\u0117klos s\u0117jamos po danga: III-IV, arba tiesiai \u012f lysv\u0119: IV-V, persodinamos: V-VI,\u00a0 \u017dydi: X-X.<\/p>\n","protected":false},"excerpt":{"rendered":"<div>Brassica oleracea<\/div>\n<div><strong>Gamintojas:\u00a0<\/strong>Olandija<\/div>\n<div><strong>Grup\u0117<\/strong>: vienmet\u0117<\/div>\n<div><strong>Kiekis pakelyje:<\/strong> 20 s\u0117kl\u0173<\/div>\n<div><strong>Auk\u0161tis cm:<\/strong>60-70<\/div>\n<div><strong>S\u0117ti m\u0117n.:<\/strong> IV\u2013VI lauke<\/div>\n<div><strong>Vieta:<\/strong> saul\u0117ta<\/div>\n<div><strong>Dirva: <\/strong>derlinga, dr\u0117gna<\/div>\n<div><\/div>\n","protected":false},"featured_media":39152,"comment_status":"open","ping_status":"closed","template":"","meta":{"jetpack_publicize_message":"","jetpack_publicize_feature_enabled":true,"jetpack_social_post_already_shared":true,"jetpack_social_options":{"image_generator_settings":{"template":"highway","default_image_id":0,"font":"","enabled":false},"version":2}},"product_brand":[],"product_cat":[99,300,128,42],"product_tag":[254,148,52,51,317],"class_list":{"0":"post-39147","1":"product","2":"type-product","3":"status-publish","4":"has-post-thumbnail","6":"product_cat-naujos-prekes","7":"product_cat-puosnieji-kopustai","8":"product_cat-vienmeciu-geliu-seklos","9":"product_cat-seklos","10":"product_tag-brassica","11":"product_tag-kopustas","12":"product_tag-seeds","13":"product_tag-seklos","14":"product_tag-skynimas","15":"product_shipping_class-seklos","17":"first","18":"outofstock","19":"shipping-taxable","20":"purchasable","21":"product-type-simple"},"jetpack_publicize_connections":[],"jetpack_sharing_enabled":true,"_links":{"self":[{"href":"https:\/\/geliurasa.lt\/index.php\/wp-json\/wp\/v2\/product\/39147","targetHints":{"allow":["GET"]}}],"collection":[{"href":"https:\/\/geliurasa.lt\/index.php\/wp-json\/wp\/v2\/product"}],"about":[{"href":"https:\/\/geliurasa.lt\/index.php\/wp-json\/wp\/v2\/types\/product"}],"replies":[{"embeddable":true,"href":"https:\/\/geliurasa.lt\/index.php\/wp-json\/wp\/v2\/comments?post=39147"}],"wp:featuredmedia":[{"embeddable":true,"href":"https:\/\/geliurasa.lt\/index.php\/wp-json\/wp\/v2\/media\/39152"}],"wp:attachment":[{"href":"https:\/\/geliurasa.lt\/index.php\/wp-json\/wp\/v2\/media?parent=39147"}],"wp:term":[{"taxonomy":"product_brand","embeddable":true,"href":"https:\/\/geliurasa.lt\/index.php\/wp-json\/wp\/v2\/product_brand?post=39147"},{"taxonomy":"product_cat","embeddable":true,"href":"https:\/\/geliurasa.lt\/index.php\/wp-json\/wp\/v2\/product_cat?post=39147"},{"taxonomy":"product_tag","embeddable":true,"href":"https:\/\/geliurasa.lt\/index.php\/wp-json\/wp\/v2\/product_tag?post=39147"}],"curies":[{"name":"wp","href":"https:\/\/api.w.org\/{rel}","templated":true}]}}