{"id":39166,"date":"2024-02-06T13:26:15","date_gmt":"2024-02-06T11:26:15","guid":{"rendered":"https:\/\/geliurasa.lt\/?post_type=product&#038;p=39166"},"modified":"2026-04-26T17:32:27","modified_gmt":"2026-04-26T14:32:27","slug":"paprastoji-kraujazole-flowerburst-fruitbowl-2024-naujiena","status":"publish","type":"product","link":"https:\/\/geliurasa.lt\/index.php\/produktas\/paprastoji-kraujazole-flowerburst-fruitbowl-2024-naujiena\/","title":{"rendered":"Paprastoji krauja\u017eol\u0117 Flowerburst Fruitbowl"},"content":{"rendered":"<p>\u0160\u012f vaisi\u0173 mi\u0161in\u012f sudaro keletas skirting\u0173 abrikos\u0173 atspalvi\u0173, sodraus raudono vyno, \u012fvair\u016bs tams\u016bs ir \u0161vies\u016bs ro\u017einiai bei alyviniai atspalviai, geltoni nuo \u0161viesiausi\u0173 iki tamsiausi\u0173 spalv\u0173.<\/p>\n<p>Krauja\u017eol\u0117s per sezon\u0105 \u017eydi du kartus &#8211; per Jonines ir nupjovus nu\u017eyd\u0117jusius, rugs\u0117j\u012f. Auga gra\u017eiais kereliais, nesiple\u010dia. Kas keturis metus galima i\u0161skirstyti ar persodinti. Ry\u0161ki, prie\u017ei\u016bros nereikalaujanti g\u0117l\u0117, viena i\u0161 mano m\u0117gstamiausi\u0173. Merkimui skinu tik subrendusius \u017eiedus, kai \u0161iek tiek i\u0161blunka j\u0173 ry\u0161ki spalva, o smulk\u016bs \u017eiedeliai visi\u0161kai i\u0161siskleid\u0119. Nuskinu visus lapus ir dar \u0161alia esan\u010dius nei\u0161siskleidusius \u017eiedynus. Dar galima 10 sekund\u017ei\u0173 kot\u0173 galiukus palaikyti\u00a0 kar\u0161tame vandenyje. \u017diedynai tinkami ir d\u017eiovinimui, skinami dar labiau subrend\u0119, kai jau visas \u017eiedynas i\u0161siskleid\u0119s.<\/p>\n<p><span class=\"jCAhz ChMk0b\"><span class=\"ryNqvb\">Pasis\u0117jus namie, dar \u0161iais metais, ruden\u012f sulauksite \u017eied\u0173. D\u0117l greitesnio dygimo, s\u0117kloms reikalingas \u0161altasis periodas, 1-2 savaites.\u00a0 Pavir\u0161inis s\u0117jamas ant dr\u0117gno gerai nusausinto\u00a0 komposto.<\/span><\/span> <span class=\"jCAhz ChMk0b\"><span class=\"ryNqvb\">Neu\u017edengti s\u0117kl\u0173, nes \u0161viesa padeda dygti.<\/span><\/span> Galima s\u0117klas padengti plonu vermikulito sluoksniu. Dygsta<span class=\"jCAhz ChMk0b\"><span class=\"ryNqvb\"> \u0161iltoje 18-25\u00b0C temperat\u016broje. Geriau laistyti i\u0161 apa\u010dios,<\/span><\/span> l<span class=\"jCAhz ChMk0b\"><span class=\"ryNqvb\">aikyti dr\u0117gnai, bet ne \u0161lapiai.<\/span><\/span> <span class=\"jCAhz ChMk0b\"><span class=\"ryNqvb\">Dygimas trunka 5-10 dien\u0173.<\/span><\/span> Pavasar\u012f, p<span class=\"jCAhz ChMk0b\"><span class=\"ryNqvb\">asibaigus \u0161aln\u0173 pavojui, galima s\u0117ti lauke, ir s\u0117ti vis\u0105 ruden\u012f iki lapkri\u010dio.<\/span><\/span><\/p>\n<p>&nbsp;<\/p>\n<p>&nbsp;<\/p>\n","protected":false},"excerpt":{"rendered":"<div>\n<h4>2024 naujiena<\/h4>\n<div>Achillea millefolium<\/div>\n<div><strong>Gamintojas:\u00a0<\/strong>Olandija<\/div>\n<div><strong>Grup\u0117: <\/strong>daugiamet\u0117<\/div>\n<div><strong>Kiekis pakelyje:<\/strong> 20 s\u0117kl\u0173<\/div>\n<div><strong>Auk\u0161tis cm:<\/strong> 70-75<\/div>\n<div><strong>S\u0117ti m\u0117n.: <\/strong>II- IV, lauke V, VIII-XI<\/div>\n<div><strong>Vieta:<\/strong> saul\u0117ta, dalinis pav\u0117sis<\/div>\n<div><strong>Dirva:<\/strong> laidi dr\u0117gmei<\/div>\n<\/div>\n<div><strong>\u017diemojimo zona: 3<\/strong>a-8b<\/div>\n","protected":false},"featured_media":39172,"comment_status":"open","ping_status":"closed","template":"","meta":{"jetpack_publicize_message":"","jetpack_publicize_feature_enabled":true,"jetpack_social_post_already_shared":true,"jetpack_social_options":{"image_generator_settings":{"template":"highway","default_image_id":0,"font":"","enabled":false},"version":2}},"product_brand":[],"product_cat":[126,303,42],"product_tag":[176,177,52,51],"class_list":{"0":"post-39166","1":"product","2":"type-product","3":"status-publish","4":"has-post-thumbnail","6":"product_cat-daugiameciu-geliu-seklos","7":"product_cat-kraujazoles","8":"product_cat-seklos","9":"product_tag-achillea","10":"product_tag-kraujazole","11":"product_tag-seeds","12":"product_tag-seklos","13":"product_shipping_class-seklos","15":"first","16":"instock","17":"shipping-taxable","18":"purchasable","19":"product-type-simple"},"jetpack_publicize_connections":[],"jetpack_sharing_enabled":true,"_links":{"self":[{"href":"https:\/\/geliurasa.lt\/index.php\/wp-json\/wp\/v2\/product\/39166","targetHints":{"allow":["GET"]}}],"collection":[{"href":"https:\/\/geliurasa.lt\/index.php\/wp-json\/wp\/v2\/product"}],"about":[{"href":"https:\/\/geliurasa.lt\/index.php\/wp-json\/wp\/v2\/types\/product"}],"replies":[{"embeddable":true,"href":"https:\/\/geliurasa.lt\/index.php\/wp-json\/wp\/v2\/comments?post=39166"}],"wp:featuredmedia":[{"embeddable":true,"href":"https:\/\/geliurasa.lt\/index.php\/wp-json\/wp\/v2\/media\/39172"}],"wp:attachment":[{"href":"https:\/\/geliurasa.lt\/index.php\/wp-json\/wp\/v2\/media?parent=39166"}],"wp:term":[{"taxonomy":"product_brand","embeddable":true,"href":"https:\/\/geliurasa.lt\/index.php\/wp-json\/wp\/v2\/product_brand?post=39166"},{"taxonomy":"product_cat","embeddable":true,"href":"https:\/\/geliurasa.lt\/index.php\/wp-json\/wp\/v2\/product_cat?post=39166"},{"taxonomy":"product_tag","embeddable":true,"href":"https:\/\/geliurasa.lt\/index.php\/wp-json\/wp\/v2\/product_tag?post=39166"}],"curies":[{"name":"wp","href":"https:\/\/api.w.org\/{rel}","templated":true}]}}